{"id":1376,"date":"2021-04-21T10:26:42","date_gmt":"2021-04-21T08:26:42","guid":{"rendered":"https:\/\/www.novadi.fr\/page-d-exemple\/"},"modified":"2022-05-20T09:28:50","modified_gmt":"2022-05-20T07:28:50","slug":"page-d-exemple","status":"publish","type":"page","link":"https:\/\/www.novadi.fr\/en\/","title":{"rendered":"Novadi"},"content":{"rendered":"<div class=\"wpb-content-wrapper\"><p>[vc_row full_height=&#8221;yes&#8221; bg_type=&#8221;bg_color&#8221; bg_override=&#8221;full&#8221; ult_hide_row=&#8221;ult_hide_row_value&#8221; ult_hide_row_tablet_small=&#8221;xs_tablet&#8221; ult_hide_row_mobile=&#8221;mobile&#8221; bg_color_value=&#8221;#ffffff&#8221; css=&#8221;.vc_custom_1633603762382{margin-top: 0px !important;padding-top: 0px !important;}&#8221;][vc_column css=&#8221;.vc_custom_1633603641741{margin-top: 0px !important;padding-top: 0px !important;}&#8221; offset=&#8221;vc_hidden-sm vc_hidden-xs&#8221;]\n\t\t\t<!-- START Slider EN REVOLUTION SLIDER 6.7.40 --><p class=\"rs-p-wp-fix\"><\/p>\n\t\t\t<rs-module-wrap id=\"rev_slider_2_1_wrapper\" data-source=\"gallery\" style=\"visibility:hidden;background:transparent;padding:0;\">\n\t\t\t\t<rs-module id=\"rev_slider_2_1\" style=\"\" data-version=\"6.7.40\">\n\t\t\t\t\t<rs-slides style=\"overflow: hidden; position: absolute;\">\n\t\t\t\t\t\t<rs-slide style=\"position: absolute;\" data-key=\"rs-6\" data-title=\"Slide\" data-anim=\"adpr:false;f:center;\" data-in=\"o:0;sx:1.1;sy:1.1;m:true;row:30;col:30;\" data-out=\"a:false;\">\n\t\t\t\t\t\t\t<img decoding=\"async\" src=\"\/\/www.novadi.fr\/wp-content\/plugins\/revslider\/sr6\/assets\/assets\/dummy.png\" alt=\"\" title=\"AG2105029-NOVADI &#8211; slide1-new\" width=\"1366\" height=\"768\" class=\"rev-slidebg tp-rs-img rs-lazyload\" data-lazyload=\"\/\/www.novadi.fr\/wp-content\/uploads\/2021\/06\/AG2105029-NOVADI-slide1-new.jpg\" data-no-retina>\n<!--\n\t\t\t\t\t\t\t--><rs-layer\n\t\t\t\t\t\t\t\tid=\"slider-2-slide-6-layer-0\" \n\t\t\t\t\t\t\t\tdata-type=\"text\"\n\t\t\t\t\t\t\t\tdata-color=\"#ffffff\"\n\t\t\t\t\t\t\t\tdata-rsp_ch=\"on\"\n\t\t\t\t\t\t\t\tdata-xy=\"x:r;xo:78px;y:c;yo:-67px;\"\n\t\t\t\t\t\t\t\tdata-text=\"w:normal;s:25;l:32;\"\n\t\t\t\t\t\t\t\tdata-dim=\"w:400px;h:400px;\"\n\t\t\t\t\t\t\t\tdata-frame_999=\"o:0;st:w;sR:5700;\"\n\t\t\t\t\t\t\t\tstyle=\"z-index:5;font-family:'Montserrat';p {text-align:center;\"\n\t\t\t\t\t\t\t>[vc_row css=\".vc_custom_1632406823909{margin-top: 0px !important;margin-right: 0px !important;margin-bottom: 0px !important;margin-left: 0px !important;padding-top: 0px !important;padding-right: 0px !important;padding-bottom: 0px !important;padding-left: 0px !important;}\"][vc_column el_class=\"hexagon\" css=\".vc_custom_1623321877361{margin: 0px !important;padding: 0px !important;}\"][vc_column_text css=\".vc_custom_1642507108903{margin-top: 0px !important;margin-right: 0px !important;margin-bottom: 0px !important;margin-left: 0px !important;padding-top: 0px !important;padding-right: 0px !important;padding-bottom: 0px !important;padding-left: 0px !important;}\" el_class=\"rilo-text-hexa\"]<img decoding=\"async\" class=\"alignnone wp-image-1093\" src=\"https:\/\/www.novadi.fr\/wp-content\/uploads\/2021\/06\/ILLU-2-300x201.png\" alt=\"\" width=\"200\" height=\"134\" srcset=\"https:\/\/www.novadi.fr\/wp-content\/uploads\/2021\/06\/ILLU-2-300x201.png 300w, https:\/\/www.novadi.fr\/wp-content\/uploads\/2021\/06\/ILLU-2-1024x685.png 1024w, https:\/\/www.novadi.fr\/wp-content\/uploads\/2021\/06\/ILLU-2-768x514.png 768w, https:\/\/www.novadi.fr\/wp-content\/uploads\/2021\/06\/ILLU-2-200x134.png 200w, https:\/\/www.novadi.fr\/wp-content\/uploads\/2021\/06\/ILLU-2-1536x1027.png 1536w, https:\/\/www.novadi.fr\/wp-content\/uploads\/2021\/06\/ILLU-2.png 1920w\" sizes=\"(max-width: 200px) 100vw, 200px\" \/>\r\n<p style=\"text-align: center;\"><strong>LET\u2019S IMAGINE TOMORROW\u2019S<\/strong>\r\n<span style=\"color: #7aa63d;\"><strong>APPLES TOGETHER<\/strong><\/span><\/p>\r\n[\/vc_column_text][\/vc_column][\/vc_row]<style type=\"text\/css\" data-type=\"vc_shortcodes-custom-css\">.vc_custom_1632406823909{margin-top: 0px !important;margin-right: 0px !important;margin-bottom: 0px !important;margin-left: 0px !important;padding-top: 0px !important;padding-right: 0px !important;padding-bottom: 0px !important;padding-left: 0px !important;}.vc_custom_1623321877361{margin: 0px !important;padding: 0px !important;}.vc_custom_1626875790399{margin-top: 0px !important;margin-right: 0px !important;margin-bottom: 0px !important;margin-left: 0px !important;padding-top: 0px !important;padding-right: 0px !important;padding-bottom: 0px !important;padding-left: 0px !important;}<\/style> \n\t\t\t\t\t\t\t<\/rs-layer><!--\n\n\t\t\t\t\t\t\t--><rs-layer\n\t\t\t\t\t\t\t\tid=\"slider-2-slide-6-layer-1\" \n\t\t\t\t\t\t\t\tdata-type=\"text\"\n\t\t\t\t\t\t\t\tdata-color=\"#ffffff\"\n\t\t\t\t\t\t\t\tdata-rsp_ch=\"on\"\n\t\t\t\t\t\t\t\tdata-xy=\"x:50px;y:50px;\"\n\t\t\t\t\t\t\t\tdata-text=\"w:normal;\"\n\t\t\t\t\t\t\t\tdata-frame_999=\"o:0;st:4500;sR:4200;\"\n\t\t\t\t\t\t\t\tstyle=\"z-index:6;font-family:'Roboto';\"\n\t\t\t\t\t\t\t>New Layer \n\t\t\t\t\t\t\t<\/rs-layer><!--\n\n\t\t\t\t\t\t\t--><rs-layer\n\t\t\t\t\t\t\t\tid=\"slider-2-slide-6-layer-4\" \n\t\t\t\t\t\t\t\tdata-type=\"object\"\n\t\t\t\t\t\t\t\tdata-rsp_ch=\"on\"\n\t\t\t\t\t\t\t\tdata-xy=\"x:50px;y:50px;\"\n\t\t\t\t\t\t\t\tdata-text=\"w:normal;\"\n\t\t\t\t\t\t\t\tdata-frame_999=\"o:0;st:4500;sR:4200;\"\n\t\t\t\t\t\t\t\tstyle=\"z-index:8;font-family:'Roboto';\"\n\t\t\t\t\t\t\t> \n\t\t\t\t\t\t\t<\/rs-layer><!--\n-->\t\t\t\t\t<\/rs-slide>\n\t\t\t\t\t\t<rs-slide style=\"position: absolute;\" data-key=\"rs-4\" data-title=\"Slide\" data-anim=\"adpr:false;f:center;\" data-in=\"o:0;sx:1.1;sy:1.1;m:true;row:30;col:30;\" data-out=\"a:false;\">\n\t\t\t\t\t\t\t<img decoding=\"async\" src=\"\/\/www.novadi.fr\/wp-content\/plugins\/revslider\/sr6\/assets\/assets\/dummy.png\" alt=\"\" title=\"NOVADI Obtenteur de vari\u00e9t\u00e9s de pomme\" width=\"1366\" height=\"768\" class=\"rev-slidebg tp-rs-img rs-lazyload\" data-lazyload=\"\/\/www.novadi.fr\/wp-content\/uploads\/2021\/07\/NOVADI-Obtenteur-de-varietes-de-pomme.jpg\" data-no-retina>\n<!--\n\t\t\t\t\t\t\t--><rs-layer\n\t\t\t\t\t\t\t\tid=\"slider-2-slide-4-layer-0\" \n\t\t\t\t\t\t\t\tdata-type=\"text\"\n\t\t\t\t\t\t\t\tdata-color=\"#ffffff\"\n\t\t\t\t\t\t\t\tdata-rsp_ch=\"on\"\n\t\t\t\t\t\t\t\tdata-xy=\"x:r;xo:78px;y:c;yo:-67px;\"\n\t\t\t\t\t\t\t\tdata-text=\"w:normal;\"\n\t\t\t\t\t\t\t\tdata-dim=\"w:400px;h:400px;\"\n\t\t\t\t\t\t\t\tdata-frame_999=\"o:0;st:w;sR:5700;\"\n\t\t\t\t\t\t\t\tstyle=\"z-index:5;font-family:'Montserrat';p {text-align:center;\"\n\t\t\t\t\t\t\t>[vc_row css=\".vc_custom_1623321891093{margin: 0px !important;padding: 0px !important;}\"][vc_column el_class=\"hexagon\" css=\".vc_custom_1623321877361{margin: 0px !important;padding: 0px !important;}\"][vc_column_text css=\".vc_custom_1642508294341{margin-top: 0px !important;margin-right: 0px !important;margin-bottom: 0px !important;margin-left: 0px !important;padding-top: 0px !important;padding-right: 0px !important;padding-bottom: 0px !important;padding-left: 0px !important;}\" el_class=\"rilo-text-hexa\"]<img decoding=\"async\" class=\"aligncenter wp-image-1093\" src=\"https:\/\/www.novadi.fr\/wp-content\/uploads\/2021\/06\/ILLU-2-300x201.png\" alt=\"\" width=\"150\" height=\"100\" srcset=\"https:\/\/www.novadi.fr\/wp-content\/uploads\/2021\/06\/ILLU-2-300x201.png 300w, https:\/\/www.novadi.fr\/wp-content\/uploads\/2021\/06\/ILLU-2-1024x685.png 1024w, https:\/\/www.novadi.fr\/wp-content\/uploads\/2021\/06\/ILLU-2-768x514.png 768w, https:\/\/www.novadi.fr\/wp-content\/uploads\/2021\/06\/ILLU-2-200x134.png 200w, https:\/\/www.novadi.fr\/wp-content\/uploads\/2021\/06\/ILLU-2-1536x1027.png 1536w, https:\/\/www.novadi.fr\/wp-content\/uploads\/2021\/06\/ILLU-2.png 1920w\" sizes=\"(max-width: 150px) 100vw, 150px\" \/>\r\n<p style=\"text-align: center;\"><strong>Breeder of varieties\r\nnaturally resistant\r\nto pests and diseases\r\nin collaboration with <\/strong><img decoding=\"async\" class=\"inrae-slide alignnone wp-image-1096\" src=\"https:\/\/www.novadi.fr\/wp-content\/uploads\/2021\/06\/logo-INRAE-1-300x75.png\" alt=\"\" width=\"60\" height=\"15\" srcset=\"https:\/\/www.novadi.fr\/wp-content\/uploads\/2021\/06\/logo-INRAE-1-300x75.png 300w, https:\/\/www.novadi.fr\/wp-content\/uploads\/2021\/06\/logo-INRAE-1-1024x255.png 1024w, https:\/\/www.novadi.fr\/wp-content\/uploads\/2021\/06\/logo-INRAE-1-768x192.png 768w, https:\/\/www.novadi.fr\/wp-content\/uploads\/2021\/06\/logo-INRAE-1-200x50.png 200w, https:\/\/www.novadi.fr\/wp-content\/uploads\/2021\/06\/logo-INRAE-1-1536x383.png 1536w, https:\/\/www.novadi.fr\/wp-content\/uploads\/2021\/06\/logo-INRAE-1.png 1684w\" sizes=\"(max-width: 60px) 100vw, 60px\" \/><\/p>\r\n[\/vc_column_text][\/vc_column][\/vc_row]<style type=\"text\/css\" data-type=\"vc_shortcodes-custom-css\">.vc_custom_1623321891093{margin: 0px !important;padding: 0px !important;}.vc_custom_1623321877361{margin: 0px !important;padding: 0px !important;}.vc_custom_1642509575088{margin-top: 0px !important;margin-right: 0px !important;margin-bottom: 0px !important;margin-left: 0px !important;padding-top: 0px !important;padding-right: 0px !important;padding-bottom: 0px !important;padding-left: 0px !important;}<\/style> \n\t\t\t\t\t\t\t<\/rs-layer><!--\n\n\t\t\t\t\t\t\t--><rs-layer\n\t\t\t\t\t\t\t\tid=\"slider-2-slide-4-layer-1\" \n\t\t\t\t\t\t\t\tdata-type=\"text\"\n\t\t\t\t\t\t\t\tdata-color=\"#ffffff\"\n\t\t\t\t\t\t\t\tdata-rsp_ch=\"on\"\n\t\t\t\t\t\t\t\tdata-xy=\"x:50px;y:50px;\"\n\t\t\t\t\t\t\t\tdata-text=\"w:normal;\"\n\t\t\t\t\t\t\t\tdata-frame_999=\"o:0;st:4500;sR:4200;\"\n\t\t\t\t\t\t\t\tstyle=\"z-index:6;font-family:'Roboto';\"\n\t\t\t\t\t\t\t>New Layer \n\t\t\t\t\t\t\t<\/rs-layer><!--\n\n\t\t\t\t\t\t\t--><rs-layer\n\t\t\t\t\t\t\t\tid=\"slider-2-slide-4-layer-4\" \n\t\t\t\t\t\t\t\tdata-type=\"object\"\n\t\t\t\t\t\t\t\tdata-rsp_ch=\"on\"\n\t\t\t\t\t\t\t\tdata-xy=\"x:50px;y:50px;\"\n\t\t\t\t\t\t\t\tdata-text=\"w:normal;\"\n\t\t\t\t\t\t\t\tdata-frame_999=\"o:0;st:4500;sR:4200;\"\n\t\t\t\t\t\t\t\tstyle=\"z-index:8;font-family:'Roboto';\"\n\t\t\t\t\t\t\t> \n\t\t\t\t\t\t\t<\/rs-layer><!--\n-->\t\t\t\t\t<\/rs-slide>\n\t\t\t\t\t\t<rs-slide style=\"position: absolute;\" data-key=\"rs-5\" data-title=\"Slide\" data-anim=\"adpr:false;f:center;\" data-in=\"o:0;sx:1.1;sy:1.1;m:true;row:30;col:30;\" data-out=\"a:false;\">\n\t\t\t\t\t\t\t<img decoding=\"async\" src=\"\/\/www.novadi.fr\/wp-content\/plugins\/revslider\/sr6\/assets\/assets\/dummy.png\" alt=\"\" title=\"NOVADI \u00e9diteur de pommes \u00e0 l&#8217;international\" width=\"1366\" height=\"768\" class=\"rev-slidebg tp-rs-img rs-lazyload\" data-lazyload=\"\/\/www.novadi.fr\/wp-content\/uploads\/2021\/07\/NOVADI-editeur-de-pommes-a-linternational.jpg\" data-no-retina>\n<!--\n\t\t\t\t\t\t\t--><rs-layer\n\t\t\t\t\t\t\t\tid=\"slider-2-slide-5-layer-0\" \n\t\t\t\t\t\t\t\tdata-type=\"text\"\n\t\t\t\t\t\t\t\tdata-color=\"#ffffff\"\n\t\t\t\t\t\t\t\tdata-rsp_ch=\"on\"\n\t\t\t\t\t\t\t\tdata-xy=\"x:r;xo:78px;y:c;yo:-67px;\"\n\t\t\t\t\t\t\t\tdata-text=\"w:normal;\"\n\t\t\t\t\t\t\t\tdata-dim=\"w:400px;h:400px;\"\n\t\t\t\t\t\t\t\tdata-frame_999=\"o:0;st:w;\"\n\t\t\t\t\t\t\t\tstyle=\"z-index:5;font-family:'Montserrat';p {text-align:center;\"\n\t\t\t\t\t\t\t>[vc_row css=\".vc_custom_1623321891093{margin: 0px !important;padding: 0px !important;}\"][vc_column el_class=\"hexagon\" css=\".vc_custom_1623321877361{margin: 0px !important;padding: 0px !important;}\"][vc_column_text css=\".vc_custom_1642508218032{margin-top: 0px !important;margin-right: 0px !important;margin-bottom: 0px !important;margin-left: 0px !important;padding-top: 0px !important;padding-right: 0px !important;padding-bottom: 0px !important;padding-left: 0px !important;}\" el_class=\"rilo-text-hexa\"]<img decoding=\"async\" class=\"aligncenter wp-image-1092\" src=\"https:\/\/www.novadi.fr\/wp-content\/uploads\/2021\/06\/ILLU-1-300x195.png\" alt=\"\" width=\"200\" height=\"130\" srcset=\"https:\/\/www.novadi.fr\/wp-content\/uploads\/2021\/06\/ILLU-1-300x195.png 300w, https:\/\/www.novadi.fr\/wp-content\/uploads\/2021\/06\/ILLU-1-1024x664.png 1024w, https:\/\/www.novadi.fr\/wp-content\/uploads\/2021\/06\/ILLU-1-768x498.png 768w, https:\/\/www.novadi.fr\/wp-content\/uploads\/2021\/06\/ILLU-1-200x130.png 200w, https:\/\/www.novadi.fr\/wp-content\/uploads\/2021\/06\/ILLU-1-1536x996.png 1536w, https:\/\/www.novadi.fr\/wp-content\/uploads\/2021\/06\/ILLU-1.png 1920w\" sizes=\"(max-width: 200px) 100vw, 200px\" \/>\r\n<p style=\"text-align: center;\"><strong>International apple manager\r\nthrough its\r\nworldwide network<\/strong><\/p>\r\n[\/vc_column_text][\/vc_column][\/vc_row]<style type=\"text\/css\" data-type=\"vc_shortcodes-custom-css\">.vc_custom_1623321891093{margin: 0px !important;padding: 0px !important;}.vc_custom_1623321877361{margin: 0px !important;padding: 0px !important;}.vc_custom_1642509510122{margin-top: 0px !important;margin-right: 0px !important;margin-bottom: 0px !important;margin-left: 0px !important;padding-top: 0px !important;padding-right: 0px !important;padding-bottom: 0px !important;padding-left: 0px !important;}<\/style> \n\t\t\t\t\t\t\t<\/rs-layer><!--\n\n\t\t\t\t\t\t\t--><rs-layer\n\t\t\t\t\t\t\t\tid=\"slider-2-slide-5-layer-4\" \n\t\t\t\t\t\t\t\tdata-type=\"object\"\n\t\t\t\t\t\t\t\tdata-rsp_ch=\"on\"\n\t\t\t\t\t\t\t\tdata-xy=\"x:50px;y:50px;\"\n\t\t\t\t\t\t\t\tdata-text=\"w:normal;\"\n\t\t\t\t\t\t\t\tdata-frame_999=\"o:0;st:w;\"\n\t\t\t\t\t\t\t\tstyle=\"z-index:8;font-family:'Roboto';\"\n\t\t\t\t\t\t\t> \n\t\t\t\t\t\t\t<\/rs-layer><!--\n\n\t\t\t\t\t\t\t--><rs-layer\n\t\t\t\t\t\t\t\tid=\"slider-2-slide-5-layer-12\" \n\t\t\t\t\t\t\t\tdata-type=\"text\"\n\t\t\t\t\t\t\t\tdata-color=\"#334971\"\n\t\t\t\t\t\t\t\tdata-rsp_ch=\"on\"\n\t\t\t\t\t\t\t\tdata-xy=\"x:r;xo:169px;y:b;yo:10px;\"\n\t\t\t\t\t\t\t\tdata-text=\"w:normal;s:25;l:40;a:center;\"\n\t\t\t\t\t\t\t\tdata-dim=\"w:40px;h:40px;\"\n\t\t\t\t\t\t\t\tdata-border=\"bor:500px,500px,500px,500px;\"\n\t\t\t\t\t\t\t\tdata-frame_999=\"o:0;st:w;\"\n\t\t\t\t\t\t\t\tstyle=\"z-index:9;background-color:#ffffff;font-family:'Roboto';\"\n\t\t\t\t\t\t\t><i class=\"fa fa-facebook\" aria-hidden=\"true\"><\/i> \n\t\t\t\t\t\t\t<\/rs-layer><!--\n\n\t\t\t\t\t\t\t--><rs-layer\n\t\t\t\t\t\t\t\tid=\"slider-2-slide-5-layer-13\" \n\t\t\t\t\t\t\t\tdata-type=\"text\"\n\t\t\t\t\t\t\t\tdata-color=\"#334971\"\n\t\t\t\t\t\t\t\tdata-rsp_ch=\"on\"\n\t\t\t\t\t\t\t\tdata-xy=\"x:r;xo:115px;y:b;yo:10px;\"\n\t\t\t\t\t\t\t\tdata-text=\"w:normal;s:25;l:40;a:center;\"\n\t\t\t\t\t\t\t\tdata-dim=\"w:40px;h:40px;\"\n\t\t\t\t\t\t\t\tdata-border=\"bor:500px,500px,500px,500px;\"\n\t\t\t\t\t\t\t\tdata-frame_999=\"o:0;st:w;\"\n\t\t\t\t\t\t\t\tstyle=\"z-index:9;background-color:#ffffff;font-family:'Roboto';\"\n\t\t\t\t\t\t\t><i class=\"fab fa-twitter\"><\/i> \n\t\t\t\t\t\t\t<\/rs-layer><!--\n\n\t\t\t\t\t\t\t--><rs-layer\n\t\t\t\t\t\t\t\tid=\"slider-2-slide-5-layer-14\" \n\t\t\t\t\t\t\t\tdata-type=\"text\"\n\t\t\t\t\t\t\t\tdata-color=\"#334971\"\n\t\t\t\t\t\t\t\tdata-rsp_ch=\"on\"\n\t\t\t\t\t\t\t\tdata-xy=\"x:r;xo:60px;y:b;yo:10px;\"\n\t\t\t\t\t\t\t\tdata-text=\"w:normal;s:25;l:40;a:center;\"\n\t\t\t\t\t\t\t\tdata-dim=\"w:40px;h:40px;\"\n\t\t\t\t\t\t\t\tdata-border=\"bor:500px,500px,500px,500px;\"\n\t\t\t\t\t\t\t\tdata-frame_999=\"o:0;st:w;\"\n\t\t\t\t\t\t\t\tstyle=\"z-index:9;background-color:#ffffff;font-family:'Roboto';\"\n\t\t\t\t\t\t\t><i class=\"fa fa-linkedin\" aria-hidden=\"true\"><\/i> \n\t\t\t\t\t\t\t<\/rs-layer><!--\n\n\t\t\t\t\t\t\t--><rs-layer\n\t\t\t\t\t\t\t\tid=\"slider-2-slide-5-layer-15\" \n\t\t\t\t\t\t\t\tdata-type=\"text\"\n\t\t\t\t\t\t\t\tdata-color=\"#334971\"\n\t\t\t\t\t\t\t\tdata-rsp_ch=\"on\"\n\t\t\t\t\t\t\t\tdata-xy=\"x:r;xo:4px;y:b;yo:10px;\"\n\t\t\t\t\t\t\t\tdata-text=\"w:normal;s:25;l:40;a:center;\"\n\t\t\t\t\t\t\t\tdata-dim=\"w:40px;h:40px;\"\n\t\t\t\t\t\t\t\tdata-border=\"bor:500px,500px,500px,500px;\"\n\t\t\t\t\t\t\t\tdata-frame_999=\"o:0;st:w;\"\n\t\t\t\t\t\t\t\tstyle=\"z-index:9;background-color:#ffffff;font-family:'Roboto';\"\n\t\t\t\t\t\t\t><i class=\"fa fa-youtube-play\" aria-hidden=\"true\"><\/i> \n\t\t\t\t\t\t\t<\/rs-layer><!--\n-->\t\t\t\t\t<\/rs-slide>\n\t\t\t\t\t<\/rs-slides>\n\t\t\t\t<\/rs-module>\n\t\t\t\t<script>\n\t\t\t\t\tsetREVStartSize({c: 'rev_slider_2_1',rl:[1240,1024,778,480],el:[750],gw:[1240],gh:[750],type:'standard',justify:'',layout:'fullscreen',offsetContainer:'',offset:'',mh:\"0\"});if (window.RS_MODULES!==undefined && window.RS_MODULES.modules!==undefined && window.RS_MODULES.modules[\"revslider21\"]!==undefined) {window.RS_MODULES.modules[\"revslider21\"].once = false;window.revapi2 = undefined;if (window.RS_MODULES.checkMinimal!==undefined) window.RS_MODULES.checkMinimal()}\n\t\t\t\t<\/script>\n\t\t\t<\/rs-module-wrap>\n\t\t\t<!-- END REVOLUTION SLIDER -->\n[\/vc_column][\/vc_row][vc_row][vc_column][vc_column_text css=&#8221;.vc_custom_1642508122152{margin-bottom: 10px !important;padding-bottom: 0px !important;}&#8221;]<\/p>\n<h1 style=\"text-align: center;\">Manager of apples varieties in France and abroad, in partnership with INRAE<\/h1>\n<p>[\/vc_column_text][\/vc_column][\/vc_row][vc_row equal_height=&#8221;yes&#8221; content_placement=&#8221;middle&#8221; bg_type=&#8221;u_iframe&#8221; u_video_url=&#8221;https:\/\/www.youtube.com\/watch?v=dzPxVfOF6FA&#8221; video_opts=&#8221;loop,muted&#8221; video_poster=&#8221;id^914|url^https:\/\/www.novadi.fr\/wp-content\/uploads\/2021\/09\/Pour-photo-3-pommes-fond-blanc_00000.jpg|caption^null|alt^null|title^Pour-photo-3-pommes-fond-blanc_00000|description^null&#8221; viewport_vdo=&#8221;viewport_play&#8221; enable_overlay=&#8221;enable_overlay_value&#8221; overlay_pattern=&#8221;09.png&#8221; css=&#8221;.vc_custom_1633603982151{margin-top: 35px !important;margin-bottom: 0px !important;padding-top: 200px !important;padding-bottom: 200px !important;}&#8221; el_class=&#8221;video-row&#8221;][vc_column css=&#8221;.vc_custom_1623674272487{margin-top: 0px !important;margin-bottom: 0px !important;padding-top: 0px !important;padding-bottom: 0px !important;}&#8221;][vc_video popup=&#8221;yes&#8221; title=&#8221;Qu&#8217;est ce que NOVADI ?&#8221; link=&#8221;https:\/\/youtu.be\/dzPxVfOF6FA&#8221; img=&#8221;359&#8243;][\/vc_column][\/vc_row][vc_row css_animation=&#8221;fadeIn&#8221; bg_type=&#8221;image&#8221; parallax_style=&#8221;vcpb-mlvp-jquery&#8221; layer_image=&#8221;486,488,461&#8243; parallax_sense=&#8221;60&#8243; bg_override=&#8221;ex-full&#8221; enable_overlay=&#8221;enable_overlay_value&#8221; overlay_color=&#8221;rgba(255,255,255,0.92)&#8221; css=&#8221;.vc_custom_1625734588923{padding-top: 80px !important;padding-bottom: 80px !important;}&#8221;][vc_column][vc_column_text]<\/p>\n<h2 style=\"text-align: center;\">News<\/h2>\n<p>[\/vc_column_text][vc_posts_slider layout=&#8221;vertical&#8221; desktop=&#8221;3&#8243; posttypes=&#8221;post&#8221;][\/vc_column][\/vc_row]<\/p>\n<\/div>","protected":false},"excerpt":{"rendered":"<p>[vc_row full_height=&#8221;yes&#8221; bg_type=&#8221;bg_color&#8221; bg_override=&#8221;full&#8221; ult_hide_row=&#8221;ult_hide_row_value&#8221; ult_hide_row_tablet_small=&#8221;xs_tablet&#8221; ult_hide_row_mobile=&#8221;mobile&#8221; bg_color_value=&#8221;#ffffff&#8221; css=&#8221;.vc_custom_1633603762382{margin-top: 0px !important;padding-top: 0px !important;}&#8221;][vc_column css=&#8221;.vc_custom_1633603641741{margin-top: 0px !important;padding-top: 0px !important;}&#8221; offset=&#8221;vc_hidden-sm vc_hidden-xs&#8221;][\/vc_column][\/vc_row][vc_row][vc_column][vc_column_text css=&#8221;.vc_custom_1642508122152{margin-bottom: 10px !important;padding-bottom: 0px !important;}&#8221;]&#8230;<\/p>\n","protected":false},"author":1,"featured_media":0,"parent":0,"menu_order":0,"comment_status":"closed","ping_status":"closed","template":"","meta":{"inline_featured_image":false,"footnotes":""},"class_list":["post-1376","page","type-page","status-publish","hentry"],"yoast_head":"<!-- This site is optimized with the Yoast SEO plugin v27.4 - https:\/\/yoast.com\/product\/yoast-seo-wordpress\/ -->\n<title>Novadi est \u00e9diteur de pommes en France et \u00e0 l&#039;international<\/title>\n<meta name=\"description\" content=\"Venez d\u00e9couvrir NOVADI, l&#039;\u00e9diteur de pommes en France et \u00e0 l&#039;international, qui se d\u00e9veloppe gr\u00e2ce \u00e0 sa collaboration avec l&#039;INRAE\" \/>\n<meta name=\"robots\" content=\"index, follow, max-snippet:-1, max-image-preview:large, max-video-preview:-1\" \/>\n<link rel=\"canonical\" href=\"https:\/\/www.novadi.fr\/en\/\" \/>\n<meta property=\"og:locale\" content=\"en_US\" \/>\n<meta property=\"og:type\" content=\"article\" \/>\n<meta property=\"og:title\" content=\"Novadi est \u00e9diteur de pommes en France et \u00e0 l&#039;international\" \/>\n<meta property=\"og:description\" content=\"Venez d\u00e9couvrir NOVADI, l&#039;\u00e9diteur de pommes en France et \u00e0 l&#039;international, qui se d\u00e9veloppe gr\u00e2ce \u00e0 sa collaboration avec l&#039;INRAE\" \/>\n<meta property=\"og:url\" content=\"https:\/\/www.novadi.fr\/en\/\" \/>\n<meta property=\"og:site_name\" content=\"Novadi\" \/>\n<meta property=\"article:modified_time\" content=\"2022-05-20T07:28:50+00:00\" \/>\n<meta name=\"twitter:card\" content=\"summary_large_image\" \/>\n<meta name=\"twitter:label1\" content=\"Est. reading time\" \/>\n\t<meta name=\"twitter:data1\" content=\"1 minute\" \/>\n<script type=\"application\/ld+json\" class=\"yoast-schema-graph\">{\"@context\":\"https:\\\/\\\/schema.org\",\"@graph\":[{\"@type\":\"WebPage\",\"@id\":\"https:\\\/\\\/www.novadi.fr\\\/en\\\/\",\"url\":\"https:\\\/\\\/www.novadi.fr\\\/en\\\/\",\"name\":\"Novadi est \u00e9diteur de pommes en France et \u00e0 l'international\",\"isPartOf\":{\"@id\":\"https:\\\/\\\/www.novadi.fr\\\/en\\\/#website\"},\"datePublished\":\"2021-04-21T08:26:42+00:00\",\"dateModified\":\"2022-05-20T07:28:50+00:00\",\"description\":\"Venez d\u00e9couvrir NOVADI, l'\u00e9diteur de pommes en France et \u00e0 l'international, qui se d\u00e9veloppe gr\u00e2ce \u00e0 sa collaboration avec l'INRAE\",\"breadcrumb\":{\"@id\":\"https:\\\/\\\/www.novadi.fr\\\/en\\\/#breadcrumb\"},\"inLanguage\":\"en-US\",\"potentialAction\":[{\"@type\":\"ReadAction\",\"target\":[\"https:\\\/\\\/www.novadi.fr\\\/en\\\/\"]}]},{\"@type\":\"BreadcrumbList\",\"@id\":\"https:\\\/\\\/www.novadi.fr\\\/en\\\/#breadcrumb\",\"itemListElement\":[{\"@type\":\"ListItem\",\"position\":1,\"name\":\"Accueil\",\"item\":\"https:\\\/\\\/www.novadi.fr\\\/en\\\/\"},{\"@type\":\"ListItem\",\"position\":2,\"name\":\"Novadi\"}]},{\"@type\":\"WebSite\",\"@id\":\"https:\\\/\\\/www.novadi.fr\\\/en\\\/#website\",\"url\":\"https:\\\/\\\/www.novadi.fr\\\/en\\\/\",\"name\":\"Novadi\",\"description\":\"\",\"publisher\":{\"@id\":\"https:\\\/\\\/www.novadi.fr\\\/en\\\/#organization\"},\"potentialAction\":[{\"@type\":\"SearchAction\",\"target\":{\"@type\":\"EntryPoint\",\"urlTemplate\":\"https:\\\/\\\/www.novadi.fr\\\/en\\\/?s={search_term_string}\"},\"query-input\":{\"@type\":\"PropertyValueSpecification\",\"valueRequired\":true,\"valueName\":\"search_term_string\"}}],\"inLanguage\":\"en-US\"},{\"@type\":\"Organization\",\"@id\":\"https:\\\/\\\/www.novadi.fr\\\/en\\\/#organization\",\"name\":\"Novadi\",\"url\":\"https:\\\/\\\/www.novadi.fr\\\/en\\\/\",\"logo\":{\"@type\":\"ImageObject\",\"inLanguage\":\"en-US\",\"@id\":\"https:\\\/\\\/www.novadi.fr\\\/en\\\/#\\\/schema\\\/logo\\\/image\\\/\",\"url\":\"https:\\\/\\\/www.novadi.fr\\\/wp-content\\\/uploads\\\/2021\\\/06\\\/Logo-novadi-1.png\",\"contentUrl\":\"https:\\\/\\\/www.novadi.fr\\\/wp-content\\\/uploads\\\/2021\\\/06\\\/Logo-novadi-1.png\",\"width\":1471,\"height\":523,\"caption\":\"Novadi\"},\"image\":{\"@id\":\"https:\\\/\\\/www.novadi.fr\\\/en\\\/#\\\/schema\\\/logo\\\/image\\\/\"}}]}<\/script>\n<!-- \/ Yoast SEO plugin. -->","yoast_head_json":{"title":"Novadi est \u00e9diteur de pommes en France et \u00e0 l'international","description":"Venez d\u00e9couvrir NOVADI, l'\u00e9diteur de pommes en France et \u00e0 l'international, qui se d\u00e9veloppe gr\u00e2ce \u00e0 sa collaboration avec l'INRAE","robots":{"index":"index","follow":"follow","max-snippet":"max-snippet:-1","max-image-preview":"max-image-preview:large","max-video-preview":"max-video-preview:-1"},"canonical":"https:\/\/www.novadi.fr\/en\/","og_locale":"en_US","og_type":"article","og_title":"Novadi est \u00e9diteur de pommes en France et \u00e0 l'international","og_description":"Venez d\u00e9couvrir NOVADI, l'\u00e9diteur de pommes en France et \u00e0 l'international, qui se d\u00e9veloppe gr\u00e2ce \u00e0 sa collaboration avec l'INRAE","og_url":"https:\/\/www.novadi.fr\/en\/","og_site_name":"Novadi","article_modified_time":"2022-05-20T07:28:50+00:00","twitter_card":"summary_large_image","twitter_misc":{"Est. reading time":"1 minute"},"schema":{"@context":"https:\/\/schema.org","@graph":[{"@type":"WebPage","@id":"https:\/\/www.novadi.fr\/en\/","url":"https:\/\/www.novadi.fr\/en\/","name":"Novadi est \u00e9diteur de pommes en France et \u00e0 l'international","isPartOf":{"@id":"https:\/\/www.novadi.fr\/en\/#website"},"datePublished":"2021-04-21T08:26:42+00:00","dateModified":"2022-05-20T07:28:50+00:00","description":"Venez d\u00e9couvrir NOVADI, l'\u00e9diteur de pommes en France et \u00e0 l'international, qui se d\u00e9veloppe gr\u00e2ce \u00e0 sa collaboration avec l'INRAE","breadcrumb":{"@id":"https:\/\/www.novadi.fr\/en\/#breadcrumb"},"inLanguage":"en-US","potentialAction":[{"@type":"ReadAction","target":["https:\/\/www.novadi.fr\/en\/"]}]},{"@type":"BreadcrumbList","@id":"https:\/\/www.novadi.fr\/en\/#breadcrumb","itemListElement":[{"@type":"ListItem","position":1,"name":"Accueil","item":"https:\/\/www.novadi.fr\/en\/"},{"@type":"ListItem","position":2,"name":"Novadi"}]},{"@type":"WebSite","@id":"https:\/\/www.novadi.fr\/en\/#website","url":"https:\/\/www.novadi.fr\/en\/","name":"Novadi","description":"","publisher":{"@id":"https:\/\/www.novadi.fr\/en\/#organization"},"potentialAction":[{"@type":"SearchAction","target":{"@type":"EntryPoint","urlTemplate":"https:\/\/www.novadi.fr\/en\/?s={search_term_string}"},"query-input":{"@type":"PropertyValueSpecification","valueRequired":true,"valueName":"search_term_string"}}],"inLanguage":"en-US"},{"@type":"Organization","@id":"https:\/\/www.novadi.fr\/en\/#organization","name":"Novadi","url":"https:\/\/www.novadi.fr\/en\/","logo":{"@type":"ImageObject","inLanguage":"en-US","@id":"https:\/\/www.novadi.fr\/en\/#\/schema\/logo\/image\/","url":"https:\/\/www.novadi.fr\/wp-content\/uploads\/2021\/06\/Logo-novadi-1.png","contentUrl":"https:\/\/www.novadi.fr\/wp-content\/uploads\/2021\/06\/Logo-novadi-1.png","width":1471,"height":523,"caption":"Novadi"},"image":{"@id":"https:\/\/www.novadi.fr\/en\/#\/schema\/logo\/image\/"}}]}},"_links":{"self":[{"href":"https:\/\/www.novadi.fr\/en\/wp-json\/wp\/v2\/pages\/1376","targetHints":{"allow":["GET"]}}],"collection":[{"href":"https:\/\/www.novadi.fr\/en\/wp-json\/wp\/v2\/pages"}],"about":[{"href":"https:\/\/www.novadi.fr\/en\/wp-json\/wp\/v2\/types\/page"}],"author":[{"embeddable":true,"href":"https:\/\/www.novadi.fr\/en\/wp-json\/wp\/v2\/users\/1"}],"replies":[{"embeddable":true,"href":"https:\/\/www.novadi.fr\/en\/wp-json\/wp\/v2\/comments?post=1376"}],"version-history":[{"count":3,"href":"https:\/\/www.novadi.fr\/en\/wp-json\/wp\/v2\/pages\/1376\/revisions"}],"predecessor-version":[{"id":1543,"href":"https:\/\/www.novadi.fr\/en\/wp-json\/wp\/v2\/pages\/1376\/revisions\/1543"}],"wp:attachment":[{"href":"https:\/\/www.novadi.fr\/en\/wp-json\/wp\/v2\/media?parent=1376"}],"curies":[{"name":"wp","href":"https:\/\/api.w.org\/{rel}","templated":true}]}}