{"id":1331,"date":"2021-09-20T09:37:06","date_gmt":"2021-09-20T07:37:06","guid":{"rendered":"https:\/\/www.novadi.fr\/nos-varietes\/garance-lespin\/"},"modified":"2024-10-28T14:17:52","modified_gmt":"2024-10-28T13:17:52","slug":"garance-lespin","status":"publish","type":"page","link":"https:\/\/www.novadi.fr\/en\/nos-varietes\/garance-lespin\/","title":{"rendered":"GARANCE\u00ae LESPIN p.b.r."},"content":{"rendered":"<div class=\"wpb-content-wrapper\"><p>[vc_row full_width=&#8221;stretch_row_content_no_spaces&#8221; bg_type=&#8221;image&#8221; parallax_style=&#8221;vcpb-default&#8221; bg_image_new=&#8221;id^758|url^https:\/\/www.novadi.fr\/wp-content\/uploads\/2021\/09\/IMG_2914.jpeg|caption^null|alt^null|title^IMG_2914|description^null&#8221; bg_image_repeat=&#8221;no-repeat&#8221; bg_img_attach=&#8221;fixed&#8221; bg_image_posiiton=&#8221;center center&#8221; bg_override=&#8221;full&#8221; seperator_enable=&#8221;seperator_enable_value&#8221; seperator_type=&#8221;xlarge_triangle_right_seperator&#8221; seperator_position=&#8221;bottom_seperator&#8221; css=&#8221;.vc_custom_1632123328558{margin-top: 0px !important;padding-top: 0px !important;padding-bottom: 0px !important;}&#8221; el_class=&#8221;darkback&#8221;][vc_column css=&#8221;.vc_custom_1632118688527{margin-top: 0px !important;margin-bottom: 0px !important;padding-top: 200px !important;padding-bottom: 200px !important;background-image: url(https:\/\/www.novadi.fr\/wp-content\/uploads\/2021\/09\/calque-atome.png?id=667) !important;background-position: center !important;background-repeat: no-repeat !important;background-size: cover !important;}&#8221;][vc_column_text css=&#8221;.vc_custom_1730121453445{padding-top: 50px !important;padding-bottom: 50px !important;}&#8221;]<\/p>\n<h1 style=\"text-align: center;\">GARANCE\u00ae Lespin p.b.r.<\/h1>\n<p>[\/vc_column_text][\/vc_column][\/vc_row][vc_row full_height=&#8221;yes&#8221; css_animation=&#8221;fadeIn&#8221; enable_overlay=&#8221;enable_overlay_value&#8221; overlay_color=&#8221;rgba(255,255,255,0.92)&#8221; css=&#8221;.vc_custom_1630420135188{margin-top: 45px !important;}&#8221;][vc_column width=&#8221;2\/3&#8243;][vc_column_text css=&#8221;&#8221;]<\/p>\n<h2>Presentation of the variety<\/h2>\n<p><strong>Manager:\u00a0<\/strong>NOVADI<br \/>\n<strong>Breeder<\/strong>: INRAE<\/p>\n<h3>The fruit<\/h3>\n<p style=\"padding-left: 40px;\"><strong>Maturity time<\/strong><br \/>\nEarly October<\/p>\n<p style=\"padding-left: 40px;\"><strong>Fruit size<br \/>\n<\/strong>65-70mm<\/p>\n<p style=\"padding-left: 40px;\"><strong>Attractiveness and Colouring<br \/>\n<\/strong>red, bicoloured, lenticellate fruit with obloid shape<\/p>\n<p style=\"padding-left: 40px;\"><strong>Storage *<br \/>\n<\/strong>Good, 5-6 months in normal cold<\/p>\n<p style=\"padding-left: 40px;\"><strong>Gustative Quality<br \/>\n<\/strong>Very firm, crunchy and rather juicy fruit with a sweet-sour taste and fragrant aromas<\/p>\n<h3>The tree<\/h3>\n<p style=\"padding-left: 40px;\"><strong>Vigour<br \/>\n<\/strong>Medium<\/p>\n<p style=\"padding-left: 40px;\"><strong>Growth Habit<br \/>\n<\/strong>Open, drooping branches<\/p>\n<p style=\"padding-left: 40px;\"><strong>Flowering time<br \/>\n<\/strong>Jonagold time, S-Alleles S02\/S24<\/p>\n<p style=\"padding-left: 40px;\"><strong>Disease<br \/>\n<\/strong>Tolerant to common strains of scab. Low susceptibility to powdery mildew and woolly apple aphid.<\/p>\n<p style=\"padding-left: 40px;\"><strong>Productivity<br \/>\n<\/strong>Good for organic or low input management, average potential 40T\/ha according to GRAB<\/p>\n<h2>General appreciation<\/h2>\n<p>Variety suitable for organic or low-input farming[\/vc_column_text][\/vc_column][vc_column width=&#8221;1\/3&#8243; css=&#8221;.vc_custom_1632120995887{background-position: center !important;background-repeat: no-repeat !important;background-size: cover !important;}&#8221;][vc_single_image image=&#8221;747&#8243; img_size=&#8221;full&#8221; alignment=&#8221;center&#8221;][vc_single_image image=&#8221;762&#8243; img_size=&#8221;full&#8221; alignment=&#8221;center&#8221;][vc_single_image image=&#8221;934&#8243; img_size=&#8221;full&#8221; alignment=&#8221;center&#8221;][\/vc_column][\/vc_row]<\/p>\n<\/div>","protected":false},"excerpt":{"rendered":"<p>[vc_row full_width=&#8221;stretch_row_content_no_spaces&#8221; bg_type=&#8221;image&#8221; parallax_style=&#8221;vcpb-default&#8221; bg_image_new=&#8221;id^758|url^https:\/\/www.novadi.fr\/wp-content\/uploads\/2021\/09\/IMG_2914.jpeg|caption^null|alt^null|title^IMG_2914|description^null&#8221; bg_image_repeat=&#8221;no-repeat&#8221; bg_img_attach=&#8221;fixed&#8221; bg_image_posiiton=&#8221;center center&#8221; bg_override=&#8221;full&#8221; seperator_enable=&#8221;seperator_enable_value&#8221; seperator_type=&#8221;xlarge_triangle_right_seperator&#8221; seperator_position=&#8221;bottom_seperator&#8221; css=&#8221;.vc_custom_1632123328558{margin-top: 0px !important;padding-top: 0px !important;padding-bottom: 0px !important;}&#8221; el_class=&#8221;darkback&#8221;][vc_column css=&#8221;.vc_custom_1632118688527{margin-top: 0px !important;margin-bottom: 0px&#8230;<\/p>\n","protected":false},"author":1,"featured_media":0,"parent":1283,"menu_order":0,"comment_status":"closed","ping_status":"closed","template":"","meta":{"inline_featured_image":false,"footnotes":""},"class_list":["post-1331","page","type-page","status-publish","hentry"],"yoast_head":"<!-- This site is optimized with the Yoast SEO plugin v27.4 - https:\/\/yoast.com\/product\/yoast-seo-wordpress\/ -->\n<title>Les pommes GARANCE\u00ae Lespin c.o.v. sont une vari\u00e9t\u00e9 de NOVADI<\/title>\n<meta name=\"description\" content=\"Tout savoir sur les pommes GARANCE\u00ae Lespin c.o.v. qui sont une vari\u00e9t\u00e9 de l&#039;\u00e9diteur de pommes NOVADI\" \/>\n<meta name=\"robots\" content=\"index, follow, max-snippet:-1, max-image-preview:large, max-video-preview:-1\" \/>\n<link rel=\"canonical\" href=\"https:\/\/www.novadi.fr\/en\/nos-varietes\/garance-lespin\/\" \/>\n<meta property=\"og:locale\" content=\"en_US\" \/>\n<meta property=\"og:type\" content=\"article\" \/>\n<meta property=\"og:title\" content=\"Les pommes GARANCE\u00ae Lespin c.o.v. sont une vari\u00e9t\u00e9 de NOVADI\" \/>\n<meta property=\"og:description\" content=\"Tout savoir sur les pommes GARANCE\u00ae Lespin c.o.v. qui sont une vari\u00e9t\u00e9 de l&#039;\u00e9diteur de pommes NOVADI\" \/>\n<meta property=\"og:url\" content=\"https:\/\/www.novadi.fr\/en\/nos-varietes\/garance-lespin\/\" \/>\n<meta property=\"og:site_name\" content=\"Novadi\" \/>\n<meta property=\"article:modified_time\" content=\"2024-10-28T13:17:52+00:00\" \/>\n<meta name=\"twitter:card\" content=\"summary_large_image\" \/>\n<meta name=\"twitter:label1\" content=\"Est. reading time\" \/>\n\t<meta name=\"twitter:data1\" content=\"2 minutes\" \/>\n<script type=\"application\/ld+json\" class=\"yoast-schema-graph\">{\"@context\":\"https:\\\/\\\/schema.org\",\"@graph\":[{\"@type\":\"WebPage\",\"@id\":\"https:\\\/\\\/www.novadi.fr\\\/en\\\/nos-varietes\\\/garance-lespin\\\/\",\"url\":\"https:\\\/\\\/www.novadi.fr\\\/en\\\/nos-varietes\\\/garance-lespin\\\/\",\"name\":\"Les pommes GARANCE\u00ae Lespin c.o.v. sont une vari\u00e9t\u00e9 de NOVADI\",\"isPartOf\":{\"@id\":\"https:\\\/\\\/www.novadi.fr\\\/en\\\/#website\"},\"datePublished\":\"2021-09-20T07:37:06+00:00\",\"dateModified\":\"2024-10-28T13:17:52+00:00\",\"description\":\"Tout savoir sur les pommes GARANCE\u00ae Lespin c.o.v. qui sont une vari\u00e9t\u00e9 de l'\u00e9diteur de pommes NOVADI\",\"breadcrumb\":{\"@id\":\"https:\\\/\\\/www.novadi.fr\\\/en\\\/nos-varietes\\\/garance-lespin\\\/#breadcrumb\"},\"inLanguage\":\"en-US\",\"potentialAction\":[{\"@type\":\"ReadAction\",\"target\":[\"https:\\\/\\\/www.novadi.fr\\\/en\\\/nos-varietes\\\/garance-lespin\\\/\"]}]},{\"@type\":\"BreadcrumbList\",\"@id\":\"https:\\\/\\\/www.novadi.fr\\\/en\\\/nos-varietes\\\/garance-lespin\\\/#breadcrumb\",\"itemListElement\":[{\"@type\":\"ListItem\",\"position\":1,\"name\":\"Accueil\",\"item\":\"https:\\\/\\\/www.novadi.fr\\\/en\\\/\"},{\"@type\":\"ListItem\",\"position\":2,\"name\":\"The planifruit of our varieties\",\"item\":\"https:\\\/\\\/www.novadi.fr\\\/en\\\/nos-varietes\\\/\"},{\"@type\":\"ListItem\",\"position\":3,\"name\":\"GARANCE\u00ae LESPIN p.b.r.\"}]},{\"@type\":\"WebSite\",\"@id\":\"https:\\\/\\\/www.novadi.fr\\\/en\\\/#website\",\"url\":\"https:\\\/\\\/www.novadi.fr\\\/en\\\/\",\"name\":\"Novadi\",\"description\":\"\",\"publisher\":{\"@id\":\"https:\\\/\\\/www.novadi.fr\\\/en\\\/#organization\"},\"potentialAction\":[{\"@type\":\"SearchAction\",\"target\":{\"@type\":\"EntryPoint\",\"urlTemplate\":\"https:\\\/\\\/www.novadi.fr\\\/en\\\/?s={search_term_string}\"},\"query-input\":{\"@type\":\"PropertyValueSpecification\",\"valueRequired\":true,\"valueName\":\"search_term_string\"}}],\"inLanguage\":\"en-US\"},{\"@type\":\"Organization\",\"@id\":\"https:\\\/\\\/www.novadi.fr\\\/en\\\/#organization\",\"name\":\"Novadi\",\"url\":\"https:\\\/\\\/www.novadi.fr\\\/en\\\/\",\"logo\":{\"@type\":\"ImageObject\",\"inLanguage\":\"en-US\",\"@id\":\"https:\\\/\\\/www.novadi.fr\\\/en\\\/#\\\/schema\\\/logo\\\/image\\\/\",\"url\":\"https:\\\/\\\/www.novadi.fr\\\/wp-content\\\/uploads\\\/2021\\\/06\\\/Logo-novadi-1.png\",\"contentUrl\":\"https:\\\/\\\/www.novadi.fr\\\/wp-content\\\/uploads\\\/2021\\\/06\\\/Logo-novadi-1.png\",\"width\":1471,\"height\":523,\"caption\":\"Novadi\"},\"image\":{\"@id\":\"https:\\\/\\\/www.novadi.fr\\\/en\\\/#\\\/schema\\\/logo\\\/image\\\/\"}}]}<\/script>\n<!-- \/ Yoast SEO plugin. -->","yoast_head_json":{"title":"Les pommes GARANCE\u00ae Lespin c.o.v. sont une vari\u00e9t\u00e9 de NOVADI","description":"Tout savoir sur les pommes GARANCE\u00ae Lespin c.o.v. qui sont une vari\u00e9t\u00e9 de l'\u00e9diteur de pommes NOVADI","robots":{"index":"index","follow":"follow","max-snippet":"max-snippet:-1","max-image-preview":"max-image-preview:large","max-video-preview":"max-video-preview:-1"},"canonical":"https:\/\/www.novadi.fr\/en\/nos-varietes\/garance-lespin\/","og_locale":"en_US","og_type":"article","og_title":"Les pommes GARANCE\u00ae Lespin c.o.v. sont une vari\u00e9t\u00e9 de NOVADI","og_description":"Tout savoir sur les pommes GARANCE\u00ae Lespin c.o.v. qui sont une vari\u00e9t\u00e9 de l'\u00e9diteur de pommes NOVADI","og_url":"https:\/\/www.novadi.fr\/en\/nos-varietes\/garance-lespin\/","og_site_name":"Novadi","article_modified_time":"2024-10-28T13:17:52+00:00","twitter_card":"summary_large_image","twitter_misc":{"Est. reading time":"2 minutes"},"schema":{"@context":"https:\/\/schema.org","@graph":[{"@type":"WebPage","@id":"https:\/\/www.novadi.fr\/en\/nos-varietes\/garance-lespin\/","url":"https:\/\/www.novadi.fr\/en\/nos-varietes\/garance-lespin\/","name":"Les pommes GARANCE\u00ae Lespin c.o.v. sont une vari\u00e9t\u00e9 de NOVADI","isPartOf":{"@id":"https:\/\/www.novadi.fr\/en\/#website"},"datePublished":"2021-09-20T07:37:06+00:00","dateModified":"2024-10-28T13:17:52+00:00","description":"Tout savoir sur les pommes GARANCE\u00ae Lespin c.o.v. qui sont une vari\u00e9t\u00e9 de l'\u00e9diteur de pommes NOVADI","breadcrumb":{"@id":"https:\/\/www.novadi.fr\/en\/nos-varietes\/garance-lespin\/#breadcrumb"},"inLanguage":"en-US","potentialAction":[{"@type":"ReadAction","target":["https:\/\/www.novadi.fr\/en\/nos-varietes\/garance-lespin\/"]}]},{"@type":"BreadcrumbList","@id":"https:\/\/www.novadi.fr\/en\/nos-varietes\/garance-lespin\/#breadcrumb","itemListElement":[{"@type":"ListItem","position":1,"name":"Accueil","item":"https:\/\/www.novadi.fr\/en\/"},{"@type":"ListItem","position":2,"name":"The planifruit of our varieties","item":"https:\/\/www.novadi.fr\/en\/nos-varietes\/"},{"@type":"ListItem","position":3,"name":"GARANCE\u00ae LESPIN p.b.r."}]},{"@type":"WebSite","@id":"https:\/\/www.novadi.fr\/en\/#website","url":"https:\/\/www.novadi.fr\/en\/","name":"Novadi","description":"","publisher":{"@id":"https:\/\/www.novadi.fr\/en\/#organization"},"potentialAction":[{"@type":"SearchAction","target":{"@type":"EntryPoint","urlTemplate":"https:\/\/www.novadi.fr\/en\/?s={search_term_string}"},"query-input":{"@type":"PropertyValueSpecification","valueRequired":true,"valueName":"search_term_string"}}],"inLanguage":"en-US"},{"@type":"Organization","@id":"https:\/\/www.novadi.fr\/en\/#organization","name":"Novadi","url":"https:\/\/www.novadi.fr\/en\/","logo":{"@type":"ImageObject","inLanguage":"en-US","@id":"https:\/\/www.novadi.fr\/en\/#\/schema\/logo\/image\/","url":"https:\/\/www.novadi.fr\/wp-content\/uploads\/2021\/06\/Logo-novadi-1.png","contentUrl":"https:\/\/www.novadi.fr\/wp-content\/uploads\/2021\/06\/Logo-novadi-1.png","width":1471,"height":523,"caption":"Novadi"},"image":{"@id":"https:\/\/www.novadi.fr\/en\/#\/schema\/logo\/image\/"}}]}},"_links":{"self":[{"href":"https:\/\/www.novadi.fr\/en\/wp-json\/wp\/v2\/pages\/1331","targetHints":{"allow":["GET"]}}],"collection":[{"href":"https:\/\/www.novadi.fr\/en\/wp-json\/wp\/v2\/pages"}],"about":[{"href":"https:\/\/www.novadi.fr\/en\/wp-json\/wp\/v2\/types\/page"}],"author":[{"embeddable":true,"href":"https:\/\/www.novadi.fr\/en\/wp-json\/wp\/v2\/users\/1"}],"replies":[{"embeddable":true,"href":"https:\/\/www.novadi.fr\/en\/wp-json\/wp\/v2\/comments?post=1331"}],"version-history":[{"count":5,"href":"https:\/\/www.novadi.fr\/en\/wp-json\/wp\/v2\/pages\/1331\/revisions"}],"predecessor-version":[{"id":1357,"href":"https:\/\/www.novadi.fr\/en\/wp-json\/wp\/v2\/pages\/1331\/revisions\/1357"}],"up":[{"embeddable":true,"href":"https:\/\/www.novadi.fr\/en\/wp-json\/wp\/v2\/pages\/1283"}],"wp:attachment":[{"href":"https:\/\/www.novadi.fr\/en\/wp-json\/wp\/v2\/media?parent=1331"}],"curies":[{"name":"wp","href":"https:\/\/api.w.org\/{rel}","templated":true}]}}