{"id":1328,"date":"2021-09-20T09:16:59","date_gmt":"2021-09-20T07:16:59","guid":{"rendered":"https:\/\/www.novadi.fr\/nos-varietes\/ariane-les-naturianes\/"},"modified":"2024-11-08T09:44:54","modified_gmt":"2024-11-08T08:44:54","slug":"ariane-les-naturianes","status":"publish","type":"page","link":"https:\/\/www.novadi.fr\/en\/nos-varietes\/ariane-les-naturianes\/","title":{"rendered":"Ariane p.b.r. LES NATURIANES\u00ae"},"content":{"rendered":"<div class=\"wpb-content-wrapper\"><p>[vc_row full_width=&#8221;stretch_row_content_no_spaces&#8221; bg_type=&#8221;image&#8221; parallax_style=&#8221;vcpb-default&#8221; bg_image_new=&#8221;id^723|url^https:\/\/www.novadi.fr\/wp-content\/uploads\/2021\/09\/Ariane.jpg|caption^Ariane<br \/>\nVerger Castang|alt^null|title^P1000412.JPG|description^null&#8221; bg_image_repeat=&#8221;no-repeat&#8221; bg_img_attach=&#8221;fixed&#8221; bg_image_posiiton=&#8221;center center&#8221; bg_override=&#8221;full&#8221; seperator_enable=&#8221;seperator_enable_value&#8221; seperator_type=&#8221;xlarge_triangle_right_seperator&#8221; seperator_position=&#8221;bottom_seperator&#8221; css=&#8221;.vc_custom_1632122050961{margin-top: 0px !important;padding-top: 0px !important;padding-bottom: 0px !important;}&#8221; el_class=&#8221;darkback&#8221;][vc_column css=&#8221;.vc_custom_1632118688527{margin-top: 0px !important;margin-bottom: 0px !important;padding-top: 200px !important;padding-bottom: 200px !important;background-image: url(https:\/\/www.novadi.fr\/wp-content\/uploads\/2021\/09\/calque-atome.png?id=667) !important;background-position: center !important;background-repeat: no-repeat !important;background-size: cover !important;}&#8221;][vc_column_text css=&#8221;.vc_custom_1730121383718{padding-top: 50px !important;padding-bottom: 50px !important;}&#8221;]<\/p>\n<h1 style=\"text-align: center;\">Ariane p.b.r. LES NATURIANES\u00ae<\/h1>\n<p>[\/vc_column_text][\/vc_column][\/vc_row][vc_row full_height=&#8221;yes&#8221; css_animation=&#8221;fadeIn&#8221; enable_overlay=&#8221;enable_overlay_value&#8221; overlay_color=&#8221;rgba(255,255,255,0.92)&#8221; css=&#8221;.vc_custom_1630420135188{margin-top: 45px !important;}&#8221;][vc_column width=&#8221;2\/3&#8243;][vc_column_text css=&#8221;&#8221;]<\/p>\n<h2>Presentation of the variety<\/h2>\n<p><strong>Manager:\u00a0<\/strong>NOVADI<br \/>\n<strong>Breeder<\/strong>: INRAE<\/p>\n<h3>The fruit<\/h3>\n<p style=\"padding-left: 40px;\"><strong>Maturity time<br \/>\n<\/strong>At the end of Golden Delicious, harvest in 2 passes<\/p>\n<p style=\"padding-left: 40px;\"><strong>Fruit size<br \/>\n<\/strong>Medium size: essential thinning<\/p>\n<p style=\"padding-left: 40px;\"><strong>Attractiveness and colouring<br \/>\n<\/strong>Very good colouring, 3\/4 red, bright, very pronounced lenticels<\/p>\n<p style=\"padding-left: 40px;\"><strong>Storage<br \/>\n<\/strong>Very good, 7 months in a controlled atmosphere. Can be eaten from January onwards.<\/p>\n<p style=\"padding-left: 40px;\"><strong>Gustative quality<br \/>\n<\/strong>Very good, firm, juicy, high sugar content IR= 15-17<\/p>\n<h3>The tree<\/h3>\n<p style=\"padding-left: 40px;\"><strong>Vigour<br \/>\n<\/strong>Vigorous<\/p>\n<p style=\"padding-left: 40px;\"><strong>Tree habit<br \/>\n<\/strong>Erect<\/p>\n<p style=\"padding-left: 40px;\"><strong>Flowering time<br \/>\n<\/strong>2 days before Golden Delicious, abundant flowering. Strong and early thinning<\/p>\n<p style=\"padding-left: 40px;\"><strong>Disease<br \/>\n<\/strong>Good behaviour to fire blight. Susceptible to rosy apple aphid.<\/p>\n<p style=\"padding-left: 40px;\"><strong>Productivity<br \/>\n<\/strong>Good productivity, no alternation<\/p>\n<h2>General appreciation<\/h2>\n<p>Variety adapted to the different production areas with a recognized taste quality and good shelf life<\/p>\n<p>Variety subject to a selective distribution network: Have a look at: <a href=\"https:\/\/www.pomme-ariane.com\/\">https:\/\/www.pomme-ariane.com\/<\/a> <em>\u00a0<\/em>[\/vc_column_text][\/vc_column][vc_column width=&#8221;1\/3&#8243; css=&#8221;.vc_custom_1632120995887{background-position: center !important;background-repeat: no-repeat !important;background-size: cover !important;}&#8221;][vc_single_image image=&#8221;731&#8243; img_size=&#8221;full&#8221; alignment=&#8221;center&#8221;][vc_single_image image=&#8221;724&#8243; img_size=&#8221;full&#8221; alignment=&#8221;center&#8221;][vc_single_image image=&#8221;630&#8243; img_size=&#8221;full&#8221; alignment=&#8221;center&#8221;][\/vc_column][\/vc_row]<\/p>\n<\/div>","protected":false},"excerpt":{"rendered":"<p>[vc_row full_width=&#8221;stretch_row_content_no_spaces&#8221; bg_type=&#8221;image&#8221; parallax_style=&#8221;vcpb-default&#8221; bg_image_new=&#8221;id^723|url^https:\/\/www.novadi.fr\/wp-content\/uploads\/2021\/09\/Ariane.jpg|caption^Ariane Verger Castang|alt^null|title^P1000412.JPG|description^null&#8221; bg_image_repeat=&#8221;no-repeat&#8221; bg_img_attach=&#8221;fixed&#8221; bg_image_posiiton=&#8221;center center&#8221; bg_override=&#8221;full&#8221; seperator_enable=&#8221;seperator_enable_value&#8221; seperator_type=&#8221;xlarge_triangle_right_seperator&#8221; seperator_position=&#8221;bottom_seperator&#8221; css=&#8221;.vc_custom_1632122050961{margin-top: 0px !important;padding-top: 0px !important;padding-bottom: 0px !important;}&#8221; el_class=&#8221;darkback&#8221;][vc_column css=&#8221;.vc_custom_1632118688527{margin-top: 0px&#8230;<\/p>\n","protected":false},"author":1,"featured_media":0,"parent":1283,"menu_order":0,"comment_status":"closed","ping_status":"closed","template":"","meta":{"inline_featured_image":false,"footnotes":""},"class_list":["post-1328","page","type-page","status-publish","hentry"],"yoast_head":"<!-- This site is optimized with the Yoast SEO plugin v27.5 - https:\/\/yoast.com\/product\/yoast-seo-wordpress\/ -->\n<title>Tout savoir sur la vari\u00e9t\u00e9 de pommes Ariane c.o.v. LES NATURIANES\u00ae<\/title>\n<meta name=\"description\" content=\"Ariane c.o.v. LES NATURIANES\u00ae est une vari\u00e9t\u00e9 de pommes de qualit\u00e9 gustative reconnue et de bonne conservation.\" \/>\n<meta name=\"robots\" content=\"index, follow, max-snippet:-1, max-image-preview:large, max-video-preview:-1\" \/>\n<link rel=\"canonical\" href=\"https:\/\/www.novadi.fr\/en\/nos-varietes\/ariane-les-naturianes\/\" \/>\n<meta property=\"og:locale\" content=\"en_US\" \/>\n<meta property=\"og:type\" content=\"article\" \/>\n<meta property=\"og:title\" content=\"Tout savoir sur la vari\u00e9t\u00e9 de pommes Ariane c.o.v. LES NATURIANES\u00ae\" \/>\n<meta property=\"og:description\" content=\"Ariane c.o.v. LES NATURIANES\u00ae est une vari\u00e9t\u00e9 de pommes de qualit\u00e9 gustative reconnue et de bonne conservation.\" \/>\n<meta property=\"og:url\" content=\"https:\/\/www.novadi.fr\/en\/nos-varietes\/ariane-les-naturianes\/\" \/>\n<meta property=\"og:site_name\" content=\"Novadi\" \/>\n<meta property=\"article:modified_time\" content=\"2024-11-08T08:44:54+00:00\" \/>\n<meta name=\"twitter:card\" content=\"summary_large_image\" \/>\n<meta name=\"twitter:label1\" content=\"Est. reading time\" \/>\n\t<meta name=\"twitter:data1\" content=\"2 minutes\" \/>\n<script type=\"application\/ld+json\" class=\"yoast-schema-graph\">{\"@context\":\"https:\\\/\\\/schema.org\",\"@graph\":[{\"@type\":\"WebPage\",\"@id\":\"https:\\\/\\\/www.novadi.fr\\\/en\\\/nos-varietes\\\/ariane-les-naturianes\\\/\",\"url\":\"https:\\\/\\\/www.novadi.fr\\\/en\\\/nos-varietes\\\/ariane-les-naturianes\\\/\",\"name\":\"Tout savoir sur la vari\u00e9t\u00e9 de pommes Ariane c.o.v. LES NATURIANES\u00ae\",\"isPartOf\":{\"@id\":\"https:\\\/\\\/www.novadi.fr\\\/en\\\/#website\"},\"datePublished\":\"2021-09-20T07:16:59+00:00\",\"dateModified\":\"2024-11-08T08:44:54+00:00\",\"description\":\"Ariane c.o.v. LES NATURIANES\u00ae est une vari\u00e9t\u00e9 de pommes de qualit\u00e9 gustative reconnue et de bonne conservation.\",\"breadcrumb\":{\"@id\":\"https:\\\/\\\/www.novadi.fr\\\/en\\\/nos-varietes\\\/ariane-les-naturianes\\\/#breadcrumb\"},\"inLanguage\":\"en-US\",\"potentialAction\":[{\"@type\":\"ReadAction\",\"target\":[\"https:\\\/\\\/www.novadi.fr\\\/en\\\/nos-varietes\\\/ariane-les-naturianes\\\/\"]}]},{\"@type\":\"BreadcrumbList\",\"@id\":\"https:\\\/\\\/www.novadi.fr\\\/en\\\/nos-varietes\\\/ariane-les-naturianes\\\/#breadcrumb\",\"itemListElement\":[{\"@type\":\"ListItem\",\"position\":1,\"name\":\"Accueil\",\"item\":\"https:\\\/\\\/www.novadi.fr\\\/en\\\/\"},{\"@type\":\"ListItem\",\"position\":2,\"name\":\"The planifruit of our varieties\",\"item\":\"https:\\\/\\\/www.novadi.fr\\\/en\\\/nos-varietes\\\/\"},{\"@type\":\"ListItem\",\"position\":3,\"name\":\"Ariane p.b.r. LES NATURIANES\u00ae\"}]},{\"@type\":\"WebSite\",\"@id\":\"https:\\\/\\\/www.novadi.fr\\\/en\\\/#website\",\"url\":\"https:\\\/\\\/www.novadi.fr\\\/en\\\/\",\"name\":\"Novadi\",\"description\":\"\",\"publisher\":{\"@id\":\"https:\\\/\\\/www.novadi.fr\\\/en\\\/#organization\"},\"potentialAction\":[{\"@type\":\"SearchAction\",\"target\":{\"@type\":\"EntryPoint\",\"urlTemplate\":\"https:\\\/\\\/www.novadi.fr\\\/en\\\/?s={search_term_string}\"},\"query-input\":{\"@type\":\"PropertyValueSpecification\",\"valueRequired\":true,\"valueName\":\"search_term_string\"}}],\"inLanguage\":\"en-US\"},{\"@type\":\"Organization\",\"@id\":\"https:\\\/\\\/www.novadi.fr\\\/en\\\/#organization\",\"name\":\"Novadi\",\"url\":\"https:\\\/\\\/www.novadi.fr\\\/en\\\/\",\"logo\":{\"@type\":\"ImageObject\",\"inLanguage\":\"en-US\",\"@id\":\"https:\\\/\\\/www.novadi.fr\\\/en\\\/#\\\/schema\\\/logo\\\/image\\\/\",\"url\":\"https:\\\/\\\/www.novadi.fr\\\/wp-content\\\/uploads\\\/2021\\\/06\\\/Logo-novadi-1.png\",\"contentUrl\":\"https:\\\/\\\/www.novadi.fr\\\/wp-content\\\/uploads\\\/2021\\\/06\\\/Logo-novadi-1.png\",\"width\":1471,\"height\":523,\"caption\":\"Novadi\"},\"image\":{\"@id\":\"https:\\\/\\\/www.novadi.fr\\\/en\\\/#\\\/schema\\\/logo\\\/image\\\/\"}}]}<\/script>\n<!-- \/ Yoast SEO plugin. -->","yoast_head_json":{"title":"Tout savoir sur la vari\u00e9t\u00e9 de pommes Ariane c.o.v. LES NATURIANES\u00ae","description":"Ariane c.o.v. LES NATURIANES\u00ae est une vari\u00e9t\u00e9 de pommes de qualit\u00e9 gustative reconnue et de bonne conservation.","robots":{"index":"index","follow":"follow","max-snippet":"max-snippet:-1","max-image-preview":"max-image-preview:large","max-video-preview":"max-video-preview:-1"},"canonical":"https:\/\/www.novadi.fr\/en\/nos-varietes\/ariane-les-naturianes\/","og_locale":"en_US","og_type":"article","og_title":"Tout savoir sur la vari\u00e9t\u00e9 de pommes Ariane c.o.v. LES NATURIANES\u00ae","og_description":"Ariane c.o.v. LES NATURIANES\u00ae est une vari\u00e9t\u00e9 de pommes de qualit\u00e9 gustative reconnue et de bonne conservation.","og_url":"https:\/\/www.novadi.fr\/en\/nos-varietes\/ariane-les-naturianes\/","og_site_name":"Novadi","article_modified_time":"2024-11-08T08:44:54+00:00","twitter_card":"summary_large_image","twitter_misc":{"Est. reading time":"2 minutes"},"schema":{"@context":"https:\/\/schema.org","@graph":[{"@type":"WebPage","@id":"https:\/\/www.novadi.fr\/en\/nos-varietes\/ariane-les-naturianes\/","url":"https:\/\/www.novadi.fr\/en\/nos-varietes\/ariane-les-naturianes\/","name":"Tout savoir sur la vari\u00e9t\u00e9 de pommes Ariane c.o.v. LES NATURIANES\u00ae","isPartOf":{"@id":"https:\/\/www.novadi.fr\/en\/#website"},"datePublished":"2021-09-20T07:16:59+00:00","dateModified":"2024-11-08T08:44:54+00:00","description":"Ariane c.o.v. LES NATURIANES\u00ae est une vari\u00e9t\u00e9 de pommes de qualit\u00e9 gustative reconnue et de bonne conservation.","breadcrumb":{"@id":"https:\/\/www.novadi.fr\/en\/nos-varietes\/ariane-les-naturianes\/#breadcrumb"},"inLanguage":"en-US","potentialAction":[{"@type":"ReadAction","target":["https:\/\/www.novadi.fr\/en\/nos-varietes\/ariane-les-naturianes\/"]}]},{"@type":"BreadcrumbList","@id":"https:\/\/www.novadi.fr\/en\/nos-varietes\/ariane-les-naturianes\/#breadcrumb","itemListElement":[{"@type":"ListItem","position":1,"name":"Accueil","item":"https:\/\/www.novadi.fr\/en\/"},{"@type":"ListItem","position":2,"name":"The planifruit of our varieties","item":"https:\/\/www.novadi.fr\/en\/nos-varietes\/"},{"@type":"ListItem","position":3,"name":"Ariane p.b.r. LES NATURIANES\u00ae"}]},{"@type":"WebSite","@id":"https:\/\/www.novadi.fr\/en\/#website","url":"https:\/\/www.novadi.fr\/en\/","name":"Novadi","description":"","publisher":{"@id":"https:\/\/www.novadi.fr\/en\/#organization"},"potentialAction":[{"@type":"SearchAction","target":{"@type":"EntryPoint","urlTemplate":"https:\/\/www.novadi.fr\/en\/?s={search_term_string}"},"query-input":{"@type":"PropertyValueSpecification","valueRequired":true,"valueName":"search_term_string"}}],"inLanguage":"en-US"},{"@type":"Organization","@id":"https:\/\/www.novadi.fr\/en\/#organization","name":"Novadi","url":"https:\/\/www.novadi.fr\/en\/","logo":{"@type":"ImageObject","inLanguage":"en-US","@id":"https:\/\/www.novadi.fr\/en\/#\/schema\/logo\/image\/","url":"https:\/\/www.novadi.fr\/wp-content\/uploads\/2021\/06\/Logo-novadi-1.png","contentUrl":"https:\/\/www.novadi.fr\/wp-content\/uploads\/2021\/06\/Logo-novadi-1.png","width":1471,"height":523,"caption":"Novadi"},"image":{"@id":"https:\/\/www.novadi.fr\/en\/#\/schema\/logo\/image\/"}}]}},"_links":{"self":[{"href":"https:\/\/www.novadi.fr\/en\/wp-json\/wp\/v2\/pages\/1328","targetHints":{"allow":["GET"]}}],"collection":[{"href":"https:\/\/www.novadi.fr\/en\/wp-json\/wp\/v2\/pages"}],"about":[{"href":"https:\/\/www.novadi.fr\/en\/wp-json\/wp\/v2\/types\/page"}],"author":[{"embeddable":true,"href":"https:\/\/www.novadi.fr\/en\/wp-json\/wp\/v2\/users\/1"}],"replies":[{"embeddable":true,"href":"https:\/\/www.novadi.fr\/en\/wp-json\/wp\/v2\/comments?post=1328"}],"version-history":[{"count":5,"href":"https:\/\/www.novadi.fr\/en\/wp-json\/wp\/v2\/pages\/1328\/revisions"}],"predecessor-version":[{"id":1720,"href":"https:\/\/www.novadi.fr\/en\/wp-json\/wp\/v2\/pages\/1328\/revisions\/1720"}],"up":[{"embeddable":true,"href":"https:\/\/www.novadi.fr\/en\/wp-json\/wp\/v2\/pages\/1283"}],"wp:attachment":[{"href":"https:\/\/www.novadi.fr\/en\/wp-json\/wp\/v2\/media?parent=1328"}],"curies":[{"name":"wp","href":"https:\/\/api.w.org\/{rel}","templated":true}]}}