{"id":1323,"date":"2021-08-31T16:11:37","date_gmt":"2021-08-31T14:11:37","guid":{"rendered":"https:\/\/www.novadi.fr\/nos-varietes\/initial\/"},"modified":"2024-10-28T14:12:32","modified_gmt":"2024-10-28T13:12:32","slug":"initial","status":"publish","type":"page","link":"https:\/\/www.novadi.fr\/en\/nos-varietes\/initial\/","title":{"rendered":"Initial p.b.r."},"content":{"rendered":"<div class=\"wpb-content-wrapper\"><p>[vc_row full_width=&#8221;stretch_row_content_no_spaces&#8221; bg_type=&#8221;image&#8221; parallax_style=&#8221;vcpb-default&#8221; bg_image_new=&#8221;id^684|url^https:\/\/www.novadi.fr\/wp-content\/uploads\/2021\/09\/Initial-3.jpg|caption^Initial<br \/>\nP\u00e9pini\u00e8res du Valois|alt^null|title^initial1|description^null&#8221; bg_image_repeat=&#8221;no-repeat&#8221; bg_img_attach=&#8221;fixed&#8221; bg_image_posiiton=&#8221;center center&#8221; bg_override=&#8221;full&#8221; seperator_enable=&#8221;seperator_enable_value&#8221; seperator_type=&#8221;xlarge_triangle_right_seperator&#8221; seperator_position=&#8221;bottom_seperator&#8221; css=&#8221;.vc_custom_1632119557337{margin-top: 0px !important;padding-top: 0px !important;padding-bottom: 0px !important;}&#8221; el_class=&#8221;darkback&#8221;][vc_column css=&#8221;.vc_custom_1632118688527{margin-top: 0px !important;margin-bottom: 0px !important;padding-top: 200px !important;padding-bottom: 200px !important;background-image: url(https:\/\/www.novadi.fr\/wp-content\/uploads\/2021\/09\/calque-atome.png?id=667) !important;background-position: center !important;background-repeat: no-repeat !important;background-size: cover !important;}&#8221;][vc_column_text css=&#8221;.vc_custom_1730121071343{padding-top: 50px !important;padding-bottom: 50px !important;}&#8221;]<\/p>\n<h1 style=\"text-align: center;\">Initial p.b.r.<\/h1>\n<p>[\/vc_column_text][\/vc_column][\/vc_row][vc_row full_height=&#8221;yes&#8221; css_animation=&#8221;fadeIn&#8221; enable_overlay=&#8221;enable_overlay_value&#8221; overlay_color=&#8221;rgba(255,255,255,0.92)&#8221; css=&#8221;.vc_custom_1630420135188{margin-top: 45px !important;}&#8221;][vc_column width=&#8221;2\/3&#8243;][vc_column_text css=&#8221;&#8221;]<\/p>\n<h2>Presentation of the variety<\/h2>\n<p><strong>Manager:\u00a0<\/strong>NOVADI<br \/>\n<strong>Breeder:<\/strong> INRAE<\/p>\n<h3>The fruit<\/h3>\n<p style=\"padding-left: 40px;\"><strong>Maturity time<br \/>\n<\/strong>Early, 1 week before Gala, to be harvested in several passes<\/p>\n<p style=\"padding-left: 40px;\"><strong>Fruit size<br \/>\n<\/strong>Good size<\/p>\n<p style=\"padding-left: 40px;\"><strong>Attractiveness and colouring<br \/>\n<\/strong>Attractive fruit, 3\/4 red on yellow background<\/p>\n<p style=\"padding-left: 40px;\"><strong>Storage<br \/>\n<\/strong>Satisfactory for an early variety &#8211; 1.5 months in normal cold storage<\/p>\n<p style=\"padding-left: 40px;\"><strong>Gustative quality<br \/>\n<\/strong>Crunchy and juicy fruit, slightly acidic, fragrant.<\/p>\n<h3>The tree<\/h3>\n<p style=\"padding-left: 40px;\"><strong>Vigor<br \/>\n<\/strong>Medium<\/p>\n<p style=\"padding-left: 40px;\"><strong>Flowering time<br \/>\n<\/strong>Golden Delicious<\/p>\n<p style=\"padding-left: 40px;\"><strong>Disease<br \/>\n<\/strong>Tolerant to common races of scab<\/p>\n<p style=\"padding-left: 40px;\"><strong>Productivity<br \/>\n<\/strong>Good and regular<\/p>\n<h2>General appreciation<\/h2>\n<p>Variety well adapted to temperate zones (North of the Loire) and to medium altitude. Variety easy to grow : little pruning and thinning, reduced phytosanitary treatments.[\/vc_column_text][\/vc_column][vc_column width=&#8221;1\/3&#8243;][vc_single_image image=&#8221;814&#8243; img_size=&#8221;full&#8221; alignment=&#8221;center&#8221;][vc_single_image image=&#8221;813&#8243; img_size=&#8221;full&#8221; alignment=&#8221;center&#8221;][\/vc_column][\/vc_row]<\/p>\n<\/div>","protected":false},"excerpt":{"rendered":"<p>[vc_row full_width=&#8221;stretch_row_content_no_spaces&#8221; bg_type=&#8221;image&#8221; parallax_style=&#8221;vcpb-default&#8221; bg_image_new=&#8221;id^684|url^https:\/\/www.novadi.fr\/wp-content\/uploads\/2021\/09\/Initial-3.jpg|caption^Initial P\u00e9pini\u00e8res du Valois|alt^null|title^initial1|description^null&#8221; bg_image_repeat=&#8221;no-repeat&#8221; bg_img_attach=&#8221;fixed&#8221; bg_image_posiiton=&#8221;center center&#8221; bg_override=&#8221;full&#8221; seperator_enable=&#8221;seperator_enable_value&#8221; seperator_type=&#8221;xlarge_triangle_right_seperator&#8221; seperator_position=&#8221;bottom_seperator&#8221; css=&#8221;.vc_custom_1632119557337{margin-top: 0px !important;padding-top: 0px !important;padding-bottom: 0px !important;}&#8221; el_class=&#8221;darkback&#8221;][vc_column css=&#8221;.vc_custom_1632118688527{margin-top:&#8230;<\/p>\n","protected":false},"author":1,"featured_media":0,"parent":1283,"menu_order":0,"comment_status":"closed","ping_status":"closed","template":"","meta":{"inline_featured_image":false,"footnotes":""},"class_list":["post-1323","page","type-page","status-publish","hentry"],"yoast_head":"<!-- This site is optimized with the Yoast SEO plugin v27.1.1 - https:\/\/yoast.com\/product\/yoast-seo-wordpress\/ -->\n<title>Les pommes Initial c.o.v. sont une vari\u00e9t\u00e9 de l&#039;\u00e9diteur NOVADI<\/title>\n<meta name=\"description\" content=\"Venez d\u00e9couvrir tous les d\u00e9tails sur les pommes Initial c.o.v. qui sont une vari\u00e9t\u00e9 de l&#039;\u00e9diteur de pommes NOVADI\" \/>\n<meta name=\"robots\" content=\"index, follow, max-snippet:-1, max-image-preview:large, max-video-preview:-1\" \/>\n<link rel=\"canonical\" href=\"https:\/\/www.novadi.fr\/en\/nos-varietes\/initial\/\" \/>\n<meta property=\"og:locale\" content=\"en_US\" \/>\n<meta property=\"og:type\" content=\"article\" \/>\n<meta property=\"og:title\" content=\"Les pommes Initial c.o.v. sont une vari\u00e9t\u00e9 de l&#039;\u00e9diteur NOVADI\" \/>\n<meta property=\"og:description\" content=\"Venez d\u00e9couvrir tous les d\u00e9tails sur les pommes Initial c.o.v. qui sont une vari\u00e9t\u00e9 de l&#039;\u00e9diteur de pommes NOVADI\" \/>\n<meta property=\"og:url\" content=\"https:\/\/www.novadi.fr\/en\/nos-varietes\/initial\/\" \/>\n<meta property=\"og:site_name\" content=\"Novadi\" \/>\n<meta property=\"article:modified_time\" content=\"2024-10-28T13:12:32+00:00\" \/>\n<meta name=\"twitter:card\" content=\"summary_large_image\" \/>\n<meta name=\"twitter:label1\" content=\"Est. reading time\" \/>\n\t<meta name=\"twitter:data1\" content=\"2 minutes\" \/>\n<script type=\"application\/ld+json\" class=\"yoast-schema-graph\">{\"@context\":\"https:\/\/schema.org\",\"@graph\":[{\"@type\":\"WebPage\",\"@id\":\"https:\/\/www.novadi.fr\/en\/nos-varietes\/initial\/\",\"url\":\"https:\/\/www.novadi.fr\/en\/nos-varietes\/initial\/\",\"name\":\"Les pommes Initial c.o.v. sont une vari\u00e9t\u00e9 de l'\u00e9diteur NOVADI\",\"isPartOf\":{\"@id\":\"https:\/\/www.novadi.fr\/en\/#website\"},\"datePublished\":\"2021-08-31T14:11:37+00:00\",\"dateModified\":\"2024-10-28T13:12:32+00:00\",\"description\":\"Venez d\u00e9couvrir tous les d\u00e9tails sur les pommes Initial c.o.v. qui sont une vari\u00e9t\u00e9 de l'\u00e9diteur de pommes NOVADI\",\"breadcrumb\":{\"@id\":\"https:\/\/www.novadi.fr\/en\/nos-varietes\/initial\/#breadcrumb\"},\"inLanguage\":\"en-US\",\"potentialAction\":[{\"@type\":\"ReadAction\",\"target\":[\"https:\/\/www.novadi.fr\/en\/nos-varietes\/initial\/\"]}]},{\"@type\":\"BreadcrumbList\",\"@id\":\"https:\/\/www.novadi.fr\/en\/nos-varietes\/initial\/#breadcrumb\",\"itemListElement\":[{\"@type\":\"ListItem\",\"position\":1,\"name\":\"Accueil\",\"item\":\"https:\/\/www.novadi.fr\/en\/\"},{\"@type\":\"ListItem\",\"position\":2,\"name\":\"The planifruit of our varieties\",\"item\":\"https:\/\/www.novadi.fr\/en\/nos-varietes\/\"},{\"@type\":\"ListItem\",\"position\":3,\"name\":\"Initial p.b.r.\"}]},{\"@type\":\"WebSite\",\"@id\":\"https:\/\/www.novadi.fr\/en\/#website\",\"url\":\"https:\/\/www.novadi.fr\/en\/\",\"name\":\"Novadi\",\"description\":\"\",\"publisher\":{\"@id\":\"https:\/\/www.novadi.fr\/en\/#organization\"},\"potentialAction\":[{\"@type\":\"SearchAction\",\"target\":{\"@type\":\"EntryPoint\",\"urlTemplate\":\"https:\/\/www.novadi.fr\/en\/?s={search_term_string}\"},\"query-input\":{\"@type\":\"PropertyValueSpecification\",\"valueRequired\":true,\"valueName\":\"search_term_string\"}}],\"inLanguage\":\"en-US\"},{\"@type\":\"Organization\",\"@id\":\"https:\/\/www.novadi.fr\/en\/#organization\",\"name\":\"Novadi\",\"url\":\"https:\/\/www.novadi.fr\/en\/\",\"logo\":{\"@type\":\"ImageObject\",\"inLanguage\":\"en-US\",\"@id\":\"https:\/\/www.novadi.fr\/en\/#\/schema\/logo\/image\/\",\"url\":\"https:\/\/www.novadi.fr\/wp-content\/uploads\/2021\/06\/Logo-novadi-1.png\",\"contentUrl\":\"https:\/\/www.novadi.fr\/wp-content\/uploads\/2021\/06\/Logo-novadi-1.png\",\"width\":1471,\"height\":523,\"caption\":\"Novadi\"},\"image\":{\"@id\":\"https:\/\/www.novadi.fr\/en\/#\/schema\/logo\/image\/\"}}]}<\/script>\n<!-- \/ Yoast SEO plugin. -->","yoast_head_json":{"title":"Les pommes Initial c.o.v. sont une vari\u00e9t\u00e9 de l'\u00e9diteur NOVADI","description":"Venez d\u00e9couvrir tous les d\u00e9tails sur les pommes Initial c.o.v. qui sont une vari\u00e9t\u00e9 de l'\u00e9diteur de pommes NOVADI","robots":{"index":"index","follow":"follow","max-snippet":"max-snippet:-1","max-image-preview":"max-image-preview:large","max-video-preview":"max-video-preview:-1"},"canonical":"https:\/\/www.novadi.fr\/en\/nos-varietes\/initial\/","og_locale":"en_US","og_type":"article","og_title":"Les pommes Initial c.o.v. sont une vari\u00e9t\u00e9 de l'\u00e9diteur NOVADI","og_description":"Venez d\u00e9couvrir tous les d\u00e9tails sur les pommes Initial c.o.v. qui sont une vari\u00e9t\u00e9 de l'\u00e9diteur de pommes NOVADI","og_url":"https:\/\/www.novadi.fr\/en\/nos-varietes\/initial\/","og_site_name":"Novadi","article_modified_time":"2024-10-28T13:12:32+00:00","twitter_card":"summary_large_image","twitter_misc":{"Est. reading time":"2 minutes"},"schema":{"@context":"https:\/\/schema.org","@graph":[{"@type":"WebPage","@id":"https:\/\/www.novadi.fr\/en\/nos-varietes\/initial\/","url":"https:\/\/www.novadi.fr\/en\/nos-varietes\/initial\/","name":"Les pommes Initial c.o.v. sont une vari\u00e9t\u00e9 de l'\u00e9diteur NOVADI","isPartOf":{"@id":"https:\/\/www.novadi.fr\/en\/#website"},"datePublished":"2021-08-31T14:11:37+00:00","dateModified":"2024-10-28T13:12:32+00:00","description":"Venez d\u00e9couvrir tous les d\u00e9tails sur les pommes Initial c.o.v. qui sont une vari\u00e9t\u00e9 de l'\u00e9diteur de pommes NOVADI","breadcrumb":{"@id":"https:\/\/www.novadi.fr\/en\/nos-varietes\/initial\/#breadcrumb"},"inLanguage":"en-US","potentialAction":[{"@type":"ReadAction","target":["https:\/\/www.novadi.fr\/en\/nos-varietes\/initial\/"]}]},{"@type":"BreadcrumbList","@id":"https:\/\/www.novadi.fr\/en\/nos-varietes\/initial\/#breadcrumb","itemListElement":[{"@type":"ListItem","position":1,"name":"Accueil","item":"https:\/\/www.novadi.fr\/en\/"},{"@type":"ListItem","position":2,"name":"The planifruit of our varieties","item":"https:\/\/www.novadi.fr\/en\/nos-varietes\/"},{"@type":"ListItem","position":3,"name":"Initial p.b.r."}]},{"@type":"WebSite","@id":"https:\/\/www.novadi.fr\/en\/#website","url":"https:\/\/www.novadi.fr\/en\/","name":"Novadi","description":"","publisher":{"@id":"https:\/\/www.novadi.fr\/en\/#organization"},"potentialAction":[{"@type":"SearchAction","target":{"@type":"EntryPoint","urlTemplate":"https:\/\/www.novadi.fr\/en\/?s={search_term_string}"},"query-input":{"@type":"PropertyValueSpecification","valueRequired":true,"valueName":"search_term_string"}}],"inLanguage":"en-US"},{"@type":"Organization","@id":"https:\/\/www.novadi.fr\/en\/#organization","name":"Novadi","url":"https:\/\/www.novadi.fr\/en\/","logo":{"@type":"ImageObject","inLanguage":"en-US","@id":"https:\/\/www.novadi.fr\/en\/#\/schema\/logo\/image\/","url":"https:\/\/www.novadi.fr\/wp-content\/uploads\/2021\/06\/Logo-novadi-1.png","contentUrl":"https:\/\/www.novadi.fr\/wp-content\/uploads\/2021\/06\/Logo-novadi-1.png","width":1471,"height":523,"caption":"Novadi"},"image":{"@id":"https:\/\/www.novadi.fr\/en\/#\/schema\/logo\/image\/"}}]}},"_links":{"self":[{"href":"https:\/\/www.novadi.fr\/en\/wp-json\/wp\/v2\/pages\/1323","targetHints":{"allow":["GET"]}}],"collection":[{"href":"https:\/\/www.novadi.fr\/en\/wp-json\/wp\/v2\/pages"}],"about":[{"href":"https:\/\/www.novadi.fr\/en\/wp-json\/wp\/v2\/types\/page"}],"author":[{"embeddable":true,"href":"https:\/\/www.novadi.fr\/en\/wp-json\/wp\/v2\/users\/1"}],"replies":[{"embeddable":true,"href":"https:\/\/www.novadi.fr\/en\/wp-json\/wp\/v2\/comments?post=1323"}],"version-history":[{"count":6,"href":"https:\/\/www.novadi.fr\/en\/wp-json\/wp\/v2\/pages\/1323\/revisions"}],"predecessor-version":[{"id":1689,"href":"https:\/\/www.novadi.fr\/en\/wp-json\/wp\/v2\/pages\/1323\/revisions\/1689"}],"up":[{"embeddable":true,"href":"https:\/\/www.novadi.fr\/en\/wp-json\/wp\/v2\/pages\/1283"}],"wp:attachment":[{"href":"https:\/\/www.novadi.fr\/en\/wp-json\/wp\/v2\/media?parent=1323"}],"curies":[{"name":"wp","href":"https:\/\/api.w.org\/{rel}","templated":true}]}}