{"id":1305,"date":"2021-09-20T12:00:29","date_gmt":"2021-09-20T10:00:29","guid":{"rendered":"https:\/\/www.novadi.fr\/les-naturianes\/"},"modified":"2024-10-28T14:10:36","modified_gmt":"2024-10-28T13:10:36","slug":"les-naturianes","status":"publish","type":"page","link":"https:\/\/www.novadi.fr\/en\/les-naturianes\/","title":{"rendered":"LES NATURIANES \u00ae"},"content":{"rendered":"<div class=\"wpb-content-wrapper\"><p>[vc_row full_width=&#8221;stretch_row_content_no_spaces&#8221; bg_type=&#8221;image&#8221; parallax_style=&#8221;vcpb-default&#8221; bg_image_new=&#8221;id^787|url^https:\/\/www.novadi.fr\/wp-content\/uploads\/2021\/09\/ariane-pomme.png|caption^null|alt^null|title^ariane-pomme|description^null&#8221; bg_image_repeat=&#8221;no-repeat&#8221; bg_img_attach=&#8221;fixed&#8221; bg_image_posiiton=&#8221;center center&#8221; bg_override=&#8221;full&#8221; seperator_enable=&#8221;seperator_enable_value&#8221; seperator_type=&#8221;xlarge_triangle_right_seperator&#8221; seperator_position=&#8221;bottom_seperator&#8221; css=&#8221;.vc_custom_1632131962390{margin-top: 0px !important;padding-top: 0px !important;padding-bottom: 0px !important;}&#8221; el_class=&#8221;darkback&#8221;][vc_column css=&#8221;.vc_custom_1632118255038{margin-top: 0px !important;margin-bottom: 0px !important;padding-top: 200px !important;padding-bottom: 200px !important;background-image: url(https:\/\/www.novadi.fr\/wp-content\/uploads\/2021\/09\/calque-atome.png?id=667) !important;background-position: center !important;background-repeat: no-repeat !important;background-size: cover !important;}&#8221;][vc_column_text css=&#8221;.vc_custom_1642503806147{padding-top: 50px !important;padding-bottom: 50px !important;}&#8221;]<\/p>\n<h1 style=\"text-align: center;\">LES NATURIANES\u00ae, a trademark of NOVADI<\/h1>\n<p>[\/vc_column_text][\/vc_column][\/vc_row][vc_row full_height=&#8221;yes&#8221; css_animation=&#8221;fadeIn&#8221; enable_overlay=&#8221;enable_overlay_value&#8221; overlay_color=&#8221;rgba(255,255,255,0.92)&#8221; css=&#8221;.vc_custom_1630420135188{margin-top: 45px !important;}&#8221;][vc_column width=&#8221;2\/3&#8243;][vc_column_text css=&#8221;&#8221;]<\/p>\n<h2>ARIANE<sub>PBR<\/sub> LES NATURIANES\u00ae, a gourmet apple<\/h2>\n<p>An apple recognised by consumers for its taste quality, both sweet and tart, firm and crunchy, juicy and sparkling in the mouth, for an authentic flavor. Ariane<sub>pbr<\/sub> Les Naturianes\u00ae is a two-colored apple, with a deep, bright red color and lenticels, which combines elegance and rusticity<\/p>\n<h3>Ariane pbr LES NATURIANES\u00ae, a 100% French apple: Created, developed and grown exclusively in France.<\/h3>\n<p>Currently, 250 French producers are involved in the production of a sustainable and environmentally friendly apple on 500 hectares of orchards. It is produced more particularly in the Loire Valley, in the South-West, in the Rh\u00f4ne-Mediterranean basin and in the Centre. These locations in the four corners of France allow consumers to have access to a regional product that combines rusticity with a high-quality taste. It thus occupies a special place among local products that can be found both on markets and in supermarkets.<\/p>\n<p>Ariane<sub>pbr<\/sub> LES NATURIANES\u00ae apple is subject to a selective distribution system. For more information, please visit <a href=\"https:\/\/www.pomme-ariane.com\/\">https:\/\/www.pomme-ariane.com\/<\/a> or contact NOVADI.[\/vc_column_text][\/vc_column][vc_column width=&#8221;1\/3&#8243;][vc_single_image image=&#8221;727&#8243; img_size=&#8221;full&#8221;][vc_single_image image=&#8221;787&#8243; img_size=&#8221;full&#8221;][\/vc_column][\/vc_row]<\/p>\n<\/div>","protected":false},"excerpt":{"rendered":"<p>[vc_row full_width=&#8221;stretch_row_content_no_spaces&#8221; bg_type=&#8221;image&#8221; parallax_style=&#8221;vcpb-default&#8221; bg_image_new=&#8221;id^787|url^https:\/\/www.novadi.fr\/wp-content\/uploads\/2021\/09\/ariane-pomme.png|caption^null|alt^null|title^ariane-pomme|description^null&#8221; bg_image_repeat=&#8221;no-repeat&#8221; bg_img_attach=&#8221;fixed&#8221; bg_image_posiiton=&#8221;center center&#8221; bg_override=&#8221;full&#8221; seperator_enable=&#8221;seperator_enable_value&#8221; seperator_type=&#8221;xlarge_triangle_right_seperator&#8221; seperator_position=&#8221;bottom_seperator&#8221; css=&#8221;.vc_custom_1632131962390{margin-top: 0px !important;padding-top: 0px !important;padding-bottom: 0px !important;}&#8221; el_class=&#8221;darkback&#8221;][vc_column css=&#8221;.vc_custom_1632118255038{margin-top: 0px !important;margin-bottom: 0px&#8230;<\/p>\n","protected":false},"author":1,"featured_media":0,"parent":0,"menu_order":0,"comment_status":"closed","ping_status":"closed","template":"","meta":{"inline_featured_image":false,"footnotes":""},"class_list":["post-1305","page","type-page","status-publish","hentry"],"yoast_head":"<!-- This site is optimized with the Yoast SEO plugin v27.5 - https:\/\/yoast.com\/product\/yoast-seo-wordpress\/ -->\n<title>LES NATURIANES\u00ae, une marque de pommes gourmandes de NOVADI<\/title>\n<meta name=\"description\" content=\"Venez d\u00e9couvrir pourquoi LES NATURIANES\u00ae sont parmi les pommes les plus gourmandes du march\u00e9. Ce sont des pommes \u00e9dit\u00e9es par NOVADI.\" \/>\n<meta name=\"robots\" content=\"index, follow, max-snippet:-1, max-image-preview:large, max-video-preview:-1\" \/>\n<link rel=\"canonical\" href=\"https:\/\/www.novadi.fr\/en\/les-naturianes\/\" \/>\n<meta property=\"og:locale\" content=\"en_US\" \/>\n<meta property=\"og:type\" content=\"article\" \/>\n<meta property=\"og:title\" content=\"LES NATURIANES\u00ae, une marque de pommes gourmandes de NOVADI\" \/>\n<meta property=\"og:description\" content=\"Venez d\u00e9couvrir pourquoi LES NATURIANES\u00ae sont parmi les pommes les plus gourmandes du march\u00e9. Ce sont des pommes \u00e9dit\u00e9es par NOVADI.\" \/>\n<meta property=\"og:url\" content=\"https:\/\/www.novadi.fr\/en\/les-naturianes\/\" \/>\n<meta property=\"og:site_name\" content=\"Novadi\" \/>\n<meta property=\"article:modified_time\" content=\"2024-10-28T13:10:36+00:00\" \/>\n<meta name=\"twitter:card\" content=\"summary_large_image\" \/>\n<meta name=\"twitter:label1\" content=\"Est. reading time\" \/>\n\t<meta name=\"twitter:data1\" content=\"2 minutes\" \/>\n<script type=\"application\/ld+json\" class=\"yoast-schema-graph\">{\"@context\":\"https:\\\/\\\/schema.org\",\"@graph\":[{\"@type\":\"WebPage\",\"@id\":\"https:\\\/\\\/www.novadi.fr\\\/en\\\/les-naturianes\\\/\",\"url\":\"https:\\\/\\\/www.novadi.fr\\\/en\\\/les-naturianes\\\/\",\"name\":\"LES NATURIANES\u00ae, une marque de pommes gourmandes de NOVADI\",\"isPartOf\":{\"@id\":\"https:\\\/\\\/www.novadi.fr\\\/en\\\/#website\"},\"datePublished\":\"2021-09-20T10:00:29+00:00\",\"dateModified\":\"2024-10-28T13:10:36+00:00\",\"description\":\"Venez d\u00e9couvrir pourquoi LES NATURIANES\u00ae sont parmi les pommes les plus gourmandes du march\u00e9. Ce sont des pommes \u00e9dit\u00e9es par NOVADI.\",\"breadcrumb\":{\"@id\":\"https:\\\/\\\/www.novadi.fr\\\/en\\\/les-naturianes\\\/#breadcrumb\"},\"inLanguage\":\"en-US\",\"potentialAction\":[{\"@type\":\"ReadAction\",\"target\":[\"https:\\\/\\\/www.novadi.fr\\\/en\\\/les-naturianes\\\/\"]}]},{\"@type\":\"BreadcrumbList\",\"@id\":\"https:\\\/\\\/www.novadi.fr\\\/en\\\/les-naturianes\\\/#breadcrumb\",\"itemListElement\":[{\"@type\":\"ListItem\",\"position\":1,\"name\":\"Accueil\",\"item\":\"https:\\\/\\\/www.novadi.fr\\\/en\\\/\"},{\"@type\":\"ListItem\",\"position\":2,\"name\":\"LES NATURIANES \u00ae\"}]},{\"@type\":\"WebSite\",\"@id\":\"https:\\\/\\\/www.novadi.fr\\\/en\\\/#website\",\"url\":\"https:\\\/\\\/www.novadi.fr\\\/en\\\/\",\"name\":\"Novadi\",\"description\":\"\",\"publisher\":{\"@id\":\"https:\\\/\\\/www.novadi.fr\\\/en\\\/#organization\"},\"potentialAction\":[{\"@type\":\"SearchAction\",\"target\":{\"@type\":\"EntryPoint\",\"urlTemplate\":\"https:\\\/\\\/www.novadi.fr\\\/en\\\/?s={search_term_string}\"},\"query-input\":{\"@type\":\"PropertyValueSpecification\",\"valueRequired\":true,\"valueName\":\"search_term_string\"}}],\"inLanguage\":\"en-US\"},{\"@type\":\"Organization\",\"@id\":\"https:\\\/\\\/www.novadi.fr\\\/en\\\/#organization\",\"name\":\"Novadi\",\"url\":\"https:\\\/\\\/www.novadi.fr\\\/en\\\/\",\"logo\":{\"@type\":\"ImageObject\",\"inLanguage\":\"en-US\",\"@id\":\"https:\\\/\\\/www.novadi.fr\\\/en\\\/#\\\/schema\\\/logo\\\/image\\\/\",\"url\":\"https:\\\/\\\/www.novadi.fr\\\/wp-content\\\/uploads\\\/2021\\\/06\\\/Logo-novadi-1.png\",\"contentUrl\":\"https:\\\/\\\/www.novadi.fr\\\/wp-content\\\/uploads\\\/2021\\\/06\\\/Logo-novadi-1.png\",\"width\":1471,\"height\":523,\"caption\":\"Novadi\"},\"image\":{\"@id\":\"https:\\\/\\\/www.novadi.fr\\\/en\\\/#\\\/schema\\\/logo\\\/image\\\/\"}}]}<\/script>\n<!-- \/ Yoast SEO plugin. -->","yoast_head_json":{"title":"LES NATURIANES\u00ae, une marque de pommes gourmandes de NOVADI","description":"Venez d\u00e9couvrir pourquoi LES NATURIANES\u00ae sont parmi les pommes les plus gourmandes du march\u00e9. Ce sont des pommes \u00e9dit\u00e9es par NOVADI.","robots":{"index":"index","follow":"follow","max-snippet":"max-snippet:-1","max-image-preview":"max-image-preview:large","max-video-preview":"max-video-preview:-1"},"canonical":"https:\/\/www.novadi.fr\/en\/les-naturianes\/","og_locale":"en_US","og_type":"article","og_title":"LES NATURIANES\u00ae, une marque de pommes gourmandes de NOVADI","og_description":"Venez d\u00e9couvrir pourquoi LES NATURIANES\u00ae sont parmi les pommes les plus gourmandes du march\u00e9. Ce sont des pommes \u00e9dit\u00e9es par NOVADI.","og_url":"https:\/\/www.novadi.fr\/en\/les-naturianes\/","og_site_name":"Novadi","article_modified_time":"2024-10-28T13:10:36+00:00","twitter_card":"summary_large_image","twitter_misc":{"Est. reading time":"2 minutes"},"schema":{"@context":"https:\/\/schema.org","@graph":[{"@type":"WebPage","@id":"https:\/\/www.novadi.fr\/en\/les-naturianes\/","url":"https:\/\/www.novadi.fr\/en\/les-naturianes\/","name":"LES NATURIANES\u00ae, une marque de pommes gourmandes de NOVADI","isPartOf":{"@id":"https:\/\/www.novadi.fr\/en\/#website"},"datePublished":"2021-09-20T10:00:29+00:00","dateModified":"2024-10-28T13:10:36+00:00","description":"Venez d\u00e9couvrir pourquoi LES NATURIANES\u00ae sont parmi les pommes les plus gourmandes du march\u00e9. Ce sont des pommes \u00e9dit\u00e9es par NOVADI.","breadcrumb":{"@id":"https:\/\/www.novadi.fr\/en\/les-naturianes\/#breadcrumb"},"inLanguage":"en-US","potentialAction":[{"@type":"ReadAction","target":["https:\/\/www.novadi.fr\/en\/les-naturianes\/"]}]},{"@type":"BreadcrumbList","@id":"https:\/\/www.novadi.fr\/en\/les-naturianes\/#breadcrumb","itemListElement":[{"@type":"ListItem","position":1,"name":"Accueil","item":"https:\/\/www.novadi.fr\/en\/"},{"@type":"ListItem","position":2,"name":"LES NATURIANES \u00ae"}]},{"@type":"WebSite","@id":"https:\/\/www.novadi.fr\/en\/#website","url":"https:\/\/www.novadi.fr\/en\/","name":"Novadi","description":"","publisher":{"@id":"https:\/\/www.novadi.fr\/en\/#organization"},"potentialAction":[{"@type":"SearchAction","target":{"@type":"EntryPoint","urlTemplate":"https:\/\/www.novadi.fr\/en\/?s={search_term_string}"},"query-input":{"@type":"PropertyValueSpecification","valueRequired":true,"valueName":"search_term_string"}}],"inLanguage":"en-US"},{"@type":"Organization","@id":"https:\/\/www.novadi.fr\/en\/#organization","name":"Novadi","url":"https:\/\/www.novadi.fr\/en\/","logo":{"@type":"ImageObject","inLanguage":"en-US","@id":"https:\/\/www.novadi.fr\/en\/#\/schema\/logo\/image\/","url":"https:\/\/www.novadi.fr\/wp-content\/uploads\/2021\/06\/Logo-novadi-1.png","contentUrl":"https:\/\/www.novadi.fr\/wp-content\/uploads\/2021\/06\/Logo-novadi-1.png","width":1471,"height":523,"caption":"Novadi"},"image":{"@id":"https:\/\/www.novadi.fr\/en\/#\/schema\/logo\/image\/"}}]}},"_links":{"self":[{"href":"https:\/\/www.novadi.fr\/en\/wp-json\/wp\/v2\/pages\/1305","targetHints":{"allow":["GET"]}}],"collection":[{"href":"https:\/\/www.novadi.fr\/en\/wp-json\/wp\/v2\/pages"}],"about":[{"href":"https:\/\/www.novadi.fr\/en\/wp-json\/wp\/v2\/types\/page"}],"author":[{"embeddable":true,"href":"https:\/\/www.novadi.fr\/en\/wp-json\/wp\/v2\/users\/1"}],"replies":[{"embeddable":true,"href":"https:\/\/www.novadi.fr\/en\/wp-json\/wp\/v2\/comments?post=1305"}],"version-history":[{"count":4,"href":"https:\/\/www.novadi.fr\/en\/wp-json\/wp\/v2\/pages\/1305\/revisions"}],"predecessor-version":[{"id":1687,"href":"https:\/\/www.novadi.fr\/en\/wp-json\/wp\/v2\/pages\/1305\/revisions\/1687"}],"wp:attachment":[{"href":"https:\/\/www.novadi.fr\/en\/wp-json\/wp\/v2\/media?parent=1305"}],"curies":[{"name":"wp","href":"https:\/\/api.w.org\/{rel}","templated":true}]}}