{"id":1292,"date":"2021-08-31T16:59:51","date_gmt":"2021-08-31T14:59:51","guid":{"rendered":"https:\/\/www.novadi.fr\/lory\/"},"modified":"2024-10-28T14:07:38","modified_gmt":"2024-10-28T13:07:38","slug":"lory","status":"publish","type":"page","link":"https:\/\/www.novadi.fr\/en\/lory\/","title":{"rendered":"LORY\u00ae"},"content":{"rendered":"<div class=\"wpb-content-wrapper\"><p>[vc_row full_width=&#8221;stretch_row_content_no_spaces&#8221; bg_type=&#8221;image&#8221; parallax_style=&#8221;vcpb-default&#8221; bg_image_new=&#8221;id^941|url^https:\/\/www.novadi.fr\/wp-content\/uploads\/2021\/09\/Inogo-modifie\u0301-1-2.jpeg|caption^null|alt^null|title^Inogo modifie\u0301 &#8211; 1 2|description^null&#8221; bg_image_repeat=&#8221;no-repeat&#8221; bg_img_attach=&#8221;fixed&#8221; bg_image_posiiton=&#8221;center center&#8221; bg_override=&#8221;full&#8221; seperator_enable=&#8221;seperator_enable_value&#8221; seperator_type=&#8221;xlarge_triangle_right_seperator&#8221; seperator_position=&#8221;bottom_seperator&#8221; css=&#8221;.vc_custom_1632496695768{margin-top: 0px !important;padding-top: 0px !important;padding-bottom: 0px !important;}&#8221; el_class=&#8221;darkback&#8221;][vc_column css=&#8221;.vc_custom_1632118255038{margin-top: 0px !important;margin-bottom: 0px !important;padding-top: 200px !important;padding-bottom: 200px !important;background-image: url(https:\/\/www.novadi.fr\/wp-content\/uploads\/2021\/09\/calque-atome.png?id=667) !important;background-position: center !important;background-repeat: no-repeat !important;background-size: cover !important;}&#8221;][vc_column_text css=&#8221;.vc_custom_1642502944488{padding-top: 50px !important;padding-bottom: 50px !important;}&#8221;]<\/p>\n<h1 style=\"text-align: center;\">LORY\u00ae, a trademark of NOVADI<\/h1>\n<p>[\/vc_column_text][\/vc_column][\/vc_row][vc_row full_height=&#8221;yes&#8221; css_animation=&#8221;fadeIn&#8221; enable_overlay=&#8221;enable_overlay_value&#8221; overlay_color=&#8221;rgba(255,255,255,0.92)&#8221; css=&#8221;.vc_custom_1630420135188{margin-top: 45px !important;}&#8221;][vc_column width=&#8221;2\/3&#8243;][vc_column_text css=&#8221;&#8221;]<\/p>\n<h2>LORY\u00ae INOGO<sub>PBR<\/sub>, THE SCAB TOLERANT YELLOW APPLE<\/h2>\n<p>LORY\u00ae Inogo<sub>pbr<\/sub>, brings novelty to the range of yellow apple varieties with its natural tolerance to scab and less sensitivity to woolly apple aphid and powdery mildew, very good taste and agronomic qualities and a long shelf life.<\/p>\n<h3>Promotional tools for the development of the variety.<\/h3>\n<p>NOVADI proposes a new marketing strategy for the LORY\u00ae Inogo<sub>pbr<\/sub> variety. We want to support our customers in the development of the variety by setting up promotional tools to facilitate the organization of the marketing of the fruit and to enhance the value of high-quality fruit.<\/p>\n<p>The objective behind the creation of this brand is to increase the value of the product on the market by improving its visibility to consumers thanks to a single strong identity. A simple specification on the fruit will allow to highlight the high-quality fruits.<\/p>\n<p>The tools are the logo, the stickers, the trays, the flyers, the shop displays, etc&#8230; with their variations for organic production. Once the license is signed, these ready-to-use tools will be available on NOVADI\u2019s extranet.<\/p>\n<h3><strong>\u00a0<\/strong>This approach also exists for other varieties:<\/h3>\n<ul>\n<li>GALY\u00ae for the red, early variety that colours easily: Inobi<sub>pbr<\/sub><\/li>\n<li>MANDY\u00ae for the terroir and bicolour variety: Inolov<sub>pbr<\/sub><\/li>\n<\/ul>\n<p>For more information, contact NOVADI.[\/vc_column_text][\/vc_column][vc_column width=&#8221;1\/3&#8243;][vc_single_image image=&#8221;937&#8243; img_size=&#8221;full&#8221;][vc_single_image image=&#8221;550&#8243; img_size=&#8221;full&#8221;][vc_single_image image=&#8221;938&#8243; img_size=&#8221;full&#8221;][\/vc_column][\/vc_row]<\/p>\n<\/div>","protected":false},"excerpt":{"rendered":"<p>[vc_row full_width=&#8221;stretch_row_content_no_spaces&#8221; bg_type=&#8221;image&#8221; parallax_style=&#8221;vcpb-default&#8221; bg_image_new=&#8221;id^941|url^https:\/\/www.novadi.fr\/wp-content\/uploads\/2021\/09\/Inogo-modifie\u0301-1-2.jpeg|caption^null|alt^null|title^Inogo modifie\u0301 &#8211; 1 2|description^null&#8221; bg_image_repeat=&#8221;no-repeat&#8221; bg_img_attach=&#8221;fixed&#8221; bg_image_posiiton=&#8221;center center&#8221; bg_override=&#8221;full&#8221; seperator_enable=&#8221;seperator_enable_value&#8221; seperator_type=&#8221;xlarge_triangle_right_seperator&#8221; seperator_position=&#8221;bottom_seperator&#8221; css=&#8221;.vc_custom_1632496695768{margin-top: 0px !important;padding-top: 0px !important;padding-bottom: 0px !important;}&#8221; el_class=&#8221;darkback&#8221;][vc_column&#8230;<\/p>\n","protected":false},"author":1,"featured_media":0,"parent":0,"menu_order":0,"comment_status":"closed","ping_status":"closed","template":"","meta":{"inline_featured_image":false,"footnotes":""},"class_list":["post-1292","page","type-page","status-publish","hentry"],"yoast_head":"<!-- This site is optimized with the Yoast SEO plugin v27.4 - https:\/\/yoast.com\/product\/yoast-seo-wordpress\/ -->\n<title>LORY\u00ae Inogo cov, la pomme jaune r\u00e9sistante \u00e0 la tavelure de Novadi<\/title>\n<meta name=\"description\" content=\"Venez d\u00e9couvrir pourquoi les LORY\u00ae sont parmi les pommes les plus gourmandes du march\u00e9. Ce sont des pommes \u00e9dit\u00e9es par NOVADI.\" \/>\n<meta name=\"robots\" content=\"index, follow, max-snippet:-1, max-image-preview:large, max-video-preview:-1\" \/>\n<link rel=\"canonical\" href=\"https:\/\/www.novadi.fr\/en\/lory\/\" \/>\n<meta property=\"og:locale\" content=\"en_US\" \/>\n<meta property=\"og:type\" content=\"article\" \/>\n<meta property=\"og:title\" content=\"LORY\u00ae Inogo cov, la pomme jaune r\u00e9sistante \u00e0 la tavelure de Novadi\" \/>\n<meta property=\"og:description\" content=\"Venez d\u00e9couvrir pourquoi les LORY\u00ae sont parmi les pommes les plus gourmandes du march\u00e9. Ce sont des pommes \u00e9dit\u00e9es par NOVADI.\" \/>\n<meta property=\"og:url\" content=\"https:\/\/www.novadi.fr\/en\/lory\/\" \/>\n<meta property=\"og:site_name\" content=\"Novadi\" \/>\n<meta property=\"article:modified_time\" content=\"2024-10-28T13:07:38+00:00\" \/>\n<meta name=\"twitter:card\" content=\"summary_large_image\" \/>\n<meta name=\"twitter:label1\" content=\"Est. reading time\" \/>\n\t<meta name=\"twitter:data1\" content=\"3 minutes\" \/>\n<script type=\"application\/ld+json\" class=\"yoast-schema-graph\">{\"@context\":\"https:\\\/\\\/schema.org\",\"@graph\":[{\"@type\":\"WebPage\",\"@id\":\"https:\\\/\\\/www.novadi.fr\\\/en\\\/lory\\\/\",\"url\":\"https:\\\/\\\/www.novadi.fr\\\/en\\\/lory\\\/\",\"name\":\"LORY\u00ae Inogo cov, la pomme jaune r\u00e9sistante \u00e0 la tavelure de Novadi\",\"isPartOf\":{\"@id\":\"https:\\\/\\\/www.novadi.fr\\\/en\\\/#website\"},\"datePublished\":\"2021-08-31T14:59:51+00:00\",\"dateModified\":\"2024-10-28T13:07:38+00:00\",\"description\":\"Venez d\u00e9couvrir pourquoi les LORY\u00ae sont parmi les pommes les plus gourmandes du march\u00e9. Ce sont des pommes \u00e9dit\u00e9es par NOVADI.\",\"breadcrumb\":{\"@id\":\"https:\\\/\\\/www.novadi.fr\\\/en\\\/lory\\\/#breadcrumb\"},\"inLanguage\":\"en-US\",\"potentialAction\":[{\"@type\":\"ReadAction\",\"target\":[\"https:\\\/\\\/www.novadi.fr\\\/en\\\/lory\\\/\"]}]},{\"@type\":\"BreadcrumbList\",\"@id\":\"https:\\\/\\\/www.novadi.fr\\\/en\\\/lory\\\/#breadcrumb\",\"itemListElement\":[{\"@type\":\"ListItem\",\"position\":1,\"name\":\"Accueil\",\"item\":\"https:\\\/\\\/www.novadi.fr\\\/en\\\/\"},{\"@type\":\"ListItem\",\"position\":2,\"name\":\"LORY\u00ae\"}]},{\"@type\":\"WebSite\",\"@id\":\"https:\\\/\\\/www.novadi.fr\\\/en\\\/#website\",\"url\":\"https:\\\/\\\/www.novadi.fr\\\/en\\\/\",\"name\":\"Novadi\",\"description\":\"\",\"publisher\":{\"@id\":\"https:\\\/\\\/www.novadi.fr\\\/en\\\/#organization\"},\"potentialAction\":[{\"@type\":\"SearchAction\",\"target\":{\"@type\":\"EntryPoint\",\"urlTemplate\":\"https:\\\/\\\/www.novadi.fr\\\/en\\\/?s={search_term_string}\"},\"query-input\":{\"@type\":\"PropertyValueSpecification\",\"valueRequired\":true,\"valueName\":\"search_term_string\"}}],\"inLanguage\":\"en-US\"},{\"@type\":\"Organization\",\"@id\":\"https:\\\/\\\/www.novadi.fr\\\/en\\\/#organization\",\"name\":\"Novadi\",\"url\":\"https:\\\/\\\/www.novadi.fr\\\/en\\\/\",\"logo\":{\"@type\":\"ImageObject\",\"inLanguage\":\"en-US\",\"@id\":\"https:\\\/\\\/www.novadi.fr\\\/en\\\/#\\\/schema\\\/logo\\\/image\\\/\",\"url\":\"https:\\\/\\\/www.novadi.fr\\\/wp-content\\\/uploads\\\/2021\\\/06\\\/Logo-novadi-1.png\",\"contentUrl\":\"https:\\\/\\\/www.novadi.fr\\\/wp-content\\\/uploads\\\/2021\\\/06\\\/Logo-novadi-1.png\",\"width\":1471,\"height\":523,\"caption\":\"Novadi\"},\"image\":{\"@id\":\"https:\\\/\\\/www.novadi.fr\\\/en\\\/#\\\/schema\\\/logo\\\/image\\\/\"}}]}<\/script>\n<!-- \/ Yoast SEO plugin. -->","yoast_head_json":{"title":"LORY\u00ae Inogo cov, la pomme jaune r\u00e9sistante \u00e0 la tavelure de Novadi","description":"Venez d\u00e9couvrir pourquoi les LORY\u00ae sont parmi les pommes les plus gourmandes du march\u00e9. Ce sont des pommes \u00e9dit\u00e9es par NOVADI.","robots":{"index":"index","follow":"follow","max-snippet":"max-snippet:-1","max-image-preview":"max-image-preview:large","max-video-preview":"max-video-preview:-1"},"canonical":"https:\/\/www.novadi.fr\/en\/lory\/","og_locale":"en_US","og_type":"article","og_title":"LORY\u00ae Inogo cov, la pomme jaune r\u00e9sistante \u00e0 la tavelure de Novadi","og_description":"Venez d\u00e9couvrir pourquoi les LORY\u00ae sont parmi les pommes les plus gourmandes du march\u00e9. Ce sont des pommes \u00e9dit\u00e9es par NOVADI.","og_url":"https:\/\/www.novadi.fr\/en\/lory\/","og_site_name":"Novadi","article_modified_time":"2024-10-28T13:07:38+00:00","twitter_card":"summary_large_image","twitter_misc":{"Est. reading time":"3 minutes"},"schema":{"@context":"https:\/\/schema.org","@graph":[{"@type":"WebPage","@id":"https:\/\/www.novadi.fr\/en\/lory\/","url":"https:\/\/www.novadi.fr\/en\/lory\/","name":"LORY\u00ae Inogo cov, la pomme jaune r\u00e9sistante \u00e0 la tavelure de Novadi","isPartOf":{"@id":"https:\/\/www.novadi.fr\/en\/#website"},"datePublished":"2021-08-31T14:59:51+00:00","dateModified":"2024-10-28T13:07:38+00:00","description":"Venez d\u00e9couvrir pourquoi les LORY\u00ae sont parmi les pommes les plus gourmandes du march\u00e9. Ce sont des pommes \u00e9dit\u00e9es par NOVADI.","breadcrumb":{"@id":"https:\/\/www.novadi.fr\/en\/lory\/#breadcrumb"},"inLanguage":"en-US","potentialAction":[{"@type":"ReadAction","target":["https:\/\/www.novadi.fr\/en\/lory\/"]}]},{"@type":"BreadcrumbList","@id":"https:\/\/www.novadi.fr\/en\/lory\/#breadcrumb","itemListElement":[{"@type":"ListItem","position":1,"name":"Accueil","item":"https:\/\/www.novadi.fr\/en\/"},{"@type":"ListItem","position":2,"name":"LORY\u00ae"}]},{"@type":"WebSite","@id":"https:\/\/www.novadi.fr\/en\/#website","url":"https:\/\/www.novadi.fr\/en\/","name":"Novadi","description":"","publisher":{"@id":"https:\/\/www.novadi.fr\/en\/#organization"},"potentialAction":[{"@type":"SearchAction","target":{"@type":"EntryPoint","urlTemplate":"https:\/\/www.novadi.fr\/en\/?s={search_term_string}"},"query-input":{"@type":"PropertyValueSpecification","valueRequired":true,"valueName":"search_term_string"}}],"inLanguage":"en-US"},{"@type":"Organization","@id":"https:\/\/www.novadi.fr\/en\/#organization","name":"Novadi","url":"https:\/\/www.novadi.fr\/en\/","logo":{"@type":"ImageObject","inLanguage":"en-US","@id":"https:\/\/www.novadi.fr\/en\/#\/schema\/logo\/image\/","url":"https:\/\/www.novadi.fr\/wp-content\/uploads\/2021\/06\/Logo-novadi-1.png","contentUrl":"https:\/\/www.novadi.fr\/wp-content\/uploads\/2021\/06\/Logo-novadi-1.png","width":1471,"height":523,"caption":"Novadi"},"image":{"@id":"https:\/\/www.novadi.fr\/en\/#\/schema\/logo\/image\/"}}]}},"_links":{"self":[{"href":"https:\/\/www.novadi.fr\/en\/wp-json\/wp\/v2\/pages\/1292","targetHints":{"allow":["GET"]}}],"collection":[{"href":"https:\/\/www.novadi.fr\/en\/wp-json\/wp\/v2\/pages"}],"about":[{"href":"https:\/\/www.novadi.fr\/en\/wp-json\/wp\/v2\/types\/page"}],"author":[{"embeddable":true,"href":"https:\/\/www.novadi.fr\/en\/wp-json\/wp\/v2\/users\/1"}],"replies":[{"embeddable":true,"href":"https:\/\/www.novadi.fr\/en\/wp-json\/wp\/v2\/comments?post=1292"}],"version-history":[{"count":4,"href":"https:\/\/www.novadi.fr\/en\/wp-json\/wp\/v2\/pages\/1292\/revisions"}],"predecessor-version":[{"id":1683,"href":"https:\/\/www.novadi.fr\/en\/wp-json\/wp\/v2\/pages\/1292\/revisions\/1683"}],"wp:attachment":[{"href":"https:\/\/www.novadi.fr\/en\/wp-json\/wp\/v2\/media?parent=1292"}],"curies":[{"name":"wp","href":"https:\/\/api.w.org\/{rel}","templated":true}]}}