{"id":1283,"date":"2021-09-01T16:31:58","date_gmt":"2021-09-01T14:31:58","guid":{"rendered":"https:\/\/www.novadi.fr\/nos-varietes\/"},"modified":"2024-11-07T13:56:52","modified_gmt":"2024-11-07T12:56:52","slug":"nos-varietes","status":"publish","type":"page","link":"https:\/\/www.novadi.fr\/en\/nos-varietes\/","title":{"rendered":"The planifruit of our varieties"},"content":{"rendered":"<div class=\"wpb-content-wrapper\"><p>[vc_row full_width=&#8221;stretch_row_content_no_spaces&#8221; bg_type=&#8221;image&#8221; parallax_style=&#8221;vcpb-default&#8221; bg_image_new=&#8221;id^349|url^https:\/\/www.novadi.fr\/wp-content\/uploads\/2021\/06\/AG2105029-NOVADI-slide1-new.jpg|caption^null|alt^null|title^AG2105029-NOVADI &#8211; slide1-new|description^null&#8221; bg_image_repeat=&#8221;no-repeat&#8221; bg_img_attach=&#8221;fixed&#8221; bg_image_posiiton=&#8221;center center&#8221; bg_override=&#8221;full&#8221; seperator_enable=&#8221;seperator_enable_value&#8221; seperator_type=&#8221;xlarge_triangle_right_seperator&#8221; seperator_position=&#8221;bottom_seperator&#8221; css=&#8221;.vc_custom_1633280858096{margin-top: 0px !important;padding-top: 00px !important;padding-bottom: 0px !important;background-image: url(https:\/\/www.novadi.fr\/wp-content\/uploads\/2021\/09\/calque-atome.png?id=667) !important;background-position: center !important;background-repeat: no-repeat !important;background-size: cover !important;}&#8221; el_class=&#8221;darkback&#8221;][vc_column css=&#8221;.vc_custom_1633280852471{margin-top: 0px !important;margin-bottom: 0px !important;padding-top: 200px !important;padding-bottom: 200px !important;background-image: url(https:\/\/www.novadi.fr\/wp-content\/uploads\/2021\/09\/calque-atome.png?id=667) !important;background-position: center !important;background-repeat: no-repeat !important;background-size: cover !important;}&#8221;][vc_column_text css=&#8221;.vc_custom_1642501999443{padding-top: 50px !important;padding-bottom: 50px !important;}&#8221;]<\/p>\n<h1 style=\"text-align: center;\">The planifruit of our varieties<\/h1>\n<p>[\/vc_column_text][\/vc_column][\/vc_row][vc_row full_height=&#8221;yes&#8221; css_animation=&#8221;fadeIn&#8221; enable_overlay=&#8221;enable_overlay_value&#8221; overlay_color=&#8221;rgba(255,255,255,0.92)&#8221; css=&#8221;.vc_custom_1630508238968{margin-top: 45px !important;margin-bottom: 35px !important;}&#8221;][vc_column width=&#8221;2\/3&#8243; css=&#8221;.vc_custom_1630506909457{padding-top: 0px !important;}&#8221;][vc_column_text css=&#8221;.vc_custom_1730119242023{margin-bottom: 0px !important;padding-bottom: 0px !important;}&#8221;]<\/p>\n<h2>A whole range of apple varieties naturally tolerant to pests and diseases<\/h2>\n<h3>New varieties to ensure sustainable profitability of orchards<\/h3>\n<p>For 20 years, NOVADI has been building a co-breeding program with INRAE in order to create and develop apple varieties tolerant to the main pests and diseases, and in particular to apple scab. In addition to tolerance, the objectives of the crosses are the regularity of production, the improvement of organoleptic quality, the extension of shelf life and the enhancement of pack-out. To ensure the sustainable profitability of the orchards, varieties have demonstrated their taste, agronomic and commercial qualities over time.<\/p>\n<p>These varieties are multiplied in France by nurseries member of NOVADI.<\/p>\n<h3>\u00a0Planifruit of our varieties<\/h3>\n<p>[\/vc_column_text][\/vc_column][vc_column width=&#8221;1\/3&#8243; css=&#8221;.vc_custom_1632408612786{background-image: url(https:\/\/www.novadi.fr\/wp-content\/uploads\/2021\/09\/IMG_3139-2.jpg?id=903) !important;background-position: center !important;background-repeat: no-repeat !important;background-size: cover !important;}&#8221;][\/vc_column][\/vc_row][vc_row][vc_column][vc_raw_html css=&#8221;&#8221;]JTNDZGl2JTIwY2xhc3MlM0QlMjJjYWxlbmRhciUyMiUyMGlkJTNEJTIyY2FsZW5kYXIlMjIlM0UlMjAlM0MlMjEtLSUyME9uJTIwb3V2cmUlMjBsYSUyMHNlY3Rpb24lMjBzdXIlMjBsZSUyMGNhbGVuZHJpZXIlMjAtLSUzRSUwQSUyMCUyMCUyMCUyMCUyMCUyMCUyMCUyMCUzQ2RpdiUyMGNsYXNzJTNEJTIyY2FsZW5kYXItaGVhZGVyJTIwZC1mbGV4JTIyJTNFJTBBJTNDZGl2JTIwY2xhc3MlM0QlMjJjYWxlbmRhci1qb3VyLW1vaXMlMjBkLWZsZXglMjBmbGV4LWNvbHVtbiUyMiUzRSUzQ3AlMjBjbGFzcyUzRCUyMmNhbGVuZGFyLWpvdXIlMjIlM0U3JTNDJTJGcCUzRSUzQ3AlMjBjbGFzcyUzRCUyMmNhbGVuZGFyLW1vaXMtaWQlMjIlM0VKdWwlM0MlMkZwJTNFJTNDJTJGZGl2JTNFJTBBJTNDZGl2JTIwY2xhc3MlM0QlMjJjYWxlbmRhci1qb3VyLW1vaXMlMjBkLWZsZXglMjBmbGV4LWNvbHVtbiUyMiUzRSUzQ3AlMjBjbGFzcyUzRCUyMmNhbGVuZGFyLWpvdXIlMjIlM0UxMCUzQyUyRnAlM0UlM0NwJTIwY2xhc3MlM0QlMjJjYWxlbmRhci1tb2lzLWlkJTIyJTNFSnVsJTNDJTJGcCUzRSUzQyUyRmRpdiUzRSUwQSUzQ2RpdiUyMGNsYXNzJTNEJTIyY2FsZW5kYXItam91ci1tb2lzJTIwZC1mbGV4JTIwZmxleC1jb2x1bW4lMjIlM0UlM0NwJTIwY2xhc3MlM0QlMjJjYWxlbmRhci1qb3VyJTIyJTNFMTQlM0MlMkZwJTNFJTNDcCUyMGNsYXNzJTNEJTIyY2FsZW5kYXItbW9pcy1pZCUyMiUzRUp1bCUzQyUyRnAlM0UlM0MlMkZkaXYlM0UlMEElM0NkaXYlMjBjbGFzcyUzRCUyMmNhbGVuZGFyLWpvdXItbW9pcyUyMGQtZmxleCUyMGZsZXgtY29sdW1uJTIyJTNFJTNDcCUyMGNsYXNzJTNEJTIyY2FsZW5kYXItam91ciUyMiUzRTIxJTNDJTJGcCUzRSUzQ3AlMjBjbGFzcyUzRCUyMmNhbGVuZGFyLW1vaXMtaWQlMjIlM0VKdWwlM0MlMkZwJTNFJTNDJTJGZGl2JTNFJTBBJTNDZGl2JTIwY2xhc3MlM0QlMjJjYWxlbmRhci1qb3VyLW1vaXMlMjBkLWZsZXglMjBmbGV4LWNvbHVtbiUyMiUzRSUzQ3AlMjBjbGFzcyUzRCUyMmNhbGVuZGFyLWpvdXIlMjIlM0UyOCUzQyUyRnAlM0UlM0NwJTIwY2xhc3MlM0QlMjJjYWxlbmRhci1tb2lzLWlkJTIyJTNFSnVsJTNDJTJGcCUzRSUzQyUyRmRpdiUzRSUwQSUzQ2RpdiUyMGNsYXNzJTNEJTIyY2FsZW5kYXItam91ci1tb2lzJTIwZC1mbGV4JTIwZmxleC1jb2x1bW4lMjIlM0UlM0NwJTIwY2xhc3MlM0QlMjJjYWxlbmRhci1qb3VyJTIyJTNFNyUzQyUyRnAlM0UlM0NwJTIwY2xhc3MlM0QlMjJjYWxlbmRhci1tb2lzLWlkJTIyJTNFQXVnJTNDJTJGcCUzRSUzQyUyRmRpdiUzRSUwQSUzQ2RpdiUyMGNsYXNzJTNEJTIyY2FsZW5kYXItam91ci1tb2lzJTIwZC1mbGV4JTIwZmxleC1jb2x1bW4lMjIlM0UlM0NwJTIwY2xhc3MlM0QlMjJjYWxlbmRhci1qb3VyJTIyJTNFMTAlM0MlMkZwJTNFJTNDcCUyMGNsYXNzJTNEJTIyY2FsZW5kYXItbW9pcy1pZCUyMiUzRUF1ZyUzQyUyRnAlM0UlM0MlMkZkaXYlM0UlMEElMjAlMjAlMjAlMjAlMjAlMjAlMjAlMjAlMjAlMjAlM0NkaXYlMjBjbGFzcyUzRCUyMmNhbGVuZGFyLWpvdXItbW9pcyUyMGQtZmxleCUyMGZsZXgtY29sdW1uJTIyJTNFJTNDcCUyMGNsYXNzJTNEJTIyY2FsZW5kYXItam91ciUyMiUzRTE0JTNDJTJGcCUzRSUzQ3AlMjBjbGFzcyUzRCUyMmNhbGVuZGFyLW1vaXMtaWQlMjIlM0VBdWclM0MlMkZwJTNFJTNDJTJGZGl2JTNFJTBBJTIwJTIwJTIwJTIwJTIwJTIwJTIwJTIwJTIwJTIwJTNDZGl2JTIwY2xhc3MlM0QlMjJjYWxlbmRhci1qb3VyLW1vaXMlMjBkLWZsZXglMjBmbGV4LWNvbHVtbiUyMiUzRSUzQ3AlMjBjbGFzcyUzRCUyMmNhbGVuZGFyLWpvdXIlMjIlM0UyMSUzQyUyRnAlM0UlM0NwJTIwY2xhc3MlM0QlMjJjYWxlbmRhci1tb2lzLWlkJTIyJTNFQXVnJTNDJTJGcCUzRSUzQyUyRmRpdiUzRSUwQSUyMCUyMCUyMCUyMCUyMCUyMCUyMCUyMCUyMCUyMCUzQ2RpdiUyMGNsYXNzJTNEJTIyY2FsZW5kYXItam91ci1tb2lzJTIwZC1mbGV4JTIwZmxleC1jb2x1bW4lMjIlM0UlM0NwJTIwY2xhc3MlM0QlMjJjYWxlbmRhci1qb3VyJTIyJTNFMjglM0MlMkZwJTNFJTNDcCUyMGNsYXNzJTNEJTIyY2FsZW5kYXItbW9pcy1pZCUyMiUzRUF1ZyUzQyUyRnAlM0UlM0MlMkZkaXYlM0UlMEElMjAlMjAlMjAlMjAlMjAlMjAlMjAlMjAlMjAlMjAlM0NkaXYlMjBjbGFzcyUzRCUyMmNhbGVuZGFyLWpvdXItbW9pcyUyMGQtZmxleCUyMGZsZXgtY29sdW1uJTIyJTNFJTNDcCUyMGNsYXNzJTNEJTIyY2FsZW5kYXItam91ciUyMiUzRTclM0MlMkZwJTNFJTNDcCUyMGNsYXNzJTNEJTIyY2FsZW5kYXItbW9pcy1pZCUyMiUzRVNlcHQlM0MlMkZwJTNFJTNDJTJGZGl2JTNFJTBBJTIwJTIwJTIwJTIwJTIwJTIwJTIwJTIwJTIwJTIwJTNDZGl2JTIwY2xhc3MlM0QlMjJjYWxlbmRhci1qb3VyLW1vaXMlMjBkLWZsZXglMjBmbGV4LWNvbHVtbiUyMiUzRSUzQ3AlMjBjbGFzcyUzRCUyMmNhbGVuZGFyLWpvdXIlMjIlM0UxMCUzQyUyRnAlM0UlM0NwJTIwY2xhc3MlM0QlMjJjYWxlbmRhci1tb2lzLWlkJTIyJTNFU2VwdCUzQyUyRnAlM0UlM0MlMkZkaXYlM0UlMEElMjAlMjAlMjAlMjAlMjAlMjAlMjAlMjAlMjAlMjAlM0NkaXYlMjBjbGFzcyUzRCUyMmNhbGVuZGFyLWpvdXItbW9pcyUyMGQtZmxleCUyMGZsZXgtY29sdW1uJTIyJTNFJTNDcCUyMGNsYXNzJTNEJTIyY2FsZW5kYXItam91ciUyMiUzRTE0JTNDJTJGcCUzRSUzQ3AlMjBjbGFzcyUzRCUyMmNhbGVuZGFyLW1vaXMtaWQlMjIlM0VTZXB0JTNDJTJGcCUzRSUzQyUyRmRpdiUzRSUwQSUyMCUyMCUyMCUyMCUyMCUyMCUyMCUyMCUyMCUyMCUzQ2RpdiUyMGNsYXNzJTNEJTIyY2FsZW5kYXItam91ci1tb2lzJTIwZC1mbGV4JTIwZmxleC1jb2x1bW4lMjIlM0UlM0NwJTIwY2xhc3MlM0QlMjJjYWxlbmRhci1qb3VyJTIyJTNFMjElM0MlMkZwJTNFJTNDcCUyMGNsYXNzJTNEJTIyY2FsZW5kYXItbW9pcy1pZCUyMiUzRVNlcHQlM0MlMkZwJTNFJTNDJTJGZGl2JTNFJTBBJTIwJTIwJTIwJTIwJTIwJTIwJTIwJTIwJTIwJTIwJTNDZGl2JTIwY2xhc3MlM0QlMjJjYWxlbmRhci1qb3VyLW1vaXMlMjBkLWZsZXglMjBmbGV4LWNvbHVtbiUyMiUzRSUzQ3AlMjBjbGFzcyUzRCUyMmNhbGVuZGFyLWpvdXIlMjIlM0UyOCUzQyUyRnAlM0UlM0NwJTIwY2xhc3MlM0QlMjJjYWxlbmRhci1tb2lzLWlkJTIyJTNFU2VwdCUzQyUyRnAlM0UlM0MlMkZkaXYlM0UlMEElMjAlMjAlMjAlMjAlMjAlMjAlMjAlMjAlMjAlMjAlM0NkaXYlMjBjbGFzcyUzRCUyMmNhbGVuZGFyLWpvdXItbW9pcyUyMGQtZmxleCUyMGZsZXgtY29sdW1uJTIyJTNFJTNDcCUyMGNsYXNzJTNEJTIyY2FsZW5kYXItam91ciUyMiUzRTclM0MlMkZwJTNFJTNDcCUyMGNsYXNzJTNEJTIyY2FsZW5kYXItbW9pcy1pZCUyMiUzRU9jdCUzQyUyRnAlM0UlM0MlMkZkaXYlM0UlMEElMjAlMjAlMjAlMjAlMjAlMjAlMjAlMjAlMjAlMjAlM0NkaXYlMjBjbGFzcyUzRCUyMmNhbGVuZGFyLWpvdXItbW9pcyUyMGQtZmxleCUyMGZsZXgtY29sdW1uJTIyJTNFJTNDcCUyMGNsYXNzJTNEJTIyY2FsZW5kYXItam91ciUyMiUzRTEwJTNDJTJGcCUzRSUzQ3AlMjBjbGFzcyUzRCUyMmNhbGVuZGFyLW1vaXMtaWQlMjIlM0VPY3QlM0MlMkZwJTNFJTNDJTJGZGl2JTNFJTBBJTIwJTIwJTIwJTIwJTIwJTIwJTIwJTIwJTIwJTIwJTNDZGl2JTIwY2xhc3MlM0QlMjJjYWxlbmRhci1qb3VyLW1vaXMlMjBkLWZsZXglMjBmbGV4LWNvbHVtbiUyMiUzRSUzQ3AlMjBjbGFzcyUzRCUyMmNhbGVuZGFyLWpvdXIlMjIlM0UxNCUzQyUyRnAlM0UlM0NwJTIwY2xhc3MlM0QlMjJjYWxlbmRhci1tb2lzLWlkJTIyJTNFT2N0JTNDJTJGcCUzRSUzQyUyRmRpdiUzRSUwQSUyMCUyMCUyMCUyMCUyMCUyMCUyMCUyMCUyMCUyMCUzQ2RpdiUyMGNsYXNzJTNEJTIyY2FsZW5kYXItam91ci1tb2lzJTIwZC1mbGV4JTIwZmxleC1jb2x1bW4lMjIlM0UlM0NwJTIwY2xhc3MlM0QlMjJjYWxlbmRhci1qb3VyJTIyJTNFMjElM0MlMkZwJTNFJTNDcCUyMGNsYXNzJTNEJTIyY2FsZW5kYXItbW9pcy1pZCUyMiUzRU9jdCUzQyUyRnAlM0UlM0MlMkZkaXYlM0UlMEElMjAlMjAlMjAlMjAlMjAlMjAlMjAlMjAlMjAlMjAlM0NkaXYlMjBjbGFzcyUzRCUyMmNhbGVuZGFyLWpvdXItbW9pcyUyMGQtZmxleCUyMGZsZXgtY29sdW1uJTIyJTNFJTNDcCUyMGNsYXNzJTNEJTIyY2FsZW5kYXItam91ciUyMiUzRTI4JTNDJTJGcCUzRSUzQ3AlMjBjbGFzcyUzRCUyMmNhbGVuZGFyLW1vaXMtaWQlMjIlM0VPY3QlM0MlMkZwJTNFJTNDJTJGZGl2JTNFJTBBJTIwJTIwJTIwJTIwJTIwJTIwJTIwJTIwJTIwJTIwJTNDZGl2JTIwY2xhc3MlM0QlMjJjYWxlbmRhci1qb3VyLW1vaXMlMjBkLWZsZXglMjBmbGV4LWNvbHVtbiUyMiUzRSUzQ3AlMjBjbGFzcyUzRCUyMmNhbGVuZGFyLWpvdXIlMjIlM0U3JTNDJTJGcCUzRSUzQ3AlMjBjbGFzcyUzRCUyMmNhbGVuZGFyLW1vaXMtaWQlMjIlM0VOb3YlM0MlMkZwJTNFJTNDJTJGZGl2JTNFJTBBJTIwJTIwJTIwJTIwJTIwJTIwJTIwJTIwJTIwJTIwJTNDZGl2JTIwY2xhc3MlM0QlMjJjYWxlbmRhci1qb3VyLW1vaXMlMjBkLWZsZXglMjBmbGV4LWNvbHVtbiUyMiUzRSUzQ3AlMjBjbGFzcyUzRCUyMmNhbGVuZGFyLWpvdXIlMjIlM0UxMCUzQyUyRnAlM0UlM0NwJTIwY2xhc3MlM0QlMjJjYWxlbmRhci1tb2lzLWlkJTIyJTNFTm92JTNDJTJGcCUzRSUzQyUyRmRpdiUzRSUwQSUyMCUyMCUyMCUyMCUyMCUyMCUyMCUyMCUzQyUyRmRpdiUzRSUwQSUyMCUyMCUyMCUyMCUyMCUyMCUyMCUyMCUzQ3VsJTIwY2xhc3MlM0QlMjJjYWxlbmRhci1saXN0JTIwZC1mbGV4JTIwZmxleC1jb2x1bW4lMjIlM0UlMEElMjAlMjAlMjAlMjAlMjAlMjAlMjAlMjAlMjAlMjAlMjAlMjAlMjAlMjAlMjAlMjAlMjAlMjAlMjAlMjAlMjAlMjAlMjAlMjAlMjAlMjAlMjAlMjAlM0NsaSUyMGNsYXNzJTNEJTIydmFyaWV0ZS1pbi1jYWxlbmRhciUyMGQtaW5saW5lLWZsZXglMjIlM0UlMEElMjAlMjAlMjAlMjAlMjAlMjAlMjAlMjAlMjAlMjAlMjAlMjAlMjAlMjAlMjAlMjAlMjAlMjAlMjAlMjAlM0NhJTIwaHJlZiUzRCUyMmVuJTJGdmFyaWV0ZSUyRmluaXRpYWwlMkYlMjIlMjBjbGFzcyUzRCUyMmR1cmVlJTIyJTIwc3R5bGUlM0QlMjJtYXJnaW4tbGVmdCUzQSUyMGNhbGMlMjglMjA0JTI1JTIwJTJBJTIwNSUyOSUzQiUyMHdpZHRoJTNBJTIwY2FsYyUyOCUyMDQlMjUlMjAlMkElMjAyJTI5JTNCJTIyJTNFJTNDJTJGYSUzRSUwQSUzQ2ElMjBjbGFzcyUzRCUyMmQtaW5saW5lLWZsZXglMjIlMjBocmVmJTNEJTIyZW4lMkZ2YXJpZXRlJTJGaW5pdGlhbCUyRiUyMiUzRUluaXRpYWwlMjBjLm8udi4lM0MlMkZhJTNFJTNDYSUyMGNsYXNzJTNEJTIyZC1pbmxpbmUtZmxleCUyMiUyMGhyZWYlM0QlMjJlbiUyRnZhcmlldGUlMkZpbml0aWFsJTJGJTIyJTNFJTNDJTJGYSUzRSUyMCUyMCUyMCUyMCUyMCUyMCUyMCUyMCUyMCUyMCUyMCUyMCUyMCUyMCUyMCUyMCUzQyUyRmxpJTNFJTBBJTIwJTIwJTIwJTIwJTIwJTIwJTIwJTIwJTIwJTIwJTIwJTIwJTIwJTIwJTIwJTIwJTIwJTIwJTIwJTIwJTIwJTIwJTIwJTIwJTIwJTIwJTIwJTIwJTIwJTIwJTIwJTIwJTNDbGklMjBjbGFzcyUzRCUyMnZhcmlldGUtaW4tY2FsZW5kYXIlMjBkLWlubGluZS1mbGV4JTIyJTNFJTBBJTIwJTIwJTIwJTIwJTIwJTIwJTIwJTIwJTIwJTIwJTIwJTIwJTIwJTIwJTIwJTIwJTIwJTIwJTIwJTIwJTNDYSUyMGhyZWYlM0QlMjJlbiUyRnZhcmlldGUlMkZpbm9iaSUyRiUyMiUyMGNsYXNzJTNEJTIyZHVyZWUlMjIlMjBzdHlsZSUzRCUyMm1hcmdpbi1sZWZ0JTNBJTIwY2FsYyUyOCUyMDQlMjUlMjAlMkElMjA3JTI5JTNCJTIwd2lkdGglM0ElMjBjYWxjJTI4JTIwNCUyNSUyMCUyQSUyMDIlMjklM0IlMjIlM0UlM0MlMkZhJTNFJTBBJTNDYSUyMGNsYXNzJTNEJTIyZC1pbmxpbmUtZmxleCUyMiUyMGhyZWYlM0QlMjJlbiUyRnZhcmlldGUlMkZpbm9iaSUyRiUyMiUzRUdBTEklQzIlQUUlMjBJbm9iaSUyMGMuby52LiUzQyUyRmElM0UlM0NhJTIwY2xhc3MlM0QlMjJkLWlubGluZS1mbGV4JTIyJTIwaHJlZiUzRCUyMmVuJTJGdmFyaWV0ZSUyRmlub2JpJTJGJTIyJTNFJTNDJTJGYSUzRSUyMCUyMCUyMCUyMCUyMCUyMCUyMCUyMCUyMCUyMCUyMCUyMCUyMCUyMCUyMCUyMCUzQyUyRmxpJTNFJTBBJTIwJTIwJTIwJTIwJTIwJTIwJTIwJTIwJTIwJTIwJTIwJTIwJTIwJTIwJTIwJTIwJTIwJTIwJTIwJTIwJTIwJTIwJTIwJTIwJTIwJTIwJTIwJTIwJTIwJTIwJTIwJTIwJTNDbGklMjBjbGFzcyUzRCUyMnZhcmlldGUtaW4tY2FsZW5kYXIlMjBkLWlubGluZS1mbGV4JTIyJTNFJTBBJTIwJTIwJTIwJTIwJTIwJTIwJTIwJTIwJTIwJTIwJTIwJTIwJTIwJTIwJTIwJTIwJTIwJTIwJTIwJTIwJTNDYSUyMGhyZWYlM0QlMjJlbiUyRnZhcmlldGUlMkZwaXRjaG91bmV0dGUlMkYlMjIlMjBjbGFzcyUzRCUyMmR1cmVlJTIyJTIwc3R5bGUlM0QlMjJtYXJnaW4tbGVmdCUzQSUyMGNhbGMlMjglMjA0JTI1JTIwJTJBJTIwOSUyOSUzQiUyMHdpZHRoJTNBJTIwY2FsYyUyOCUyMDQlMjUlMjAlMkElMjAyJTI5JTNCJTIyJTNFJTNDJTJGYSUzRSUwQSUzQ2ElMjBjbGFzcyUzRCUyMmQtaW5saW5lLWZsZXglMjIlMjBocmVmJTNEJTIyZW4lMkZ2YXJpZXRlJTJGcGl0Y2hvdW5ldHRlJTJGJTIyJTNFUGl0Y2hvdW5ldHRlJTIwYy5vLnYuJTNDJTJGYSUzRSUzQ2ElMjBjbGFzcyUzRCUyMmQtaW5saW5lLWZsZXglMjIlMjBocmVmJTNEJTIyZW4lMkZ2YXJpZXRlJTJGcGl0Y2hvdW5ldHRlJTJGJTIyJTNFJTNDJTJGYSUzRSUyMCUyMCUyMCUyMCUyMCUyMCUyMCUyMCUyMCUyMCUyMCUyMCUyMCUyMCUyMCUyMCUzQyUyRmxpJTNFJTBBJTIwJTIwJTIwJTIwJTIwJTIwJTIwJTIwJTIwJTIwJTIwJTIwJTIwJTIwJTIwJTIwJTIwJTIwJTIwJTIwJTIwJTIwJTIwJTIwJTIwJTIwJTIwJTIwJTIwJTIwJTIwJTIwJTNDbGklMjBjbGFzcyUzRCUyMnZhcmlldGUtaW4tY2FsZW5kYXIlMjBkLWlubGluZS1mbGV4JTIyJTNFJTBBJTIwJTIwJTIwJTIwJTIwJTIwJTIwJTIwJTIwJTIwJTIwJTIwJTIwJTIwJTIwJTIwJTIwJTIwJTIwJTIwJTNDYSUyMGhyZWYlM0QlMjJlbiUyRnZhcmlldGUlMkZpbm9nbyUyRiUyMiUyMGNsYXNzJTNEJTIyZHVyZWUlMjIlMjBzdHlsZSUzRCUyMm1hcmdpbi1sZWZ0JTNBJTIwY2FsYyUyOCUyMDQlMjUlMjAlMkElMjAxMSUyOSUzQiUyMHdpZHRoJTNBJTIwY2FsYyUyOCUyMDQlMjUlMjAlMkElMjAyJTI5JTNCJTIyJTNFJTNDJTJGYSUzRSUwQSUzQ2ElMjBjbGFzcyUzRCUyMmQtaW5saW5lLWZsZXglMjIlMjBocmVmJTNEJTIyZW4lMkZ2YXJpZXRlJTJGaW5vZ28lMkYlMjIlM0VMT1JZJUMyJUFFJTIwSW5vZ28lMjBjLm8udi4lM0MlMkZhJTNFJTNDYSUyMGNsYXNzJTNEJTIyZC1pbmxpbmUtZmxleCUyMiUyMGhyZWYlM0QlMjJlbiUyRnZhcmlldGUlMkZpbm9nbyUyRiUyMiUzRSUzQyUyRmElM0UlMjAlMjAlMjAlMjAlMjAlMjAlMjAlMjAlMjAlMjAlMjAlMjAlMjAlMjAlMjAlMjAlM0MlMkZsaSUzRSUwQSUyMCUyMCUyMCUyMCUyMCUyMCUyMCUyMCUyMCUyMCUyMCUyMCUyMCUyMCUyMCUyMCUyMCUyMCUyMCUyMCUyMCUyMCUyMCUyMCUyMCUyMCUyMCUyMCUyMCUyMCUyMCUyMCUzQ2xpJTIwY2xhc3MlM0QlMjJ2YXJpZXRlLWluLWNhbGVuZGFyJTIwZC1pbmxpbmUtZmxleCUyMiUzRSUwQSUyMCUyMCUyMCUyMCUyMCUyMCUyMCUyMCUyMCUyMCUyMCUyMCUyMCUyMCUyMCUyMCUyMCUyMCUyMCUyMCUzQ2ElMjBocmVmJTNEJTIyZW4lMkZ2YXJpZXRlJTJGYXJpYW5lLWxlcy1uYXR1cmlhbmVzJTJGJTIyJTIwY2xhc3MlM0QlMjJkdXJlZSUyMiUyMHN0eWxlJTNEJTIybWFyZ2luLWxlZnQlM0ElMjBjYWxjJTI4JTIwNCUyNSUyMCUyQSUyMDExJTI5JTNCJTIwd2lkdGglM0ElMjBjYWxjJTI4JTIwNCUyNSUyMCUyQSUyMDIlMjklM0IlMjIlM0UlM0MlMkZhJTNFJTBBJTNDYSUyMGNsYXNzJTNEJTIyZC1pbmxpbmUtZmxleCUyMiUyMGhyZWYlM0QlMjJlbiUyRnZhcmlldGUlMkZhcmlhbmUtbGVzLW5hdHVyaWFuZXMlMkYlMjIlM0VMRVMlMjBOQVRVUklBTkVTJUMyJUFFJTIwQXJpYW5lJTIwYy5vLnYuJTNDJTJGYSUzRSUzQ2ElMjBjbGFzcyUzRCUyMmQtaW5saW5lLWZsZXglMjIlMjBocmVmJTNEJTIyZW4lMkZ2YXJpZXRlJTJGYXJpYW5lLWxlcy1uYXR1cmlhbmVzJTJGJTIyJTNFJTNDJTJGYSUzRSUyMCUyMCUyMCUyMCUyMCUyMCUyMCUyMCUyMCUyMCUyMCUyMCUyMCUyMCUyMCUyMCUzQyUyRmxpJTNFJTBBJTIwJTIwJTIwJTIwJTIwJTIwJTIwJTIwJTIwJTIwJTIwJTIwJTIwJTIwJTIwJTIwJTIwJTIwJTIwJTIwJTIwJTIwJTIwJTIwJTIwJTIwJTIwJTIwJTIwJTIwJTIwJTIwJTNDbGklMjBjbGFzcyUzRCUyMnZhcmlldGUtaW4tY2FsZW5kYXIlMjBkLWlubGluZS1mbGV4JTIyJTNFJTBBJTIwJTIwJTIwJTIwJTIwJTIwJTIwJTIwJTIwJTIwJTIwJTIwJTIwJTIwJTIwJTIwJTIwJTIwJTIwJTIwJTNDYSUyMGhyZWYlM0QlMjJlbiUyRnZhcmlldGUlMkZtYW5keS1pbm9sb3YlMkYlMjIlMjBjbGFzcyUzRCUyMmR1cmVlJTIyJTIwc3R5bGUlM0QlMjJtYXJnaW4tbGVmdCUzQSUyMGNhbGMlMjglMjA0JTI1JTIwJTJBJTIwMTIlMjklM0IlMjB3aWR0aCUzQSUyMGNhbGMlMjglMjA0JTI1JTIwJTJBJTIwMiUyOSUzQiUyMiUzRSUzQyUyRmElM0UlMEElM0NhJTIwY2xhc3MlM0QlMjJkLWlubGluZS1mbGV4JTIyJTIwaHJlZiUzRCUyMmVuJTJGdmFyaWV0ZSUyRm1hbmR5LWlub2xvdiUyRiUyMiUzRUlub2xvdiUyMGMuby52LiUzQyUyRmElM0UlM0NhJTIwY2xhc3MlM0QlMjJkLWlubGluZS1mbGV4JTIyJTIwaHJlZiUzRCUyMmVuJTJGdmFyaWV0ZSUyRm1hbmR5LWlub2xvdiUyRiUyMiUzRSUzQyUyRmElM0UlMjAlMjAlMjAlMjAlMjAlMjAlMjAlMjAlMjAlMjAlMjAlMjAlMjAlMjAlMjAlMjAlM0MlMkZsaSUzRSUwQSUyMCUyMCUyMCUyMCUyMCUyMCUyMCUyMCUyMCUyMCUyMCUyMCUyMCUyMCUyMCUyMCUyMCUyMCUyMCUyMCUyMCUyMCUyMCUyMCUyMCUyMCUyMCUyMCUyMCUyMCUyMCUyMCUzQ2xpJTIwY2xhc3MlM0QlMjJ2YXJpZXRlLWluLWNhbGVuZGFyJTIwZC1pbmxpbmUtZmxleCUyMiUzRSUwQSUyMCUyMCUyMCUyMCUyMCUyMCUyMCUyMCUyMCUyMCUyMCUyMCUyMCUyMCUyMCUyMCUyMCUyMCUyMCUyMCUzQ2ElMjBocmVmJTNEJTIyZW4lMkZ2YXJpZXRlJTJGc3RvcnktaW5vcmVkJTJGJTIyJTIwY2xhc3MlM0QlMjJkdXJlZSUyMiUyMHN0eWxlJTNEJTIybWFyZ2luLWxlZnQlM0ElMjBjYWxjJTI4JTIwNCUyNSUyMCUyQSUyMDE0JTI5JTNCJTIwd2lkdGglM0ElMjBjYWxjJTI4JTIwNCUyNSUyMCUyQSUyMDIlMjklM0IlMjIlM0UlM0MlMkZhJTNFJTBBJTNDYSUyMGNsYXNzJTNEJTIyZC1pbmxpbmUtZmxleCUyMiUyMGhyZWYlM0QlMjJlbiUyRnZhcmlldGUlMkZzdG9yeS1pbm9yZWQlMkYlMjIlM0VTVE9SWSVDMiVBRSUyMElub3JlZCUyMGMuby52LiUzQyUyRmElM0UlM0NhJTIwY2xhc3MlM0QlMjJkLWlubGluZS1mbGV4JTIyJTIwaHJlZiUzRCUyMmVuJTJGdmFyaWV0ZSUyRnN0b3J5LWlub3JlZCUyRiUyMiUzRSUzQyUyRmElM0UlMjAlMjAlMjAlMjAlMjAlMjAlMjAlMjAlMjAlMjAlMjAlMjAlMjAlMjAlMjAlMjAlM0MlMkZsaSUzRSUwQSUyMCUyMCUyMCUyMCUyMCUyMCUyMCUyMCUyMCUyMCUyMCUyMCUyMCUyMCUyMCUyMCUyMCUyMCUyMCUyMCUyMCUyMCUyMCUyMCUyMCUyMCUyMCUyMCUyMCUyMCUyMCUyMCUzQ2xpJTIwY2xhc3MlM0QlMjJ2YXJpZXRlLWluLWNhbGVuZGFyJTIwZC1pbmxpbmUtZmxleCUyMiUzRSUwQSUyMCUyMCUyMCUyMCUyMCUyMCUyMCUyMCUyMCUyMCUyMCUyMCUyMCUyMCUyMCUyMCUyMCUyMCUyMCUyMCUzQ2ElMjBocmVmJTNEJTIyZW4lMkZ2YXJpZXRlJTJGZ2FyYW5jZS1sZXNwaW4lMkYlMjIlMjBjbGFzcyUzRCUyMmR1cmVlJTIyJTIwc3R5bGUlM0QlMjJtYXJnaW4tbGVmdCUzQSUyMGNhbGMlMjglMjA0JTI1JTIwJTJBJTIwMTQlMjklM0IlMjB3aWR0aCUzQSUyMGNhbGMlMjglMjA0JTI1JTIwJTJBJTIwMiUyOSUzQiUyMiUzRSUzQyUyRmElM0UlMEElM0NhJTIwY2xhc3MlM0QlMjJkLWlubGluZS1mbGV4JTIyJTIwaHJlZiUzRCUyMmVuJTJGdmFyaWV0ZSUyRmdhcmFuY2UtbGVzcGluJTJGJTIyJTNFR0FSQU5DRSVDMiVBRSUyMExlc3BpbiUyMGMuby52LiUzQyUyRmElM0UlM0NhJTIwY2xhc3MlM0QlMjJkLWlubGluZS1mbGV4JTIyJTIwaHJlZiUzRCUyMmVuJTJGdmFyaWV0ZSUyRmdhcmFuY2UtbGVzcGluJTJGJTIyJTNFJTNDJTJGYSUzRSUyMCUyMCUyMCUyMCUyMCUyMCUyMCUyMCUyMCUyMCUyMCUyMCUyMCUyMCUyMCUyMCUzQyUyRmxpJTNFJTBBJTIwJTIwJTIwJTIwJTIwJTIwJTIwJTIwJTIwJTIwJTIwJTIwJTIwJTIwJTIwJTIwJTIwJTIwJTIwJTIwJTIwJTIwJTIwJTIwJTIwJTIwJTIwJTIwJTNDJTJGdWwlM0UlMjAlMjAlMjAlMjAlM0MlMkZkaXYlM0U=[\/vc_raw_html][\/vc_column][\/vc_row]<\/p>\n<\/div>","protected":false},"excerpt":{"rendered":"<p>[vc_row full_width=&#8221;stretch_row_content_no_spaces&#8221; bg_type=&#8221;image&#8221; parallax_style=&#8221;vcpb-default&#8221; bg_image_new=&#8221;id^349|url^https:\/\/www.novadi.fr\/wp-content\/uploads\/2021\/06\/AG2105029-NOVADI-slide1-new.jpg|caption^null|alt^null|title^AG2105029-NOVADI &#8211; slide1-new|description^null&#8221; bg_image_repeat=&#8221;no-repeat&#8221; bg_img_attach=&#8221;fixed&#8221; bg_image_posiiton=&#8221;center center&#8221; bg_override=&#8221;full&#8221; seperator_enable=&#8221;seperator_enable_value&#8221; seperator_type=&#8221;xlarge_triangle_right_seperator&#8221; seperator_position=&#8221;bottom_seperator&#8221; css=&#8221;.vc_custom_1633280858096{margin-top: 0px !important;padding-top: 00px !important;padding-bottom: 0px !important;background-image: url(https:\/\/www.novadi.fr\/wp-content\/uploads\/2021\/09\/calque-atome.png?id=667) !important;background-position: center&#8230;<\/p>\n","protected":false},"author":1,"featured_media":0,"parent":0,"menu_order":0,"comment_status":"closed","ping_status":"closed","template":"","meta":{"inline_featured_image":false,"footnotes":""},"class_list":["post-1283","page","type-page","status-publish","hentry"],"yoast_head":"<!-- This site is optimized with the Yoast SEO plugin v27.4 - https:\/\/yoast.com\/product\/yoast-seo-wordpress\/ -->\n<title>Le planifruit des pommes Novadi<\/title>\n<meta name=\"description\" content=\"D\u00e9couvrez \u00e0 quelle saison exacte m\u00fbrissent les diff\u00e9rentes vari\u00e9t\u00e9s de pommes cr\u00e9\u00e9es par la soci\u00e9t\u00e9 \u00e9ditrice Novadi\" \/>\n<meta name=\"robots\" content=\"index, follow, max-snippet:-1, max-image-preview:large, max-video-preview:-1\" \/>\n<link rel=\"canonical\" href=\"https:\/\/www.novadi.fr\/en\/nos-varietes\/\" \/>\n<meta property=\"og:locale\" content=\"en_US\" \/>\n<meta property=\"og:type\" content=\"article\" \/>\n<meta property=\"og:title\" content=\"Le planifruit des pommes Novadi\" \/>\n<meta property=\"og:description\" content=\"D\u00e9couvrez \u00e0 quelle saison exacte m\u00fbrissent les diff\u00e9rentes vari\u00e9t\u00e9s de pommes cr\u00e9\u00e9es par la soci\u00e9t\u00e9 \u00e9ditrice Novadi\" \/>\n<meta property=\"og:url\" content=\"https:\/\/www.novadi.fr\/en\/nos-varietes\/\" \/>\n<meta property=\"og:site_name\" content=\"Novadi\" \/>\n<meta property=\"article:modified_time\" content=\"2024-11-07T12:56:52+00:00\" \/>\n<meta name=\"twitter:card\" content=\"summary_large_image\" \/>\n<meta name=\"twitter:label1\" content=\"Est. reading time\" \/>\n\t<meta name=\"twitter:data1\" content=\"2 minutes\" \/>\n<script type=\"application\/ld+json\" class=\"yoast-schema-graph\">{\"@context\":\"https:\\\/\\\/schema.org\",\"@graph\":[{\"@type\":\"WebPage\",\"@id\":\"https:\\\/\\\/www.novadi.fr\\\/en\\\/nos-varietes\\\/\",\"url\":\"https:\\\/\\\/www.novadi.fr\\\/en\\\/nos-varietes\\\/\",\"name\":\"Le planifruit des pommes Novadi\",\"isPartOf\":{\"@id\":\"https:\\\/\\\/www.novadi.fr\\\/en\\\/#website\"},\"datePublished\":\"2021-09-01T14:31:58+00:00\",\"dateModified\":\"2024-11-07T12:56:52+00:00\",\"description\":\"D\u00e9couvrez \u00e0 quelle saison exacte m\u00fbrissent les diff\u00e9rentes vari\u00e9t\u00e9s de pommes cr\u00e9\u00e9es par la soci\u00e9t\u00e9 \u00e9ditrice Novadi\",\"breadcrumb\":{\"@id\":\"https:\\\/\\\/www.novadi.fr\\\/en\\\/nos-varietes\\\/#breadcrumb\"},\"inLanguage\":\"en-US\",\"potentialAction\":[{\"@type\":\"ReadAction\",\"target\":[\"https:\\\/\\\/www.novadi.fr\\\/en\\\/nos-varietes\\\/\"]}]},{\"@type\":\"BreadcrumbList\",\"@id\":\"https:\\\/\\\/www.novadi.fr\\\/en\\\/nos-varietes\\\/#breadcrumb\",\"itemListElement\":[{\"@type\":\"ListItem\",\"position\":1,\"name\":\"Accueil\",\"item\":\"https:\\\/\\\/www.novadi.fr\\\/en\\\/\"},{\"@type\":\"ListItem\",\"position\":2,\"name\":\"The planifruit of our varieties\"}]},{\"@type\":\"WebSite\",\"@id\":\"https:\\\/\\\/www.novadi.fr\\\/en\\\/#website\",\"url\":\"https:\\\/\\\/www.novadi.fr\\\/en\\\/\",\"name\":\"Novadi\",\"description\":\"\",\"publisher\":{\"@id\":\"https:\\\/\\\/www.novadi.fr\\\/en\\\/#organization\"},\"potentialAction\":[{\"@type\":\"SearchAction\",\"target\":{\"@type\":\"EntryPoint\",\"urlTemplate\":\"https:\\\/\\\/www.novadi.fr\\\/en\\\/?s={search_term_string}\"},\"query-input\":{\"@type\":\"PropertyValueSpecification\",\"valueRequired\":true,\"valueName\":\"search_term_string\"}}],\"inLanguage\":\"en-US\"},{\"@type\":\"Organization\",\"@id\":\"https:\\\/\\\/www.novadi.fr\\\/en\\\/#organization\",\"name\":\"Novadi\",\"url\":\"https:\\\/\\\/www.novadi.fr\\\/en\\\/\",\"logo\":{\"@type\":\"ImageObject\",\"inLanguage\":\"en-US\",\"@id\":\"https:\\\/\\\/www.novadi.fr\\\/en\\\/#\\\/schema\\\/logo\\\/image\\\/\",\"url\":\"https:\\\/\\\/www.novadi.fr\\\/wp-content\\\/uploads\\\/2021\\\/06\\\/Logo-novadi-1.png\",\"contentUrl\":\"https:\\\/\\\/www.novadi.fr\\\/wp-content\\\/uploads\\\/2021\\\/06\\\/Logo-novadi-1.png\",\"width\":1471,\"height\":523,\"caption\":\"Novadi\"},\"image\":{\"@id\":\"https:\\\/\\\/www.novadi.fr\\\/en\\\/#\\\/schema\\\/logo\\\/image\\\/\"}}]}<\/script>\n<!-- \/ Yoast SEO plugin. -->","yoast_head_json":{"title":"Le planifruit des pommes Novadi","description":"D\u00e9couvrez \u00e0 quelle saison exacte m\u00fbrissent les diff\u00e9rentes vari\u00e9t\u00e9s de pommes cr\u00e9\u00e9es par la soci\u00e9t\u00e9 \u00e9ditrice Novadi","robots":{"index":"index","follow":"follow","max-snippet":"max-snippet:-1","max-image-preview":"max-image-preview:large","max-video-preview":"max-video-preview:-1"},"canonical":"https:\/\/www.novadi.fr\/en\/nos-varietes\/","og_locale":"en_US","og_type":"article","og_title":"Le planifruit des pommes Novadi","og_description":"D\u00e9couvrez \u00e0 quelle saison exacte m\u00fbrissent les diff\u00e9rentes vari\u00e9t\u00e9s de pommes cr\u00e9\u00e9es par la soci\u00e9t\u00e9 \u00e9ditrice Novadi","og_url":"https:\/\/www.novadi.fr\/en\/nos-varietes\/","og_site_name":"Novadi","article_modified_time":"2024-11-07T12:56:52+00:00","twitter_card":"summary_large_image","twitter_misc":{"Est. reading time":"2 minutes"},"schema":{"@context":"https:\/\/schema.org","@graph":[{"@type":"WebPage","@id":"https:\/\/www.novadi.fr\/en\/nos-varietes\/","url":"https:\/\/www.novadi.fr\/en\/nos-varietes\/","name":"Le planifruit des pommes Novadi","isPartOf":{"@id":"https:\/\/www.novadi.fr\/en\/#website"},"datePublished":"2021-09-01T14:31:58+00:00","dateModified":"2024-11-07T12:56:52+00:00","description":"D\u00e9couvrez \u00e0 quelle saison exacte m\u00fbrissent les diff\u00e9rentes vari\u00e9t\u00e9s de pommes cr\u00e9\u00e9es par la soci\u00e9t\u00e9 \u00e9ditrice Novadi","breadcrumb":{"@id":"https:\/\/www.novadi.fr\/en\/nos-varietes\/#breadcrumb"},"inLanguage":"en-US","potentialAction":[{"@type":"ReadAction","target":["https:\/\/www.novadi.fr\/en\/nos-varietes\/"]}]},{"@type":"BreadcrumbList","@id":"https:\/\/www.novadi.fr\/en\/nos-varietes\/#breadcrumb","itemListElement":[{"@type":"ListItem","position":1,"name":"Accueil","item":"https:\/\/www.novadi.fr\/en\/"},{"@type":"ListItem","position":2,"name":"The planifruit of our varieties"}]},{"@type":"WebSite","@id":"https:\/\/www.novadi.fr\/en\/#website","url":"https:\/\/www.novadi.fr\/en\/","name":"Novadi","description":"","publisher":{"@id":"https:\/\/www.novadi.fr\/en\/#organization"},"potentialAction":[{"@type":"SearchAction","target":{"@type":"EntryPoint","urlTemplate":"https:\/\/www.novadi.fr\/en\/?s={search_term_string}"},"query-input":{"@type":"PropertyValueSpecification","valueRequired":true,"valueName":"search_term_string"}}],"inLanguage":"en-US"},{"@type":"Organization","@id":"https:\/\/www.novadi.fr\/en\/#organization","name":"Novadi","url":"https:\/\/www.novadi.fr\/en\/","logo":{"@type":"ImageObject","inLanguage":"en-US","@id":"https:\/\/www.novadi.fr\/en\/#\/schema\/logo\/image\/","url":"https:\/\/www.novadi.fr\/wp-content\/uploads\/2021\/06\/Logo-novadi-1.png","contentUrl":"https:\/\/www.novadi.fr\/wp-content\/uploads\/2021\/06\/Logo-novadi-1.png","width":1471,"height":523,"caption":"Novadi"},"image":{"@id":"https:\/\/www.novadi.fr\/en\/#\/schema\/logo\/image\/"}}]}},"_links":{"self":[{"href":"https:\/\/www.novadi.fr\/en\/wp-json\/wp\/v2\/pages\/1283","targetHints":{"allow":["GET"]}}],"collection":[{"href":"https:\/\/www.novadi.fr\/en\/wp-json\/wp\/v2\/pages"}],"about":[{"href":"https:\/\/www.novadi.fr\/en\/wp-json\/wp\/v2\/types\/page"}],"author":[{"embeddable":true,"href":"https:\/\/www.novadi.fr\/en\/wp-json\/wp\/v2\/users\/1"}],"replies":[{"embeddable":true,"href":"https:\/\/www.novadi.fr\/en\/wp-json\/wp\/v2\/comments?post=1283"}],"version-history":[{"count":10,"href":"https:\/\/www.novadi.fr\/en\/wp-json\/wp\/v2\/pages\/1283\/revisions"}],"predecessor-version":[{"id":1712,"href":"https:\/\/www.novadi.fr\/en\/wp-json\/wp\/v2\/pages\/1283\/revisions\/1712"}],"wp:attachment":[{"href":"https:\/\/www.novadi.fr\/en\/wp-json\/wp\/v2\/media?parent=1283"}],"curies":[{"name":"wp","href":"https:\/\/api.w.org\/{rel}","templated":true}]}}