{"id":1280,"date":"2021-09-01T17:14:52","date_gmt":"2021-09-01T15:14:52","guid":{"rendered":"https:\/\/www.novadi.fr\/notre-reseau\/"},"modified":"2024-11-07T14:24:48","modified_gmt":"2024-11-07T13:24:48","slug":"notre-reseau","status":"publish","type":"page","link":"https:\/\/www.novadi.fr\/en\/notre-reseau\/","title":{"rendered":"Our network"},"content":{"rendered":"<div class=\"wpb-content-wrapper\"><p>[vc_row full_width=&#8221;stretch_row_content_no_spaces&#8221; bg_type=&#8221;image&#8221; parallax_style=&#8221;vcpb-default&#8221; bg_image_new=&#8221;id^895|url^https:\/\/www.novadi.fr\/wp-content\/uploads\/2021\/09\/Pomme-dans-main0.jpeg|caption^null|alt^null|title^Pomme-dans-main0|description^null&#8221; bg_image_repeat=&#8221;no-repeat&#8221; bg_img_attach=&#8221;fixed&#8221; bg_image_posiiton=&#8221;center center&#8221; bg_override=&#8221;full&#8221; seperator_enable=&#8221;seperator_enable_value&#8221; seperator_type=&#8221;xlarge_triangle_right_seperator&#8221; seperator_position=&#8221;bottom_seperator&#8221; css=&#8221;.vc_custom_1633280749138{margin-top: 0px !important;padding-top: 0px !important;padding-bottom: 0px !important;background-image: url(https:\/\/www.novadi.fr\/wp-content\/uploads\/2021\/09\/calque-atome.png?id=667) !important;background-position: center !important;background-repeat: no-repeat !important;background-size: cover !important;}&#8221; el_class=&#8221;darkback&#8221;][vc_column css=&#8221;.vc_custom_1633280744333{margin-top: 0px !important;margin-bottom: 0px !important;padding-top: 200px !important;padding-bottom: 200px !important;background-image: url(https:\/\/www.novadi.fr\/wp-content\/uploads\/2021\/09\/calque-atome.png?id=667) !important;background-position: center !important;background-repeat: no-repeat !important;background-size: cover !important;}&#8221;][vc_column_text css=&#8221;.vc_custom_1642501734592{padding-top: 50px !important;padding-bottom: 50px !important;}&#8221;]<\/p>\n<h1 style=\"text-align: center;\">Our network<\/h1>\n<p>[\/vc_column_text][\/vc_column][\/vc_row][vc_row][vc_column][vc_column_text css=&#8221;.vc_custom_1642501755839{margin-bottom: 10px !important;padding-bottom: 0px !important;}&#8221;]<\/p>\n<h2>A global presence in key production areas<\/h2>\n<p>Over the years, NOVADI has built a solid network of partners.<\/p>\n<h3>Our associates in France:<\/h3>\n<p>[\/vc_column_text][\/vc_column][\/vc_row][vc_row css_animation=&#8221;fadeIn&#8221; enable_overlay=&#8221;enable_overlay_value&#8221; overlay_color=&#8221;rgba(255,255,255,0.92)&#8221;][vc_column width=&#8221;1\/3&#8243;][vc_column_text css=&#8221;.vc_custom_1730985262041{margin-bottom: 10px !important;padding-bottom: 0px !important;}&#8221; el_class=&#8221;small-font&#8221;]<strong>HAUTS DE FRANCE<\/strong><\/p>\n<ul>\n<li>DALIVAL SAS \u2013 info@dalival.com \u2013 03 23 96 56 50 \u2013 Ch\u00e2teau de Noue, 02600 VILLERS COTTERETS<\/li>\n<\/ul>\n<p><strong>NOUVELLE AQUITAINE<\/strong><\/p>\n<ul>\n<li>DOMAINE DE CASTANG SAS \u2013 contact@castang.fr \u2013 05 53 63 52 57 \u2013 2 Avenue du P\u00e9rigord 24680 GARDONNE<\/li>\n<\/ul>\n<p><strong>OCCITANIE<\/strong><\/p>\n<ul>\n<li>TOULEMONDE Fr\u00e8res SARL \u2013 pepinieres@toulemonde.fr \u2013 04 66 74 60 00 \u2013 Mas Demian \u2013 1200 Route de Comps 30300 JONQUIERES ST VINCENT<\/li>\n<li>GRADILIS PEPINIERES SAS \u2013 contact@gradilis.com \u2013 04 67 29 60 06 \u2013 Mas de Cannes 34130 MUDAISON<\/li>\n<li>VIGUIER Fr\u00e8res SC \u2013 bureau@crosviguier.com \u2013 04 67 95 03 52 \u2013 SAINT-JEAN DE LIBRON 34500 BEZIERS<\/li>\n<li>COLOMBIE VENDRIES EARL \u2013 philippe.vendries@wanadoo.fr \u2013 05 63 65 81 65 \u2013 Camparnaud, 3520 Route de Moissac, 82130 LAFRANCAISE<\/li>\n<li>RISPE ET FRUITS EARL \u2013contact@pepinieres-rispe.com \u2013 05 63 04 01 06 \u2013 2788 Route de la M\u00e9g\u00e8re, 82200 MOISSAC<\/li>\n<li>SAINT-ROMAS EARL \u2013 saint-romas@orange.fr \u2013 05 63 67 88 26 \u2013 570 Chemin du Moulin, 82370 CORBARIEU<\/li>\n<\/ul>\n<p>[\/vc_column_text][\/vc_column][vc_column width=&#8221;2\/3&#8243;][vc_column_text el_class=&#8221;small-font&#8221;]<div class=\"map_wrapper\" id=\"map_wrapper_852\">\n<div class=\"map_box\" style=\"max-width:2200px\">\n<div class=\"map_aspect_ratio\" style=\"padding-top:100%\" data-padding-top=\"100%\" data-padding-top-mobile=\"0%\">\n<div class=\"map_container\">\n<div class=\"map_render map_loading\" id=\"map_852\"><\/div>\n<\/div>\n<\/div>\n<\/div>\n<\/div>[\/vc_column_text][\/vc_column][\/vc_row][vc_row][vc_column width=&#8221;1\/3&#8243;][vc_column_text css=&#8221;&#8221; el_class=&#8221;small-font&#8221;]<strong>PAYS DE LOIRE<\/strong><\/p>\n<ul>\n<li>DALIVAL SAS \u2013 info@dalival.com \u2013 02 41 43 77 77 \u2013 7, avenue Jean Jox\u00e9, 49100 ANGERS<\/li>\n<\/ul>\n<p><strong>\u00a0<\/strong><strong>PROVENCE-ALPES-C\u00d4TES-D&#8217;AZUR<\/strong><\/p>\n<ul>\n<li>PONS EARL \u2013 philippepomalpilles@gmail.com \u2013 04 90 73 00 56 \u2013 Chemin des Engrenauds, 13660 ORGON<\/li>\n<li>PEPINIERES LES AIGRAS \u2013 arbo@gillibertplant.fr \u2013 04 90 29 51 67 \u2013 1085 Route des L\u00f4nes, 84420 PIOLENC<\/li>\n<li>LAFOND SAS \u2013 contact@pepinieres-lafond.com \u2013 04 90 35 12 40 \u2013 3 Chemin Barthelasse \u2013 B.P. 126, 84603 VALREAS Cedex<\/li>\n<\/ul>\n<p>[\/vc_column_text][\/vc_column][vc_column width=&#8221;2\/3&#8243;][vc_column_text css=&#8221;&#8221; el_class=&#8221;small-font&#8221;]<strong>AUVERGNE RHONE-ALPES<\/strong><\/p>\n<ul>\n<li>SN P\u00e9p. &amp; Ros.DELBARD SAS \u2013 info@georgesdelbard.com \u2013 04 70 64 33 34 \u2013 9 Route de Commentry, 03600 MALICORNE<\/li>\n<li>ROUX SARL \u2013 contact@pepinieres-roux.com \u2013 04 75 59 06 03 \u2013 120 Impasse des B\u00e9alets, 26120 MONTVENDRE<\/li>\n<li>DALIVAL SAS \u2013 montelimar@dalival.com \u2013 04 75 01 61 44 Le P\u00e9lican, 26780 CHATEAUNEUF DU RHONE<\/li>\n<li>DU VAL D\u2019OR SARL \u2013 bureau@pepinieresduvaldor.com \u2013 04 75 31 91 94 \u2013 1045 Route de la Gare, 26210 MANTHES<\/li>\n<li>VEAUVY SAS \u2013 contact@pepinieres-veauvy.fr \u2013 04 75 25 12 12 \u2013 772 Chemin de Graigne &#8220;Chantegrillet&#8221;, 26400 CREST<\/li>\n<li>GROMOLARD GAEC \u2013 pepinieresgromolard@gmail.com \u2013 04 78 45 15 04 \u2013 32 Route de la Saigne, 69510 MESSIMY<\/li>\n<\/ul>\n<p>[\/vc_column_text][\/vc_column][\/vc_row][vc_row css_animation=&#8221;fadeIn&#8221; enable_overlay=&#8221;enable_overlay_value&#8221; overlay_color=&#8221;rgba(255,255,255,0.92)&#8221;][vc_column][vc_column_text el_class=&#8221;small-font&#8221;]<\/p>\n<h3>Our partners outside the European Union:<\/h3>\n<div class=\"map_wrapper\" id=\"map_wrapper_854\">\n<div class=\"map_box\" style=\"max-width:2200px\">\n<div class=\"map_aspect_ratio\" style=\"padding-top:56%\" data-padding-top=\"56%\" data-padding-top-mobile=\"\">\n<div class=\"map_container\">\n<div class=\"map_render map_loading\" id=\"map_854\"><\/div>\n<\/div>\n<\/div>\n<\/div>\n<\/div>[\/vc_column_text][vc_row_inner][vc_column_inner width=&#8221;1\/2&#8243;][vc_column_text]<\/p>\n<ul>\n<li><strong>TopFruit (Pty) Ltd<\/strong><br \/>\nWatergat Rd, Simondium, 7670, Afrique du Sud<br \/>\n<strong>Afrique du Sud<\/strong><br \/>\nwww.topfruit.co.za<\/li>\n<li><strong>Graham&#8217;s Factree Pty Ltd<\/strong><br \/>\nlevel 1\/76 Main St, Gembrook VIC 3783, Australie<br \/>\n<strong>Australie<\/strong><br \/>\nwww.factree.com.au<\/li>\n<li><strong>A.N.A Chile<\/strong><br \/>\nParque Antonio Rabat 6165, Vitacura, Regi\u00f3n Metropolitana, Chili<br \/>\n<strong>Chili<\/strong><br \/>\nwww.anachile.cl<\/li>\n<\/ul>\n<p>[\/vc_column_text][\/vc_column_inner][vc_column_inner width=&#8221;1\/2&#8243;][vc_column_text]<\/p>\n<ul>\n<li><strong>Brandt Fruit Trees Inc<\/strong><br \/>\n1330 North16th Avenue, Suite A<br \/>\nYakima, WA 98902<br \/>\n<strong>Etats-Unis<\/strong><br \/>\nhttps:\/\/provarmanagement.com\/brandts\/brandts-fruit-trees\/<\/li>\n<li><strong>Waimea Variety Management<\/strong><br \/>\nFloor 1, 50 Customhouse Quay<br \/>\nWellington Central<br \/>\nWellington 6143<br \/>\n<strong>Nouvelle-Z\u00e9lande<\/strong><br \/>\nhttps:\/\/www.wvm.co.nz\/<\/li>\n<\/ul>\n<p>[\/vc_column_text][\/vc_column_inner][\/vc_row_inner][\/vc_column][\/vc_row]<\/p>\n<\/div>","protected":false},"excerpt":{"rendered":"<p>[vc_row full_width=&#8221;stretch_row_content_no_spaces&#8221; bg_type=&#8221;image&#8221; parallax_style=&#8221;vcpb-default&#8221; bg_image_new=&#8221;id^895|url^https:\/\/www.novadi.fr\/wp-content\/uploads\/2021\/09\/Pomme-dans-main0.jpeg|caption^null|alt^null|title^Pomme-dans-main0|description^null&#8221; bg_image_repeat=&#8221;no-repeat&#8221; bg_img_attach=&#8221;fixed&#8221; bg_image_posiiton=&#8221;center center&#8221; bg_override=&#8221;full&#8221; seperator_enable=&#8221;seperator_enable_value&#8221; seperator_type=&#8221;xlarge_triangle_right_seperator&#8221; seperator_position=&#8221;bottom_seperator&#8221; css=&#8221;.vc_custom_1633280749138{margin-top: 0px !important;padding-top: 0px !important;padding-bottom: 0px !important;background-image: url(https:\/\/www.novadi.fr\/wp-content\/uploads\/2021\/09\/calque-atome.png?id=667) !important;background-position: center !important;background-repeat: no-repeat&#8230;<\/p>\n","protected":false},"author":1,"featured_media":0,"parent":0,"menu_order":0,"comment_status":"closed","ping_status":"closed","template":"","meta":{"inline_featured_image":false,"footnotes":""},"class_list":["post-1280","page","type-page","status-publish","hentry"],"yoast_head":"<!-- This site is optimized with the Yoast SEO plugin v27.5 - https:\/\/yoast.com\/product\/yoast-seo-wordpress\/ -->\n<title>Novadi poss\u00e8de tout un r\u00e9seau de partenaires dans l&#039;\u00e9dition de pommes<\/title>\n<meta name=\"description\" content=\"Novadi poss\u00e8de tout un r\u00e9seau de partenaires dans l&#039;\u00e9dition de pommes, que cela soit en France ou dans le reste du monde.\" \/>\n<meta name=\"robots\" content=\"index, follow, max-snippet:-1, max-image-preview:large, max-video-preview:-1\" \/>\n<link rel=\"canonical\" href=\"https:\/\/www.novadi.fr\/en\/notre-reseau\/\" \/>\n<meta property=\"og:locale\" content=\"en_US\" \/>\n<meta property=\"og:type\" content=\"article\" \/>\n<meta property=\"og:title\" content=\"Novadi poss\u00e8de tout un r\u00e9seau de partenaires dans l&#039;\u00e9dition de pommes\" \/>\n<meta property=\"og:description\" content=\"Novadi poss\u00e8de tout un r\u00e9seau de partenaires dans l&#039;\u00e9dition de pommes, que cela soit en France ou dans le reste du monde.\" \/>\n<meta property=\"og:url\" content=\"https:\/\/www.novadi.fr\/en\/notre-reseau\/\" \/>\n<meta property=\"og:site_name\" content=\"Novadi\" \/>\n<meta property=\"article:modified_time\" content=\"2024-11-07T13:24:48+00:00\" \/>\n<meta name=\"twitter:card\" content=\"summary_large_image\" \/>\n<meta name=\"twitter:label1\" content=\"Est. reading time\" \/>\n\t<meta name=\"twitter:data1\" content=\"3 minutes\" \/>\n<script type=\"application\/ld+json\" class=\"yoast-schema-graph\">{\"@context\":\"https:\\\/\\\/schema.org\",\"@graph\":[{\"@type\":\"WebPage\",\"@id\":\"https:\\\/\\\/www.novadi.fr\\\/en\\\/notre-reseau\\\/\",\"url\":\"https:\\\/\\\/www.novadi.fr\\\/en\\\/notre-reseau\\\/\",\"name\":\"Novadi poss\u00e8de tout un r\u00e9seau de partenaires dans l'\u00e9dition de pommes\",\"isPartOf\":{\"@id\":\"https:\\\/\\\/www.novadi.fr\\\/en\\\/#website\"},\"datePublished\":\"2021-09-01T15:14:52+00:00\",\"dateModified\":\"2024-11-07T13:24:48+00:00\",\"description\":\"Novadi poss\u00e8de tout un r\u00e9seau de partenaires dans l'\u00e9dition de pommes, que cela soit en France ou dans le reste du monde.\",\"breadcrumb\":{\"@id\":\"https:\\\/\\\/www.novadi.fr\\\/en\\\/notre-reseau\\\/#breadcrumb\"},\"inLanguage\":\"en-US\",\"potentialAction\":[{\"@type\":\"ReadAction\",\"target\":[\"https:\\\/\\\/www.novadi.fr\\\/en\\\/notre-reseau\\\/\"]}]},{\"@type\":\"BreadcrumbList\",\"@id\":\"https:\\\/\\\/www.novadi.fr\\\/en\\\/notre-reseau\\\/#breadcrumb\",\"itemListElement\":[{\"@type\":\"ListItem\",\"position\":1,\"name\":\"Accueil\",\"item\":\"https:\\\/\\\/www.novadi.fr\\\/en\\\/\"},{\"@type\":\"ListItem\",\"position\":2,\"name\":\"Our network\"}]},{\"@type\":\"WebSite\",\"@id\":\"https:\\\/\\\/www.novadi.fr\\\/en\\\/#website\",\"url\":\"https:\\\/\\\/www.novadi.fr\\\/en\\\/\",\"name\":\"Novadi\",\"description\":\"\",\"publisher\":{\"@id\":\"https:\\\/\\\/www.novadi.fr\\\/en\\\/#organization\"},\"potentialAction\":[{\"@type\":\"SearchAction\",\"target\":{\"@type\":\"EntryPoint\",\"urlTemplate\":\"https:\\\/\\\/www.novadi.fr\\\/en\\\/?s={search_term_string}\"},\"query-input\":{\"@type\":\"PropertyValueSpecification\",\"valueRequired\":true,\"valueName\":\"search_term_string\"}}],\"inLanguage\":\"en-US\"},{\"@type\":\"Organization\",\"@id\":\"https:\\\/\\\/www.novadi.fr\\\/en\\\/#organization\",\"name\":\"Novadi\",\"url\":\"https:\\\/\\\/www.novadi.fr\\\/en\\\/\",\"logo\":{\"@type\":\"ImageObject\",\"inLanguage\":\"en-US\",\"@id\":\"https:\\\/\\\/www.novadi.fr\\\/en\\\/#\\\/schema\\\/logo\\\/image\\\/\",\"url\":\"https:\\\/\\\/www.novadi.fr\\\/wp-content\\\/uploads\\\/2021\\\/06\\\/Logo-novadi-1.png\",\"contentUrl\":\"https:\\\/\\\/www.novadi.fr\\\/wp-content\\\/uploads\\\/2021\\\/06\\\/Logo-novadi-1.png\",\"width\":1471,\"height\":523,\"caption\":\"Novadi\"},\"image\":{\"@id\":\"https:\\\/\\\/www.novadi.fr\\\/en\\\/#\\\/schema\\\/logo\\\/image\\\/\"}}]}<\/script>\n<!-- \/ Yoast SEO plugin. -->","yoast_head_json":{"title":"Novadi poss\u00e8de tout un r\u00e9seau de partenaires dans l'\u00e9dition de pommes","description":"Novadi poss\u00e8de tout un r\u00e9seau de partenaires dans l'\u00e9dition de pommes, que cela soit en France ou dans le reste du monde.","robots":{"index":"index","follow":"follow","max-snippet":"max-snippet:-1","max-image-preview":"max-image-preview:large","max-video-preview":"max-video-preview:-1"},"canonical":"https:\/\/www.novadi.fr\/en\/notre-reseau\/","og_locale":"en_US","og_type":"article","og_title":"Novadi poss\u00e8de tout un r\u00e9seau de partenaires dans l'\u00e9dition de pommes","og_description":"Novadi poss\u00e8de tout un r\u00e9seau de partenaires dans l'\u00e9dition de pommes, que cela soit en France ou dans le reste du monde.","og_url":"https:\/\/www.novadi.fr\/en\/notre-reseau\/","og_site_name":"Novadi","article_modified_time":"2024-11-07T13:24:48+00:00","twitter_card":"summary_large_image","twitter_misc":{"Est. reading time":"3 minutes"},"schema":{"@context":"https:\/\/schema.org","@graph":[{"@type":"WebPage","@id":"https:\/\/www.novadi.fr\/en\/notre-reseau\/","url":"https:\/\/www.novadi.fr\/en\/notre-reseau\/","name":"Novadi poss\u00e8de tout un r\u00e9seau de partenaires dans l'\u00e9dition de pommes","isPartOf":{"@id":"https:\/\/www.novadi.fr\/en\/#website"},"datePublished":"2021-09-01T15:14:52+00:00","dateModified":"2024-11-07T13:24:48+00:00","description":"Novadi poss\u00e8de tout un r\u00e9seau de partenaires dans l'\u00e9dition de pommes, que cela soit en France ou dans le reste du monde.","breadcrumb":{"@id":"https:\/\/www.novadi.fr\/en\/notre-reseau\/#breadcrumb"},"inLanguage":"en-US","potentialAction":[{"@type":"ReadAction","target":["https:\/\/www.novadi.fr\/en\/notre-reseau\/"]}]},{"@type":"BreadcrumbList","@id":"https:\/\/www.novadi.fr\/en\/notre-reseau\/#breadcrumb","itemListElement":[{"@type":"ListItem","position":1,"name":"Accueil","item":"https:\/\/www.novadi.fr\/en\/"},{"@type":"ListItem","position":2,"name":"Our network"}]},{"@type":"WebSite","@id":"https:\/\/www.novadi.fr\/en\/#website","url":"https:\/\/www.novadi.fr\/en\/","name":"Novadi","description":"","publisher":{"@id":"https:\/\/www.novadi.fr\/en\/#organization"},"potentialAction":[{"@type":"SearchAction","target":{"@type":"EntryPoint","urlTemplate":"https:\/\/www.novadi.fr\/en\/?s={search_term_string}"},"query-input":{"@type":"PropertyValueSpecification","valueRequired":true,"valueName":"search_term_string"}}],"inLanguage":"en-US"},{"@type":"Organization","@id":"https:\/\/www.novadi.fr\/en\/#organization","name":"Novadi","url":"https:\/\/www.novadi.fr\/en\/","logo":{"@type":"ImageObject","inLanguage":"en-US","@id":"https:\/\/www.novadi.fr\/en\/#\/schema\/logo\/image\/","url":"https:\/\/www.novadi.fr\/wp-content\/uploads\/2021\/06\/Logo-novadi-1.png","contentUrl":"https:\/\/www.novadi.fr\/wp-content\/uploads\/2021\/06\/Logo-novadi-1.png","width":1471,"height":523,"caption":"Novadi"},"image":{"@id":"https:\/\/www.novadi.fr\/en\/#\/schema\/logo\/image\/"}}]}},"_links":{"self":[{"href":"https:\/\/www.novadi.fr\/en\/wp-json\/wp\/v2\/pages\/1280","targetHints":{"allow":["GET"]}}],"collection":[{"href":"https:\/\/www.novadi.fr\/en\/wp-json\/wp\/v2\/pages"}],"about":[{"href":"https:\/\/www.novadi.fr\/en\/wp-json\/wp\/v2\/types\/page"}],"author":[{"embeddable":true,"href":"https:\/\/www.novadi.fr\/en\/wp-json\/wp\/v2\/users\/1"}],"replies":[{"embeddable":true,"href":"https:\/\/www.novadi.fr\/en\/wp-json\/wp\/v2\/comments?post=1280"}],"version-history":[{"count":2,"href":"https:\/\/www.novadi.fr\/en\/wp-json\/wp\/v2\/pages\/1280\/revisions"}],"predecessor-version":[{"id":1719,"href":"https:\/\/www.novadi.fr\/en\/wp-json\/wp\/v2\/pages\/1280\/revisions\/1719"}],"wp:attachment":[{"href":"https:\/\/www.novadi.fr\/en\/wp-json\/wp\/v2\/media?parent=1280"}],"curies":[{"name":"wp","href":"https:\/\/api.w.org\/{rel}","templated":true}]}}