{"id":1275,"date":"2021-09-20T07:36:50","date_gmt":"2021-09-20T05:36:50","guid":{"rendered":"https:\/\/www.novadi.fr\/notre-gouvernance\/"},"modified":"2026-01-16T11:46:12","modified_gmt":"2026-01-16T10:46:12","slug":"notre-gouvernance","status":"publish","type":"page","link":"https:\/\/www.novadi.fr\/en\/notre-gouvernance\/","title":{"rendered":"Our team and management"},"content":{"rendered":"<div class=\"wpb-content-wrapper\"><p>[vc_row full_width=&#8221;stretch_row_content_no_spaces&#8221; bg_type=&#8221;image&#8221; parallax_style=&#8221;vcpb-default&#8221; bg_image_new=&#8221;id^725|url^https:\/\/www.novadi.fr\/wp-content\/uploads\/2021\/09\/P1000578.jpg|caption^R\u00e9colte Ariane<br \/>\nM.PARET Roussillon|alt^null|title^P1000578|description^null&#8221; bg_image_repeat=&#8221;no-repeat&#8221; bg_img_attach=&#8221;fixed&#8221; bg_image_posiiton=&#8221;center center&#8221; bg_override=&#8221;full&#8221; seperator_enable=&#8221;seperator_enable_value&#8221; seperator_type=&#8221;xlarge_triangle_right_seperator&#8221; seperator_position=&#8221;bottom_seperator&#8221; seperator_shape_background=&#8221;#ffffff&#8221; css=&#8221;.vc_custom_1632407135286{margin-top: 0px !important;padding-top: 00px !important;padding-bottom: 00px !important;}&#8221; el_class=&#8221;darkback&#8221;][vc_column css=&#8221;.vc_custom_1632132593421{margin-top: 0px !important;margin-bottom: 0px !important;padding-top: 200px !important;padding-bottom: 200px !important;background-image: url(https:\/\/www.novadi.fr\/wp-content\/uploads\/2021\/09\/calque-atome.png?id=667) !important;background-position: center !important;background-repeat: no-repeat !important;background-size: cover !important;}&#8221;][vc_column_text css=&#8221;.vc_custom_1642500992047{padding-top: 50px !important;padding-bottom: 50px !important;}&#8221;]<\/p>\n<h1 style=\"text-align: center;\">Our team and management<\/h1>\n<p>[\/vc_column_text][\/vc_column][\/vc_row][vc_row css_animation=&#8221;fadeIn&#8221; bg_type=&#8221;image&#8221; parallax_style=&#8221;vcpb-mlvp-jquery&#8221; layer_image=&#8221;486,488,461&#8243; parallax_sense=&#8221;60&#8243; bg_override=&#8221;ex-full&#8221; enable_overlay=&#8221;enable_overlay_value&#8221; overlay_color=&#8221;rgba(255,255,255,0.92)&#8221;][vc_column][vc_column_text css=&#8221;.vc_custom_1642501003612{margin-bottom: 25px !important;padding-bottom: 0px !important;}&#8221;]<\/p>\n<h2>Our team\u00a0:<\/h2>\n<p>[\/vc_column_text][vc_row_inner el_class=&#8221;rilo-effect&#8221;][vc_column_inner width=&#8221;1\/3&#8243;][vc_single_image image=&#8221;1749&#8243; img_size=&#8221;240&#215;240&#8243; add_caption=&#8221;yes&#8221; alignment=&#8221;center&#8221; style=&#8221;vc_box_outline_circle_2&#8243; border_color=&#8221;green&#8221; css=&#8221;&#8221;][\/vc_column_inner][vc_column_inner width=&#8221;1\/3&#8243;][vc_single_image image=&#8221;1747&#8243; img_size=&#8221;240&#215;240&#8243; add_caption=&#8221;yes&#8221; alignment=&#8221;center&#8221; style=&#8221;vc_box_outline_circle_2&#8243; border_color=&#8221;green&#8221; css=&#8221;&#8221;][\/vc_column_inner][vc_column_inner width=&#8221;1\/3&#8243;][vc_single_image image=&#8221;646&#8243; img_size=&#8221;240&#215;240&#8243; add_caption=&#8221;yes&#8221; alignment=&#8221;center&#8221; style=&#8221;vc_box_outline_circle_2&#8243; border_color=&#8221;green&#8221; css=&#8221;&#8221;][\/vc_column_inner][\/vc_row_inner][vc_row_inner][vc_column_inner width=&#8221;1\/6&#8243;][\/vc_column_inner][vc_column_inner width=&#8221;1\/3&#8243;][vc_single_image image=&#8221;1661&#8243; img_size=&#8221;240&#215;240&#8243; add_caption=&#8221;yes&#8221; alignment=&#8221;center&#8221; style=&#8221;vc_box_outline_circle_2&#8243; border_color=&#8221;green&#8221; css=&#8221;&#8221;][\/vc_column_inner][vc_column_inner width=&#8221;1\/3&#8243;][vc_single_image image=&#8221;645&#8243; img_size=&#8221;240&#215;240&#8243; add_caption=&#8221;yes&#8221; alignment=&#8221;center&#8221; style=&#8221;vc_box_outline_circle_2&#8243; border_color=&#8221;green&#8221; css=&#8221;&#8221;][\/vc_column_inner][vc_column_inner width=&#8221;1\/6&#8243;][\/vc_column_inner][\/vc_row_inner][vc_column_text css=&#8221;.vc_custom_1768484036001{margin-bottom: 0px !important;padding-bottom: 0px !important;}&#8221;]<\/p>\n<h2>Our management<\/h2>\n<p>The associated nurserymen of NOVADI and members of the management committee are :<\/p>\n<ul>\n<li>Olivier GRARD, G\u00e9rant de NOVADI<\/li>\n<li>Jean-Ren\u00e9 GOURDON, Vice-Pr\u00e9sident<\/li>\n<li>Bruno ESSNER<\/li>\n<li>S\u00e9bastien LAFOND<\/li>\n<li>Pierre MILLET<\/li>\n<li>Pierre VIGUIER<\/li>\n<li>Philippe HERMAN<\/li>\n<\/ul>\n<p>[\/vc_column_text][\/vc_column][\/vc_row]<\/p>\n<\/div>","protected":false},"excerpt":{"rendered":"<p>[vc_row full_width=&#8221;stretch_row_content_no_spaces&#8221; bg_type=&#8221;image&#8221; parallax_style=&#8221;vcpb-default&#8221; bg_image_new=&#8221;id^725|url^https:\/\/www.novadi.fr\/wp-content\/uploads\/2021\/09\/P1000578.jpg|caption^R\u00e9colte Ariane M.PARET Roussillon|alt^null|title^P1000578|description^null&#8221; bg_image_repeat=&#8221;no-repeat&#8221; bg_img_attach=&#8221;fixed&#8221; bg_image_posiiton=&#8221;center center&#8221; bg_override=&#8221;full&#8221; seperator_enable=&#8221;seperator_enable_value&#8221; seperator_type=&#8221;xlarge_triangle_right_seperator&#8221; seperator_position=&#8221;bottom_seperator&#8221; seperator_shape_background=&#8221;#ffffff&#8221; css=&#8221;.vc_custom_1632407135286{margin-top: 0px !important;padding-top: 00px !important;padding-bottom: 00px !important;}&#8221; el_class=&#8221;darkback&#8221;][vc_column&#8230;<\/p>\n","protected":false},"author":1,"featured_media":0,"parent":0,"menu_order":0,"comment_status":"closed","ping_status":"closed","template":"","meta":{"inline_featured_image":false,"footnotes":""},"class_list":["post-1275","page","type-page","status-publish","hentry"],"yoast_head":"<!-- This site is optimized with the Yoast SEO plugin v27.1.1 - https:\/\/yoast.com\/product\/yoast-seo-wordpress\/ -->\n<title>L&#039;\u00e9quipe de Novadi compte une douzaine de professionnels<\/title>\n<meta name=\"description\" content=\"L&#039;\u00e9quipe de Novadi comprend 6 personnes d\u00e9di\u00e9es \u00e0 l&#039;\u00e9dition de pommes, tandis que la gouvernance est pilot\u00e9e par 7 autres professionnels\" \/>\n<meta name=\"robots\" content=\"index, follow, max-snippet:-1, max-image-preview:large, max-video-preview:-1\" \/>\n<link rel=\"canonical\" href=\"https:\/\/www.novadi.fr\/en\/notre-gouvernance\/\" \/>\n<meta property=\"og:locale\" content=\"en_US\" \/>\n<meta property=\"og:type\" content=\"article\" \/>\n<meta property=\"og:title\" content=\"L&#039;\u00e9quipe de Novadi compte une douzaine de professionnels\" \/>\n<meta property=\"og:description\" content=\"L&#039;\u00e9quipe de Novadi comprend 6 personnes d\u00e9di\u00e9es \u00e0 l&#039;\u00e9dition de pommes, tandis que la gouvernance est pilot\u00e9e par 7 autres professionnels\" \/>\n<meta property=\"og:url\" content=\"https:\/\/www.novadi.fr\/en\/notre-gouvernance\/\" \/>\n<meta property=\"og:site_name\" content=\"Novadi\" \/>\n<meta property=\"article:modified_time\" content=\"2026-01-16T10:46:12+00:00\" \/>\n<meta name=\"twitter:card\" content=\"summary_large_image\" \/>\n<meta name=\"twitter:label1\" content=\"Est. reading time\" \/>\n\t<meta name=\"twitter:data1\" content=\"1 minute\" \/>\n<script type=\"application\/ld+json\" class=\"yoast-schema-graph\">{\"@context\":\"https:\/\/schema.org\",\"@graph\":[{\"@type\":\"WebPage\",\"@id\":\"https:\/\/www.novadi.fr\/en\/notre-gouvernance\/\",\"url\":\"https:\/\/www.novadi.fr\/en\/notre-gouvernance\/\",\"name\":\"L'\u00e9quipe de Novadi compte une douzaine de professionnels\",\"isPartOf\":{\"@id\":\"https:\/\/www.novadi.fr\/en\/#website\"},\"datePublished\":\"2021-09-20T05:36:50+00:00\",\"dateModified\":\"2026-01-16T10:46:12+00:00\",\"description\":\"L'\u00e9quipe de Novadi comprend 6 personnes d\u00e9di\u00e9es \u00e0 l'\u00e9dition de pommes, tandis que la gouvernance est pilot\u00e9e par 7 autres professionnels\",\"breadcrumb\":{\"@id\":\"https:\/\/www.novadi.fr\/en\/notre-gouvernance\/#breadcrumb\"},\"inLanguage\":\"en-US\",\"potentialAction\":[{\"@type\":\"ReadAction\",\"target\":[\"https:\/\/www.novadi.fr\/en\/notre-gouvernance\/\"]}]},{\"@type\":\"BreadcrumbList\",\"@id\":\"https:\/\/www.novadi.fr\/en\/notre-gouvernance\/#breadcrumb\",\"itemListElement\":[{\"@type\":\"ListItem\",\"position\":1,\"name\":\"Accueil\",\"item\":\"https:\/\/www.novadi.fr\/en\/\"},{\"@type\":\"ListItem\",\"position\":2,\"name\":\"Our team and management\"}]},{\"@type\":\"WebSite\",\"@id\":\"https:\/\/www.novadi.fr\/en\/#website\",\"url\":\"https:\/\/www.novadi.fr\/en\/\",\"name\":\"Novadi\",\"description\":\"\",\"publisher\":{\"@id\":\"https:\/\/www.novadi.fr\/en\/#organization\"},\"potentialAction\":[{\"@type\":\"SearchAction\",\"target\":{\"@type\":\"EntryPoint\",\"urlTemplate\":\"https:\/\/www.novadi.fr\/en\/?s={search_term_string}\"},\"query-input\":{\"@type\":\"PropertyValueSpecification\",\"valueRequired\":true,\"valueName\":\"search_term_string\"}}],\"inLanguage\":\"en-US\"},{\"@type\":\"Organization\",\"@id\":\"https:\/\/www.novadi.fr\/en\/#organization\",\"name\":\"Novadi\",\"url\":\"https:\/\/www.novadi.fr\/en\/\",\"logo\":{\"@type\":\"ImageObject\",\"inLanguage\":\"en-US\",\"@id\":\"https:\/\/www.novadi.fr\/en\/#\/schema\/logo\/image\/\",\"url\":\"https:\/\/www.novadi.fr\/wp-content\/uploads\/2021\/06\/Logo-novadi-1.png\",\"contentUrl\":\"https:\/\/www.novadi.fr\/wp-content\/uploads\/2021\/06\/Logo-novadi-1.png\",\"width\":1471,\"height\":523,\"caption\":\"Novadi\"},\"image\":{\"@id\":\"https:\/\/www.novadi.fr\/en\/#\/schema\/logo\/image\/\"}}]}<\/script>\n<!-- \/ Yoast SEO plugin. -->","yoast_head_json":{"title":"L'\u00e9quipe de Novadi compte une douzaine de professionnels","description":"L'\u00e9quipe de Novadi comprend 6 personnes d\u00e9di\u00e9es \u00e0 l'\u00e9dition de pommes, tandis que la gouvernance est pilot\u00e9e par 7 autres professionnels","robots":{"index":"index","follow":"follow","max-snippet":"max-snippet:-1","max-image-preview":"max-image-preview:large","max-video-preview":"max-video-preview:-1"},"canonical":"https:\/\/www.novadi.fr\/en\/notre-gouvernance\/","og_locale":"en_US","og_type":"article","og_title":"L'\u00e9quipe de Novadi compte une douzaine de professionnels","og_description":"L'\u00e9quipe de Novadi comprend 6 personnes d\u00e9di\u00e9es \u00e0 l'\u00e9dition de pommes, tandis que la gouvernance est pilot\u00e9e par 7 autres professionnels","og_url":"https:\/\/www.novadi.fr\/en\/notre-gouvernance\/","og_site_name":"Novadi","article_modified_time":"2026-01-16T10:46:12+00:00","twitter_card":"summary_large_image","twitter_misc":{"Est. reading time":"1 minute"},"schema":{"@context":"https:\/\/schema.org","@graph":[{"@type":"WebPage","@id":"https:\/\/www.novadi.fr\/en\/notre-gouvernance\/","url":"https:\/\/www.novadi.fr\/en\/notre-gouvernance\/","name":"L'\u00e9quipe de Novadi compte une douzaine de professionnels","isPartOf":{"@id":"https:\/\/www.novadi.fr\/en\/#website"},"datePublished":"2021-09-20T05:36:50+00:00","dateModified":"2026-01-16T10:46:12+00:00","description":"L'\u00e9quipe de Novadi comprend 6 personnes d\u00e9di\u00e9es \u00e0 l'\u00e9dition de pommes, tandis que la gouvernance est pilot\u00e9e par 7 autres professionnels","breadcrumb":{"@id":"https:\/\/www.novadi.fr\/en\/notre-gouvernance\/#breadcrumb"},"inLanguage":"en-US","potentialAction":[{"@type":"ReadAction","target":["https:\/\/www.novadi.fr\/en\/notre-gouvernance\/"]}]},{"@type":"BreadcrumbList","@id":"https:\/\/www.novadi.fr\/en\/notre-gouvernance\/#breadcrumb","itemListElement":[{"@type":"ListItem","position":1,"name":"Accueil","item":"https:\/\/www.novadi.fr\/en\/"},{"@type":"ListItem","position":2,"name":"Our team and management"}]},{"@type":"WebSite","@id":"https:\/\/www.novadi.fr\/en\/#website","url":"https:\/\/www.novadi.fr\/en\/","name":"Novadi","description":"","publisher":{"@id":"https:\/\/www.novadi.fr\/en\/#organization"},"potentialAction":[{"@type":"SearchAction","target":{"@type":"EntryPoint","urlTemplate":"https:\/\/www.novadi.fr\/en\/?s={search_term_string}"},"query-input":{"@type":"PropertyValueSpecification","valueRequired":true,"valueName":"search_term_string"}}],"inLanguage":"en-US"},{"@type":"Organization","@id":"https:\/\/www.novadi.fr\/en\/#organization","name":"Novadi","url":"https:\/\/www.novadi.fr\/en\/","logo":{"@type":"ImageObject","inLanguage":"en-US","@id":"https:\/\/www.novadi.fr\/en\/#\/schema\/logo\/image\/","url":"https:\/\/www.novadi.fr\/wp-content\/uploads\/2021\/06\/Logo-novadi-1.png","contentUrl":"https:\/\/www.novadi.fr\/wp-content\/uploads\/2021\/06\/Logo-novadi-1.png","width":1471,"height":523,"caption":"Novadi"},"image":{"@id":"https:\/\/www.novadi.fr\/en\/#\/schema\/logo\/image\/"}}]}},"_links":{"self":[{"href":"https:\/\/www.novadi.fr\/en\/wp-json\/wp\/v2\/pages\/1275","targetHints":{"allow":["GET"]}}],"collection":[{"href":"https:\/\/www.novadi.fr\/en\/wp-json\/wp\/v2\/pages"}],"about":[{"href":"https:\/\/www.novadi.fr\/en\/wp-json\/wp\/v2\/types\/page"}],"author":[{"embeddable":true,"href":"https:\/\/www.novadi.fr\/en\/wp-json\/wp\/v2\/users\/1"}],"replies":[{"embeddable":true,"href":"https:\/\/www.novadi.fr\/en\/wp-json\/wp\/v2\/comments?post=1275"}],"version-history":[{"count":20,"href":"https:\/\/www.novadi.fr\/en\/wp-json\/wp\/v2\/pages\/1275\/revisions"}],"predecessor-version":[{"id":1751,"href":"https:\/\/www.novadi.fr\/en\/wp-json\/wp\/v2\/pages\/1275\/revisions\/1751"}],"wp:attachment":[{"href":"https:\/\/www.novadi.fr\/en\/wp-json\/wp\/v2\/media?parent=1275"}],"curies":[{"name":"wp","href":"https:\/\/api.w.org\/{rel}","templated":true}]}}