{"id":1265,"date":"2021-09-20T07:26:03","date_gmt":"2021-09-20T05:26:03","guid":{"rendered":"https:\/\/www.novadi.fr\/nos-metiers\/"},"modified":"2022-01-18T11:10:30","modified_gmt":"2022-01-18T10:10:30","slug":"nos-metiers","status":"publish","type":"page","link":"https:\/\/www.novadi.fr\/en\/nos-metiers\/","title":{"rendered":"Our business"},"content":{"rendered":"<div class=\"wpb-content-wrapper\"><p>[vc_row full_width=&#8221;stretch_row_content_no_spaces&#8221; bg_type=&#8221;image&#8221; parallax_style=&#8221;vcpb-default&#8221; bg_image_new=&#8221;id^678|url^https:\/\/www.novadi.fr\/wp-content\/uploads\/2021\/09\/Verger-hybride.jpg|caption^null|alt^null|title^Verger hybride|description^null&#8221; bg_image_repeat=&#8221;no-repeat&#8221; bg_img_attach=&#8221;fixed&#8221; bg_image_posiiton=&#8221;center center&#8221; bg_override=&#8221;full&#8221; seperator_enable=&#8221;seperator_enable_value&#8221; seperator_type=&#8221;xlarge_triangle_right_seperator&#8221; seperator_position=&#8221;bottom_seperator&#8221; seperator_shape_background=&#8221;#ffffff&#8221; css=&#8221;.vc_custom_1632118998727{margin-top: 0px !important;padding-top: 0px !important;padding-bottom: 0px !important;}&#8221; el_class=&#8221;darkback&#8221;][vc_column css=&#8221;.vc_custom_1632118549991{margin-top: 0px !important;margin-bottom: 0px !important;padding-top: 200px !important;padding-bottom: 200px !important;background-image: url(https:\/\/www.novadi.fr\/wp-content\/uploads\/2021\/09\/calque-atome.png?id=667) !important;background-position: center !important;background-repeat: no-repeat !important;background-size: cover !important;}&#8221;][vc_column_text css=&#8221;.vc_custom_1642500613274{padding-top: 50px !important;padding-bottom: 50px !important;}&#8221;]<\/p>\n<h1 style=\"text-align: center;\">Our business<\/h1>\n<p>[\/vc_column_text][\/vc_column][\/vc_row][vc_row css_animation=&#8221;fadeIn&#8221; bg_type=&#8221;image&#8221; parallax_style=&#8221;vcpb-mlvp-jquery&#8221; layer_image=&#8221;486,488,461&#8243; parallax_sense=&#8221;60&#8243; bg_override=&#8221;ex-full&#8221; enable_overlay=&#8221;enable_overlay_value&#8221; overlay_color=&#8221;rgba(255,255,255,0.92)&#8221;][vc_column width=&#8221;3\/4&#8243;][vc_column_text css=&#8221;.vc_custom_1642500344889{margin-bottom: 0px !important;padding-bottom: 0px !important;}&#8221;]<\/p>\n<h2>Breeding new varieties<\/h2>\n<p>For more than 20 years, NOVADI has been involved in a varietal co-breeding program with INRAE. This breeding program focuses on improving agronomic, organoleptic and commercial qualities, with a strong emphasis on resistance to pests and diseases, based on collaboration with INRAE.<\/p>\n<h3><strong>\u00a0<\/strong>The main selection criteria are as follows:<\/h3>\n<ul>\n<li><strong>Agronomic qualities<\/strong>\n<ul>\n<li>Long-lasting resistance to pests and diseases (scab, powdery mildew, aphids, fire blight, etc.)<\/li>\n<li>Easy to manage, regular in production and rapid fruiting<\/li>\n<li>Adaptation to pedo-climatic context<\/li>\n<\/ul>\n<\/li>\n<li><strong>Organoleptic qualities<\/strong>\n<ul>\n<li>Innovative aromas<\/li>\n<li>Finesse of the flesh<\/li>\n<li>Good sugar\/acid balance<\/li>\n<li>Good juice level<\/li>\n<\/ul>\n<\/li>\n<li><strong>Commercial qualities<\/strong>\n<ul>\n<li>Attractive fruit (size, shape, colour etc.)<\/li>\n<li>Good coverage of the harvest calendar<\/li>\n<li>Long shelf life<\/li>\n<li>Pack-out (high % of fruit in category 1)<\/li>\n<\/ul>\n<\/li>\n<\/ul>\n<p>[\/vc_column_text][vc_column_text css=&#8221;.vc_custom_1642500454657{margin-bottom: 0px !important;padding-bottom: 0px !important;}&#8221;]<\/p>\n<h3>Below is a summary of our classic selection scheme:<\/h3>\n<p style=\"padding-left: 40px;\"><strong>The first step<\/strong> in the breeding program is the creation of several progenies through controlled hybridization between two apple cultivars. These are mainly hybrids of interest with multiple resistances, but also old varieties and recent commercial varieties.<\/p>\n<p style=\"padding-left: 40px;\"><strong>The second step<\/strong> in the breeding program is to carry out a screening against the main apple disease caused by a fungus: scab (Venturia inequalis). For this purpose, the seeds obtained from the controlled hybridizations are stratified, then sown and grown under greenhouses before being inoculated with a scab suspension. The seedlings susceptible to the fungus are eliminated, while the others go on to the next stage.<\/p>\n<p style=\"padding-left: 40px;\"><strong>The third stage<\/strong> of the breeding program consists of a second screening, this time against another fungus: apple powdery mildew (Podosphaera leucotricha). The scab-resistant seedlings are planted in a nursery for one and a half years, during which time the powdery mildew will naturally establish itself. The apple trees with little or no sensitivity will be selected for the next stage.<\/p>\n<p style=\"padding-left: 40px;\"><strong>The fourth stage<\/strong> of the selection program concerns the evaluation of hybrids at the selection at the agronomic, qualitative and aesthetic level in the orchard. Scab-resistant (common races) and powdery mildew-tolerant hybrids are multiplied by grafting to be evaluated on our 5 experimental sites, which are located in the three main apple production basins in France. Our breeders carry out observations on specific criteria over several years and select the best hybrids for the next stage.<\/p>\n<p style=\"padding-left: 40px;\"><strong>The fifth stage<\/strong> of the selection program consists of continuing the observations of the best hybrids in a system close to the production conditions and in the different pedoclimatic contexts of our experimental orchards. This stage is also based at the national level on the variety evaluation system and at the European level via the experimentation networks. Internationally, our partners evaluate the adaptation of the preselections to their different pedoclimatic conditions.<\/p>\n<p>Selection is carried out on each of the criteria presented in the introduction and lasts on average 10 years to ensure the stability of the characteristics observed, whatever the weather conditions of the year.<\/p>\n<p>Once a variety has demonstrated its commercial potential, the work of dissemination begins, which consists of ensuring the development, commercialization and implementation of a marketing strategy adapted to each new variety.[\/vc_column_text][\/vc_column][vc_column width=&#8221;1\/4&#8243;][vc_single_image image=&#8221;629&#8243; img_size=&#8221;full&#8221; alignment=&#8221;center&#8221;][vc_single_image image=&#8221;886&#8243; img_size=&#8221;full&#8221; alignment=&#8221;center&#8221;][vc_single_image image=&#8221;628&#8243; img_size=&#8221;full&#8221; alignment=&#8221;center&#8221;][vc_single_image image=&#8221;883&#8243; img_size=&#8221;full&#8221; alignment=&#8221;center&#8221;][vc_single_image image=&#8221;889&#8243; img_size=&#8221;full&#8221; alignment=&#8221;center&#8221;][\/vc_column][\/vc_row][vc_row css_animation=&#8221;fadeIn&#8221; bg_type=&#8221;image&#8221; parallax_style=&#8221;vcpb-mlvp-jquery&#8221; layer_image=&#8221;486,488,461&#8243; parallax_sense=&#8221;60&#8243; bg_override=&#8221;ex-full&#8221; enable_overlay=&#8221;enable_overlay_value&#8221; overlay_color=&#8221;rgba(255,255,255,0.92)&#8221;][vc_column width=&#8221;3\/4&#8243;][vc_column_text css=&#8221;.vc_custom_1642500566086{margin-bottom: 0px !important;padding-bottom: 0px !important;}&#8221;]<\/p>\n<h2>The management<\/h2>\n<h3>NOVADI achieves the following:<\/h3>\n<ol>\n<li><strong>Protection of varieties<\/strong> through a Plant Breeder Right (PBR) issued by the various plant protection authorities in accordance with the provisions adopted by UPOV in 1961.<br \/>\nThe PBR guarantees the holder control over the propagation of varieties. It also makes it possible to prevent any unlawful arrival of fruits of the varieties on the protected territories. The PBR is therefore an essential tool for the development of a variety.<\/li>\n<li><strong>\u00a0<\/strong><strong>Multiplica<\/strong><strong>tion<\/strong> of the trees by the nurserymen who have obtained the licensing rights for the varieties.<br \/>\nNurseries work closely with CTIFL and other foreign certifiers to produce certified trees that guarantee the varietal authenticity and good health of the trees.<\/li>\n<li><strong>Management <\/strong>of marketing strategy: variety in free distribution, variety in selective distribution network but also via the registration of trademarks contributing to give a strong identity to the varieties.<\/li>\n<li><strong>Promotion <\/strong>of varieties through technical visits, advertising in trade fairs or specialized magazines<\/li>\n<\/ol>\n<p>[\/vc_column_text][\/vc_column][vc_column width=&#8221;1\/4&#8243;][vc_single_image image=&#8221;887&#8243; img_size=&#8221;full&#8221; alignment=&#8221;center&#8221;][\/vc_column][\/vc_row]<\/p>\n<\/div>","protected":false},"excerpt":{"rendered":"<p>[vc_row full_width=&#8221;stretch_row_content_no_spaces&#8221; bg_type=&#8221;image&#8221; parallax_style=&#8221;vcpb-default&#8221; bg_image_new=&#8221;id^678|url^https:\/\/www.novadi.fr\/wp-content\/uploads\/2021\/09\/Verger-hybride.jpg|caption^null|alt^null|title^Verger hybride|description^null&#8221; bg_image_repeat=&#8221;no-repeat&#8221; bg_img_attach=&#8221;fixed&#8221; bg_image_posiiton=&#8221;center center&#8221; bg_override=&#8221;full&#8221; seperator_enable=&#8221;seperator_enable_value&#8221; seperator_type=&#8221;xlarge_triangle_right_seperator&#8221; seperator_position=&#8221;bottom_seperator&#8221; seperator_shape_background=&#8221;#ffffff&#8221; css=&#8221;.vc_custom_1632118998727{margin-top: 0px !important;padding-top: 0px !important;padding-bottom: 0px !important;}&#8221; el_class=&#8221;darkback&#8221;][vc_column css=&#8221;.vc_custom_1632118549991{margin-top: 0px&#8230;<\/p>\n","protected":false},"author":1,"featured_media":0,"parent":0,"menu_order":0,"comment_status":"closed","ping_status":"closed","template":"","meta":{"inline_featured_image":false,"footnotes":""},"class_list":["post-1265","page","type-page","status-publish","hentry"],"yoast_head":"<!-- This site is optimized with the Yoast SEO plugin v27.4 - https:\/\/yoast.com\/product\/yoast-seo-wordpress\/ -->\n<title>Le m\u00e9tier de Novadi est de cr\u00e9er des vari\u00e9t\u00e9s de pommes r\u00e9sistantes.<\/title>\n<meta name=\"description\" content=\"Avec le soutien de l&#039;INRAE, la cr\u00e9ation vari\u00e9tale est ax\u00e9e sur l\u2019am\u00e9lioration des qualit\u00e9s agronomiques, organoleptiques et commerciales.\" \/>\n<meta name=\"robots\" content=\"index, follow, max-snippet:-1, max-image-preview:large, max-video-preview:-1\" \/>\n<link rel=\"canonical\" href=\"https:\/\/www.novadi.fr\/en\/nos-metiers\/\" \/>\n<meta property=\"og:locale\" content=\"en_US\" \/>\n<meta property=\"og:type\" content=\"article\" \/>\n<meta property=\"og:title\" content=\"Le m\u00e9tier de Novadi est de cr\u00e9er des vari\u00e9t\u00e9s de pommes r\u00e9sistantes.\" \/>\n<meta property=\"og:description\" content=\"Avec le soutien de l&#039;INRAE, la cr\u00e9ation vari\u00e9tale est ax\u00e9e sur l\u2019am\u00e9lioration des qualit\u00e9s agronomiques, organoleptiques et commerciales.\" \/>\n<meta property=\"og:url\" content=\"https:\/\/www.novadi.fr\/en\/nos-metiers\/\" \/>\n<meta property=\"og:site_name\" content=\"Novadi\" \/>\n<meta property=\"article:modified_time\" content=\"2022-01-18T10:10:30+00:00\" \/>\n<meta name=\"twitter:card\" content=\"summary_large_image\" \/>\n<meta name=\"twitter:label1\" content=\"Est. reading time\" \/>\n\t<meta name=\"twitter:data1\" content=\"4 minutes\" \/>\n<script type=\"application\/ld+json\" class=\"yoast-schema-graph\">{\"@context\":\"https:\\\/\\\/schema.org\",\"@graph\":[{\"@type\":\"WebPage\",\"@id\":\"https:\\\/\\\/www.novadi.fr\\\/en\\\/nos-metiers\\\/\",\"url\":\"https:\\\/\\\/www.novadi.fr\\\/en\\\/nos-metiers\\\/\",\"name\":\"Le m\u00e9tier de Novadi est de cr\u00e9er des vari\u00e9t\u00e9s de pommes r\u00e9sistantes.\",\"isPartOf\":{\"@id\":\"https:\\\/\\\/www.novadi.fr\\\/en\\\/#website\"},\"datePublished\":\"2021-09-20T05:26:03+00:00\",\"dateModified\":\"2022-01-18T10:10:30+00:00\",\"description\":\"Avec le soutien de l'INRAE, la cr\u00e9ation vari\u00e9tale est ax\u00e9e sur l\u2019am\u00e9lioration des qualit\u00e9s agronomiques, organoleptiques et commerciales.\",\"breadcrumb\":{\"@id\":\"https:\\\/\\\/www.novadi.fr\\\/en\\\/nos-metiers\\\/#breadcrumb\"},\"inLanguage\":\"en-US\",\"potentialAction\":[{\"@type\":\"ReadAction\",\"target\":[\"https:\\\/\\\/www.novadi.fr\\\/en\\\/nos-metiers\\\/\"]}]},{\"@type\":\"BreadcrumbList\",\"@id\":\"https:\\\/\\\/www.novadi.fr\\\/en\\\/nos-metiers\\\/#breadcrumb\",\"itemListElement\":[{\"@type\":\"ListItem\",\"position\":1,\"name\":\"Accueil\",\"item\":\"https:\\\/\\\/www.novadi.fr\\\/en\\\/\"},{\"@type\":\"ListItem\",\"position\":2,\"name\":\"Our business\"}]},{\"@type\":\"WebSite\",\"@id\":\"https:\\\/\\\/www.novadi.fr\\\/en\\\/#website\",\"url\":\"https:\\\/\\\/www.novadi.fr\\\/en\\\/\",\"name\":\"Novadi\",\"description\":\"\",\"publisher\":{\"@id\":\"https:\\\/\\\/www.novadi.fr\\\/en\\\/#organization\"},\"potentialAction\":[{\"@type\":\"SearchAction\",\"target\":{\"@type\":\"EntryPoint\",\"urlTemplate\":\"https:\\\/\\\/www.novadi.fr\\\/en\\\/?s={search_term_string}\"},\"query-input\":{\"@type\":\"PropertyValueSpecification\",\"valueRequired\":true,\"valueName\":\"search_term_string\"}}],\"inLanguage\":\"en-US\"},{\"@type\":\"Organization\",\"@id\":\"https:\\\/\\\/www.novadi.fr\\\/en\\\/#organization\",\"name\":\"Novadi\",\"url\":\"https:\\\/\\\/www.novadi.fr\\\/en\\\/\",\"logo\":{\"@type\":\"ImageObject\",\"inLanguage\":\"en-US\",\"@id\":\"https:\\\/\\\/www.novadi.fr\\\/en\\\/#\\\/schema\\\/logo\\\/image\\\/\",\"url\":\"https:\\\/\\\/www.novadi.fr\\\/wp-content\\\/uploads\\\/2021\\\/06\\\/Logo-novadi-1.png\",\"contentUrl\":\"https:\\\/\\\/www.novadi.fr\\\/wp-content\\\/uploads\\\/2021\\\/06\\\/Logo-novadi-1.png\",\"width\":1471,\"height\":523,\"caption\":\"Novadi\"},\"image\":{\"@id\":\"https:\\\/\\\/www.novadi.fr\\\/en\\\/#\\\/schema\\\/logo\\\/image\\\/\"}}]}<\/script>\n<!-- \/ Yoast SEO plugin. -->","yoast_head_json":{"title":"Le m\u00e9tier de Novadi est de cr\u00e9er des vari\u00e9t\u00e9s de pommes r\u00e9sistantes.","description":"Avec le soutien de l'INRAE, la cr\u00e9ation vari\u00e9tale est ax\u00e9e sur l\u2019am\u00e9lioration des qualit\u00e9s agronomiques, organoleptiques et commerciales.","robots":{"index":"index","follow":"follow","max-snippet":"max-snippet:-1","max-image-preview":"max-image-preview:large","max-video-preview":"max-video-preview:-1"},"canonical":"https:\/\/www.novadi.fr\/en\/nos-metiers\/","og_locale":"en_US","og_type":"article","og_title":"Le m\u00e9tier de Novadi est de cr\u00e9er des vari\u00e9t\u00e9s de pommes r\u00e9sistantes.","og_description":"Avec le soutien de l'INRAE, la cr\u00e9ation vari\u00e9tale est ax\u00e9e sur l\u2019am\u00e9lioration des qualit\u00e9s agronomiques, organoleptiques et commerciales.","og_url":"https:\/\/www.novadi.fr\/en\/nos-metiers\/","og_site_name":"Novadi","article_modified_time":"2022-01-18T10:10:30+00:00","twitter_card":"summary_large_image","twitter_misc":{"Est. reading time":"4 minutes"},"schema":{"@context":"https:\/\/schema.org","@graph":[{"@type":"WebPage","@id":"https:\/\/www.novadi.fr\/en\/nos-metiers\/","url":"https:\/\/www.novadi.fr\/en\/nos-metiers\/","name":"Le m\u00e9tier de Novadi est de cr\u00e9er des vari\u00e9t\u00e9s de pommes r\u00e9sistantes.","isPartOf":{"@id":"https:\/\/www.novadi.fr\/en\/#website"},"datePublished":"2021-09-20T05:26:03+00:00","dateModified":"2022-01-18T10:10:30+00:00","description":"Avec le soutien de l'INRAE, la cr\u00e9ation vari\u00e9tale est ax\u00e9e sur l\u2019am\u00e9lioration des qualit\u00e9s agronomiques, organoleptiques et commerciales.","breadcrumb":{"@id":"https:\/\/www.novadi.fr\/en\/nos-metiers\/#breadcrumb"},"inLanguage":"en-US","potentialAction":[{"@type":"ReadAction","target":["https:\/\/www.novadi.fr\/en\/nos-metiers\/"]}]},{"@type":"BreadcrumbList","@id":"https:\/\/www.novadi.fr\/en\/nos-metiers\/#breadcrumb","itemListElement":[{"@type":"ListItem","position":1,"name":"Accueil","item":"https:\/\/www.novadi.fr\/en\/"},{"@type":"ListItem","position":2,"name":"Our business"}]},{"@type":"WebSite","@id":"https:\/\/www.novadi.fr\/en\/#website","url":"https:\/\/www.novadi.fr\/en\/","name":"Novadi","description":"","publisher":{"@id":"https:\/\/www.novadi.fr\/en\/#organization"},"potentialAction":[{"@type":"SearchAction","target":{"@type":"EntryPoint","urlTemplate":"https:\/\/www.novadi.fr\/en\/?s={search_term_string}"},"query-input":{"@type":"PropertyValueSpecification","valueRequired":true,"valueName":"search_term_string"}}],"inLanguage":"en-US"},{"@type":"Organization","@id":"https:\/\/www.novadi.fr\/en\/#organization","name":"Novadi","url":"https:\/\/www.novadi.fr\/en\/","logo":{"@type":"ImageObject","inLanguage":"en-US","@id":"https:\/\/www.novadi.fr\/en\/#\/schema\/logo\/image\/","url":"https:\/\/www.novadi.fr\/wp-content\/uploads\/2021\/06\/Logo-novadi-1.png","contentUrl":"https:\/\/www.novadi.fr\/wp-content\/uploads\/2021\/06\/Logo-novadi-1.png","width":1471,"height":523,"caption":"Novadi"},"image":{"@id":"https:\/\/www.novadi.fr\/en\/#\/schema\/logo\/image\/"}}]}},"_links":{"self":[{"href":"https:\/\/www.novadi.fr\/en\/wp-json\/wp\/v2\/pages\/1265","targetHints":{"allow":["GET"]}}],"collection":[{"href":"https:\/\/www.novadi.fr\/en\/wp-json\/wp\/v2\/pages"}],"about":[{"href":"https:\/\/www.novadi.fr\/en\/wp-json\/wp\/v2\/types\/page"}],"author":[{"embeddable":true,"href":"https:\/\/www.novadi.fr\/en\/wp-json\/wp\/v2\/users\/1"}],"replies":[{"embeddable":true,"href":"https:\/\/www.novadi.fr\/en\/wp-json\/wp\/v2\/comments?post=1265"}],"version-history":[{"count":3,"href":"https:\/\/www.novadi.fr\/en\/wp-json\/wp\/v2\/pages\/1265\/revisions"}],"predecessor-version":[{"id":1268,"href":"https:\/\/www.novadi.fr\/en\/wp-json\/wp\/v2\/pages\/1265\/revisions\/1268"}],"wp:attachment":[{"href":"https:\/\/www.novadi.fr\/en\/wp-json\/wp\/v2\/media?parent=1265"}],"curies":[{"name":"wp","href":"https:\/\/api.w.org\/{rel}","templated":true}]}}